{"id":91,"date":"2015-09-01T16:58:11","date_gmt":"2015-09-01T16:58:11","guid":{"rendered":"http:\/\/axarquiaonline.com\/?page_id=91"},"modified":"2017-12-11T17:46:37","modified_gmt":"2017-12-11T16:46:37","slug":"velez-malaga","status":"publish","type":"page","link":"https:\/\/axarquiaonline.com\/index.php\/velez-malaga\/","title":{"rendered":"V\u00e9lez-M\u00e1laga"},"content":{"rendered":"<p><a href=\"http:\/\/axarquiaonline.com\/wp-content\/uploads\/2015\/09\/30-Velez-Malaga.gif\"><img loading=\"lazy\" decoding=\"async\" class=\"size-full wp-image-192 alignright\" src=\"http:\/\/axarquiaonline.com\/wp-content\/uploads\/2015\/09\/30-Velez-Malaga.gif\" alt=\"30-Velez-Malaga\" width=\"153\" height=\"153\" \/><\/a><\/p>\n<p style=\"text-align: justify;\">* \u00abGracias sean dadas a Dios, se\u00f1ores, que a tan buena parte nos han conducido, porque si yo no me enga\u00f1o, la tierra que pisamos es la de V\u00e9lez-M\u00e1laga \u00ab. Con esta cita de Miguel de Cervantes entramos en la capital de la Comarca. La gran extensi\u00f3n del t\u00e9rmino municipal de V\u00e9lez y su situaci\u00f3n geogr\u00e1fica, en el centro de la Axarqu\u00eda, as\u00ed como su posici\u00f3n costera, hacen que la variedad de panor\u00e1micas sea grande. El municipio goza pues de un enclave privilegiado, que ya fue apreciado por los pobladores de la Prehistoria, de cuya presencia se han encontrado numerosos restos, as\u00ed como de asentamientos de las diferentes civilizaciones posteriores: griegos, iberos, fenicios, cartagineses, romanos y \u00e1rabes, poniendo fin la ocupaci\u00f3n cristiana.<\/p>\n<p style=\"text-align: justify;\">Como memoria de este pasado se conservan los restos arqueol\u00f3gicos del complejo Toscanos-El Jard\u00edn-Pe\u00f1on del Toro, antiguo \u00bb Mainake \u00ab, ( Almayate ). Ya en el n\u00facleo de V\u00e9lez, la fortaleza y sus murallas atestiguan la importancia de la impronta \u00e1rabe, as\u00ed como el mud\u00e9jar en el origen de algunas construcciones, tales como Santa Mar\u00eda la Mayor, de la \u00e9poca califal, Convento del Carmen, actual teatro municipal, Palacio del Marqu\u00e9s de Beniel, del siglo XVI. De \u00e9pocas posteriores son edificios tan relevantes como el Convento e Iglesia de San Francisco, Iglesia de San Juan, Convento e Iglesia de Las Claras, Convento de las Carmelitas, Hospital de San Juan de Dios, actual residencia de ancianos, y un gran n\u00famero de elementos arquitect\u00f3nicos como fuentes, plazas y capillas exteriores que identifican la ciudad. Junto a ella los numerosos n\u00facleos costeros configuran una totalidad rica y diversa con las hermosas playas de Torre del Mar, Caleta, Mezquitilla, Lagos, Almayate, Benajarafe y Chilches, en el interior el valle de Triana y Trapiche y en los extremos Cajiz y los montes, desde donde algunos n\u00facleos bajaron para asomarse al litoral. Dio esta tierra Aj\u00e1rquicos tan universales como Juan Breva y Mar\u00eda Zambrano.<\/p>\n<p style=\"text-align: justify;\">Actualmente el desafio pricipal que afronta V\u00e9lez-M\u00e1laga es ser la cabeza y motor del desarrollo comarcal, fundamentalmente porque es la capital de la Axarqu\u00eda, en cuanto a situaci\u00f3n, habitantes y riqueza de municipio.<\/p>\n<div id=\"colpueblo\">\n<p><b>Superficie:<\/b><\/p>\n<p>156,36 Km\u00b2.<\/p>\n<p><b>Otras Poblaciones:<\/b><\/p>\n<p>Torre del Mar,<br \/>\nBenajarafe,<br \/>\nTriana,<br \/>\nTrapiche,<br \/>\nAlmayate Bajo,<br \/>\nAlmayate Alto,<br \/>\nCajiz,<br \/>\nChilches,<br \/>\nLagos,<br \/>\nCaleta de V\u00e9lez,<br \/>\nMezquitilla.<\/p>\n<p><b>Habitantes:<\/b><\/p>\n<p>72.842.<\/p>\n<p><b>Fiestas Oficiales:<\/b><\/p>\n<p>26 de Agosto.<br \/>\n27 de Septiembre.<\/p>\n<\/div>\n<div id=\"colpueblo\">\n<p><b>Fiestas Populares:<\/b><\/p>\n<p><b>Mes de Abril:<\/b> Procesiones de Semana Santa. De arraigada tradici\u00f3n y gran importancia por el total de su conjunto, se ha de destacar el gran valor de sus tallas y la belleza de sus itinerarios.<\/p>\n<p><b>21, 22 y 23 de Junio:<\/b> Feria, en Capuchinos.<\/p>\n<p><b>21, 22, 23 y 24 de Junio:<\/b> Feria, en Los Puertas y Triana.<\/p>\n<p><b> Madrugada del 24 de Junio:<\/b> Noche de San Juan. Se celebra especialmente en Chilches, Lagos y Torre del Mar. En Benajarafe se celebra el d\u00eda 22 de Junio.<\/p>\n<p><b>28, 29, y 30 de Junio:<\/b> Feria, en Almayate.<\/p>\n<p><b>6, 7, y 8 de Julio:<\/b> Feria, en Caleta de V\u00e9lez.<\/p>\n<p><b>12, 13, y 14 de Julio:<\/b> Feria, en Benajarafe.<\/p>\n<p><b>15 y 16 de Julio:<\/b> Verbena, en Caleta de V\u00e9lez. Organiza Cofrad\u00eda de Pescadores.<\/p>\n<p><b>15 y 16 de Julio:<\/b> Feria, en Las Melosas, (Torre del Mar).<\/p>\n<p><b>12, 13, 14, 15 y 16 de Julio:<\/b> Veladilla del Carmen, en V\u00e9lez-M\u00e1laga.<\/p>\n<p><b>22, 23, 24, 25 y 26 de Julio:<\/b> Feria de Santiago y Santa Ana, en Torre del Mar.<\/p>\n<p><b>2, 3 y 4 de Agosto:<\/b> Feria, en Chilches y Lagos.<\/p>\n<p><b>7 de Septiembre:<\/b> Noche de las Candelarias, en Lagos.<\/p>\n<p><b>25, 26, 27, 28 y 29 de Septiembre:<\/b> Real Feria de San Miguel, en V\u00e9lez-M\u00e1laga.<\/p>\n<p><b>23 y 24 de Diciembre:<\/b> Fiesta en la Ermita Alta de Almayate.<\/p>\n<p><b>31 de Diciembre:<\/b> Noche de Fin de A\u00f1o, en V\u00e9lez-M\u00e1laga y Torre del Mar.<\/p>\n<p><b><br \/>\nLugares de Inter\u00e9s:<\/b><\/p>\n<p>Restos arqueol\u00f3gicos del conjunto de <b>Toscanos,<\/b> de origen fenicio.<\/p>\n<p><b>Puerta Real de la Villa,<\/b> torre\u00f3n cuadrado de mamposteria y ladrillo, junto a el se encuentra la capilla de la Virgen de los Desamparados.<\/p>\n<p><b>La Fortaleza,<\/b> restos reconstru\u00eddos de una antigua alcazaba \u00e1rabe. En torno a ella, y cercado por las murallas, se encuentra el barrio de La Villa, que, aunque mal conservado, representa la mejor muestra de urbanismo morisco de la ciudad.<\/p>\n<p><b>Fuente de Fern\u00e1ndo VI,<\/b> de m\u00e1rmol completamente tallada, con varios escudos y animales, que fecha su l\u00e1pida central en 1758.<\/p>\n<p><b>Fuente de la Plaza de la Gloria, s. XVI.<\/b><\/p>\n<p><b>Puerta de Antequera,<\/b> una de las cuatro entradas de la originaria ciudad \u00e1rabe.<\/p>\n<p><b>Convento de San Francisco,<\/b> fundado en 1499, en el que destaca la iglesia, de estilo barroco, y el patio mud\u00e9jar.<\/p>\n<p><b>Palacio de los Marqueses de Beniel, finales del s. XVI,<\/b> combina la t\u00e9cnica mud\u00e9jar y el estilo renacentista.<\/p>\n<p><b>Casas Solariegas.<\/b><\/p>\n<p><b>Casa de Cervantes, s. XVI,<\/b> en ella se hosped\u00f3 Cervantes.<\/p>\n<p><b>Casa del Mercader, s. XVII,<\/b> Actualmente de propiedad privada.<\/p>\n<p><b>Casa de Los Madrile\u00f1os, s. XVIII,<\/b> actualmente Casa Consistorial.<\/p>\n<p><b>Hospital de San Marcos,<\/b> fundado por los Reyes Cat\u00f3licos, fue Corral de Comedias durante el S. XVII, en la actualidad es un asilo de ancianos.<\/p>\n<p><b>Santa Mar\u00eda,<\/b> edifico de estilo g\u00f3tico-mud\u00e9jar, asentado sobre la antigua mezquita, es de especial inter\u00e9s el retablo del Altar Mayor.<\/p>\n<p><b>Parroquia de San Juan, s. XVI,<\/b> ampliada y reformada en numerosas ocasiones.<\/p>\n<p><b>Convento de las Carmelitas, s. XVII,<\/b> da su nombre a la plaza.<\/p>\n<p><b>Convento de Las Claras,<\/b> fundado en 1503, y reconstru\u00eddo posteriormente, su estilo corresponde a un barroco tard\u00edo con ornamentaci\u00f3n rococ\u00f3.<\/p>\n<p><b>Ermita de la Virgen de la Cabeza, s. XVII,<\/b> (del cementerio).<\/p>\n<p><b>Ermita de Ntra. Sra. de los Remedios, s. XVII,<\/b> su interior est\u00e1 decorado con murales del pintor vele\u00f1o Evaristo Guerra.<\/p>\n<p><b>Ermita de San Sebasti\u00e1n,<\/b> se conservan escasos restos.<\/p>\n<p><b>Capilla de Ntra. Sra. de la Piedad, s. XVIII,<\/b> capilla callejera.<\/p>\n<p><b> Teatro del Carmen,<\/b> antigua iglesia de S. Jos\u00e9 de la Soledad.<\/p>\n<p>&nbsp;<\/p>\n<p><a href=\"http:\/\/axarquiaonline.com\/index.php\/totalan\/\">Anterior pueblo&#8230;<\/a><br \/>\n<a href=\"http:\/\/axarquiaonline.com\/index.php\/la-vinuela\/\">Siguiente pueblo&#8230;<\/a><\/p>\n<\/div>\n","protected":false},"excerpt":{"rendered":"<p>* \u00abGracias sean dadas a Dios, se\u00f1ores, que a tan buena parte nos han conducido, porque si yo no me enga\u00f1o, la tierra que pisamos es la de V\u00e9lez-M\u00e1laga \u00ab. Con esta cita de Miguel de Cervantes entramos en la capital de la Comarca. La gran extensi\u00f3n del t\u00e9rmino municipal de V\u00e9lez y su situaci\u00f3n &#8230; <a title=\"V\u00e9lez-M\u00e1laga\" class=\"read-more\" href=\"https:\/\/axarquiaonline.com\/index.php\/velez-malaga\/\" aria-label=\"Leer m\u00e1s sobre V\u00e9lez-M\u00e1laga\">Leer m\u00e1s<\/a><\/p>\n","protected":false},"author":1,"featured_media":0,"parent":0,"menu_order":0,"comment_status":"closed","ping_status":"closed","template":"","meta":{"_seopress_robots_primary_cat":"","_seopress_titles_title":"","_seopress_titles_desc":"","_seopress_robots_index":"","_exactmetrics_skip_tracking":false,"_exactmetrics_sitenote_active":false,"_exactmetrics_sitenote_note":"","_exactmetrics_sitenote_category":0,"footnotes":""},"class_list":["post-91","page","type-page","status-publish"],"_links":{"self":[{"href":"https:\/\/axarquiaonline.com\/index.php\/wp-json\/wp\/v2\/pages\/91","targetHints":{"allow":["GET"]}}],"collection":[{"href":"https:\/\/axarquiaonline.com\/index.php\/wp-json\/wp\/v2\/pages"}],"about":[{"href":"https:\/\/axarquiaonline.com\/index.php\/wp-json\/wp\/v2\/types\/page"}],"author":[{"embeddable":true,"href":"https:\/\/axarquiaonline.com\/index.php\/wp-json\/wp\/v2\/users\/1"}],"replies":[{"embeddable":true,"href":"https:\/\/axarquiaonline.com\/index.php\/wp-json\/wp\/v2\/comments?post=91"}],"version-history":[{"count":6,"href":"https:\/\/axarquiaonline.com\/index.php\/wp-json\/wp\/v2\/pages\/91\/revisions"}],"predecessor-version":[{"id":1997,"href":"https:\/\/axarquiaonline.com\/index.php\/wp-json\/wp\/v2\/pages\/91\/revisions\/1997"}],"wp:attachment":[{"href":"https:\/\/axarquiaonline.com\/index.php\/wp-json\/wp\/v2\/media?parent=91"}],"curies":[{"name":"wp","href":"https:\/\/api.w.org\/{rel}","templated":true}]}}