{"id":89,"date":"2015-09-01T16:57:40","date_gmt":"2015-09-01T16:57:40","guid":{"rendered":"http:\/\/axarquiaonline.com\/?page_id=89"},"modified":"2015-09-01T18:14:33","modified_gmt":"2015-09-01T18:14:33","slug":"totalan","status":"publish","type":"page","link":"https:\/\/axarquiaonline.com\/index.php\/totalan\/","title":{"rendered":"Total\u00e1n"},"content":{"rendered":"<p><a href=\"http:\/\/axarquiaonline.com\/wp-content\/uploads\/2015\/09\/29-Totalan.gif\"><img loading=\"lazy\" decoding=\"async\" class=\"size-full wp-image-189 alignright\" src=\"http:\/\/axarquiaonline.com\/wp-content\/uploads\/2015\/09\/29-Totalan.gif\" alt=\"29-Totalan\" width=\"153\" height=\"153\" \/><\/a><\/p>\n<p style=\"text-align: justify;\">* Sobre una peque\u00f1a loma, situada en el centro de un valle, se extiende el pueblo de Total\u00e1n, fronterizo entre la Axarqu\u00eda y el municipio de M\u00e1laga, escondido de todas las tierras del entorno. Y escondido tambi\u00e9n de las historia, de la que apenas se conocen datos. Su principal atractivo es su paisaje, sus calles blancas, estrechas y empinadas, que se funden, en un acto de singular mimetismo, con el entorno.<\/p>\n<div id=\"colpueblo\">\n<p><b>Superficie:<\/b><\/p>\n<p>9,30 Km\u00b2.<\/p>\n<p><b>Otras Poblaciones:<\/b><\/p>\n<p>Los Castillos.<\/p>\n<p><b>Habitantes:<\/b><\/p>\n<p>699.<\/p>\n<p><b>Fiestas Oficiales:<\/b><\/p>\n<p>24 de Mayo.<br \/>\n3 de Junio.<\/p>\n<\/div>\n<div id=\"colpueblo\">\n<p><b>Fiestas Populares:<\/b><\/p>\n<p><b>19 de Mayo:<\/b> Romer\u00eda de San Isidro.<\/p>\n<p><b>\u00daltimo fin de semana de Agosto:<\/b> Fiesta de la Pasa.<\/p>\n<p><b>31 de Mayo, 1 y 2 de Junio:<\/b> Feria y Fiestas Patronales.<\/p>\n<p><b><br \/>\nLugares de Inter\u00e9s:<\/b><\/p>\n<p><b>Parroquia de Santa Ana, s. XVI.<\/b><\/p>\n<p><a href=\"http:\/\/axarquiaonline.com\/index.php\/torrox\/\">Anterior pueblo&#8230;<\/a><br \/>\n<a href=\"http:\/\/axarquiaonline.com\/index.php\/velez-malaga\/\">Siguiente pueblo&#8230;<\/a><\/p>\n<\/div>\n","protected":false},"excerpt":{"rendered":"<p>* Sobre una peque\u00f1a loma, situada en el centro de un valle, se extiende el pueblo de Total\u00e1n, fronterizo entre la Axarqu\u00eda y el municipio de M\u00e1laga, escondido de todas las tierras del entorno. Y escondido tambi\u00e9n de las historia, de la que apenas se conocen datos. Su principal atractivo es su paisaje, sus calles &#8230; <a title=\"Total\u00e1n\" class=\"read-more\" href=\"https:\/\/axarquiaonline.com\/index.php\/totalan\/\" aria-label=\"Leer m\u00e1s sobre Total\u00e1n\">Leer m\u00e1s<\/a><\/p>\n","protected":false},"author":1,"featured_media":0,"parent":0,"menu_order":0,"comment_status":"closed","ping_status":"closed","template":"","meta":{"_seopress_robots_primary_cat":"","_seopress_titles_title":"","_seopress_titles_desc":"","_seopress_robots_index":"","_seopress_analysis_target_kw":"","_exactmetrics_skip_tracking":false,"_exactmetrics_sitenote_active":false,"_exactmetrics_sitenote_note":"","_exactmetrics_sitenote_category":0,"footnotes":""},"class_list":["post-89","page","type-page","status-publish"],"_links":{"self":[{"href":"https:\/\/axarquiaonline.com\/index.php\/wp-json\/wp\/v2\/pages\/89","targetHints":{"allow":["GET"]}}],"collection":[{"href":"https:\/\/axarquiaonline.com\/index.php\/wp-json\/wp\/v2\/pages"}],"about":[{"href":"https:\/\/axarquiaonline.com\/index.php\/wp-json\/wp\/v2\/types\/page"}],"author":[{"embeddable":true,"href":"https:\/\/axarquiaonline.com\/index.php\/wp-json\/wp\/v2\/users\/1"}],"replies":[{"embeddable":true,"href":"https:\/\/axarquiaonline.com\/index.php\/wp-json\/wp\/v2\/comments?post=89"}],"version-history":[{"count":3,"href":"https:\/\/axarquiaonline.com\/index.php\/wp-json\/wp\/v2\/pages\/89\/revisions"}],"predecessor-version":[{"id":191,"href":"https:\/\/axarquiaonline.com\/index.php\/wp-json\/wp\/v2\/pages\/89\/revisions\/191"}],"wp:attachment":[{"href":"https:\/\/axarquiaonline.com\/index.php\/wp-json\/wp\/v2\/media?parent=89"}],"curies":[{"name":"wp","href":"https:\/\/api.w.org\/{rel}","templated":true}]}}