{"id":79,"date":"2015-09-01T16:56:47","date_gmt":"2015-09-01T16:56:47","guid":{"rendered":"http:\/\/axarquiaonline.com\/?page_id=79"},"modified":"2015-09-01T18:05:40","modified_gmt":"2015-09-01T18:05:40","slug":"riogordo","status":"publish","type":"page","link":"https:\/\/axarquiaonline.com\/index.php\/riogordo\/","title":{"rendered":"Riogordo"},"content":{"rendered":"<p><a href=\"http:\/\/axarquiaonline.com\/wp-content\/uploads\/2015\/09\/24-Riogordo1.gif\"><img loading=\"lazy\" decoding=\"async\" class=\"size-full wp-image-174 alignright\" src=\"http:\/\/axarquiaonline.com\/wp-content\/uploads\/2015\/09\/24-Riogordo1.gif\" alt=\"24-Riogordo\" width=\"153\" height=\"153\" \/><\/a><\/p>\n<p style=\"text-align: justify;\">* Internacionalmente conocido por su representaci\u00f3n en \u00bb vivo \u00bb de la Pasi\u00f3n de Cristo, popularmente denominada el Paso, congrega a un numeroso p\u00f1ublico cada Viernes y S\u00e1bado Santo. Tambi\u00e9n de gran inter\u00e9s, por su tradici\u00f3n, la Feria de Ganado. De merecida fama son, igualmente, sus aceite virgen de oliva y algunos frutos, como el melocot\u00f3n, pudi\u00e9dose adquirir en las diversas cooperativas existentes.<\/p>\n<div id=\"colpueblo\">\n<p><b>Superficie:<\/b><\/p>\n<p>40,56 Km\u00b2.<\/p>\n<p><b>Otras Poblaciones:<\/b><\/p>\n<p>No tiene.<\/p>\n<p><b>Habitantes:<\/b><\/p>\n<p>2.947.<\/p>\n<p><b>Fiestas Oficiales:<\/b><\/p>\n<p>27 de Mayo.<br \/>\n17 de Agosto.<\/p>\n<\/div>\n<div id=\"colpueblo\">\n<p><b>Fiestas Populares:<\/b><\/p>\n<p><b>6 y 7 de Abril:<\/b><i> El Paso,<\/i> (escenificaci\u00f3n popular de la muerte y resurrecci\u00f3n de Jesucristo).<\/p>\n<p><b>27, 28, y 29 de Mayo:<\/b> Fiestas Patronales.<\/p>\n<p>14 de Agosto: Festival Flamenco \u00ab<i>R\u00edo del Cante<\/i>\u00ab.<\/p>\n<p><b>15, 16, 17 y 18 de Agosto:<\/b> Feria.<\/p>\n<p><b><br \/>\nLugares de Inter\u00e9s:<\/b><\/p>\n<p><b>Restos del Castillo de Aute.<\/b><\/p>\n<p><b>Parroquia Ntra. Sra. de Gracia,<\/b> la parte principal data del s. XVI.<\/p>\n<p><b>Ermita de Jes\u00fas El Nazareno,<\/b> con un interesante camer\u00edn del s. XVIII.<\/p>\n<p><b>Trece hornacinas,<\/b> datando algunas del s. XVI.<\/p>\n<p><a href=\"http:\/\/axarquiaonline.com\/index.php\/rincon-de-la-victoria\/\">Anterior pueblo&#8230;<\/a><br \/>\n<a href=\"http:\/\/axarquiaonline.com\/index.php\/salares\/\">Siguiente pueblo&#8230;<\/a><\/p>\n<\/div>\n","protected":false},"excerpt":{"rendered":"<p>* Internacionalmente conocido por su representaci\u00f3n en \u00bb vivo \u00bb de la Pasi\u00f3n de Cristo, popularmente denominada el Paso, congrega a un numeroso p\u00f1ublico cada Viernes y S\u00e1bado Santo. Tambi\u00e9n de gran inter\u00e9s, por su tradici\u00f3n, la Feria de Ganado. De merecida fama son, igualmente, sus aceite virgen de oliva y algunos frutos, como el &#8230; <a title=\"Riogordo\" class=\"read-more\" href=\"https:\/\/axarquiaonline.com\/index.php\/riogordo\/\" aria-label=\"Leer m\u00e1s sobre Riogordo\">Leer m\u00e1s<\/a><\/p>\n","protected":false},"author":1,"featured_media":0,"parent":0,"menu_order":0,"comment_status":"closed","ping_status":"closed","template":"","meta":{"_seopress_robots_primary_cat":"","_seopress_titles_title":"","_seopress_titles_desc":"","_seopress_robots_index":"","_exactmetrics_skip_tracking":false,"_exactmetrics_sitenote_active":false,"_exactmetrics_sitenote_note":"","_exactmetrics_sitenote_category":0,"footnotes":""},"class_list":["post-79","page","type-page","status-publish"],"_links":{"self":[{"href":"https:\/\/axarquiaonline.com\/index.php\/wp-json\/wp\/v2\/pages\/79","targetHints":{"allow":["GET"]}}],"collection":[{"href":"https:\/\/axarquiaonline.com\/index.php\/wp-json\/wp\/v2\/pages"}],"about":[{"href":"https:\/\/axarquiaonline.com\/index.php\/wp-json\/wp\/v2\/types\/page"}],"author":[{"embeddable":true,"href":"https:\/\/axarquiaonline.com\/index.php\/wp-json\/wp\/v2\/users\/1"}],"replies":[{"embeddable":true,"href":"https:\/\/axarquiaonline.com\/index.php\/wp-json\/wp\/v2\/comments?post=79"}],"version-history":[{"count":3,"href":"https:\/\/axarquiaonline.com\/index.php\/wp-json\/wp\/v2\/pages\/79\/revisions"}],"predecessor-version":[{"id":176,"href":"https:\/\/axarquiaonline.com\/index.php\/wp-json\/wp\/v2\/pages\/79\/revisions\/176"}],"wp:attachment":[{"href":"https:\/\/axarquiaonline.com\/index.php\/wp-json\/wp\/v2\/media?parent=79"}],"curies":[{"name":"wp","href":"https:\/\/api.w.org\/{rel}","templated":true}]}}