{"id":77,"date":"2015-09-01T16:56:36","date_gmt":"2015-09-01T16:56:36","guid":{"rendered":"http:\/\/axarquiaonline.com\/?page_id=77"},"modified":"2015-09-01T18:03:49","modified_gmt":"2015-09-01T18:03:49","slug":"rincon-de-la-victoria","status":"publish","type":"page","link":"https:\/\/axarquiaonline.com\/index.php\/rincon-de-la-victoria\/","title":{"rendered":"Rinc\u00f3n de la Victoria"},"content":{"rendered":"<p><a href=\"http:\/\/axarquiaonline.com\/wp-content\/uploads\/2015\/09\/24-Riogordo.gif\"><img loading=\"lazy\" decoding=\"async\" class=\"size-full wp-image-171 alignright\" src=\"http:\/\/axarquiaonline.com\/wp-content\/uploads\/2015\/09\/24-Riogordo.gif\" alt=\"24-Riogordo\" width=\"153\" height=\"153\" \/><\/a><\/p>\n<p style=\"text-align: justify;\">* De origen primitivo, como as\u00ed lo atestiguan los restos prehist\u00f3ricos hallados en sus alrededores, fue denominada \u00bb Bezmiliana \u00bb por los \u00e1rabes, conserv\u00e1ndose, a\u00fan, restos de la antigua fortaleza, actualmente convertida en una interesante sala de exposiciones. Actualmente es un n\u00facleo tur\u00edstico de gran importancia gracias a sus amplias y cuidadas playas. Conserva en Benagalb\u00f3n la memoria de su historia.<\/p>\n<div id=\"colpueblo\">\n<p><b>Superficie:<\/b><\/p>\n<p>27,51 Km\u00b2.<\/p>\n<p><b>Otras Poblaciones:<\/b><\/p>\n<p>Benagalb\u00f3n,<br \/>\nLa Cala del Moral,<br \/>\nTorre de Benagalb\u00f3n,<br \/>\nAguirre,<br \/>\nLos Millanes.<\/p>\n<p><b>Habitantes:<\/b><\/p>\n<p>31.996.<\/p>\n<p><b>Fiestas Oficiales:<\/b><\/p>\n<p>16 de Julio.<br \/>\n7 de Octubre.<\/p>\n<\/div>\n<div id=\"colpueblo\">\n<p><b>Fiestas Populares:<\/b><\/p>\n<p><b>29 de Junio:<\/b> Fiestas, (Torre de Benagalb\u00f3n).<\/p>\n<p><b>3 de Julio:<\/b> Feria y Fiestas en honor de la Virgen del Carmen, (La Cala del Moral).<\/p>\n<p><b>16 de Julio:<\/b> Feria y Fiestas de la Virgen del Carmen.<\/p>\n<p><b><br \/>\nLugares de Inter\u00e9s:<\/b><\/p>\n<p><b>La Casa Fuerte Bezmiliana, s. XVIII,<\/b> actualmente es una sala de exposiciones.<\/p>\n<p><b>Las Torres Almenaras<\/b> de El Cantal y de Torre de Benagalb\u00f3n.<\/p>\n<p><b>Cueva del Tesoro<\/b> o <b>Cueva del Higuer\u00f3n,<\/b> formaci\u00f3n calc\u00e1rea de origen marino.<\/p>\n<p><a href=\"http:\/\/axarquiaonline.com\/index.php\/periana\/\">Anterior pueblo&#8230;<\/a><br \/>\n<a href=\"http:\/\/axarquiaonline.com\/index.php\/riogordo\/\">Siguiente pueblo&#8230;<\/a><\/p>\n<\/div>\n","protected":false},"excerpt":{"rendered":"<p>* De origen primitivo, como as\u00ed lo atestiguan los restos prehist\u00f3ricos hallados en sus alrededores, fue denominada \u00bb Bezmiliana \u00bb por los \u00e1rabes, conserv\u00e1ndose, a\u00fan, restos de la antigua fortaleza, actualmente convertida en una interesante sala de exposiciones. Actualmente es un n\u00facleo tur\u00edstico de gran importancia gracias a sus amplias y cuidadas playas. Conserva en &#8230; <a title=\"Rinc\u00f3n de la Victoria\" class=\"read-more\" href=\"https:\/\/axarquiaonline.com\/index.php\/rincon-de-la-victoria\/\" aria-label=\"Leer m\u00e1s sobre Rinc\u00f3n de la Victoria\">Leer m\u00e1s<\/a><\/p>\n","protected":false},"author":1,"featured_media":0,"parent":0,"menu_order":0,"comment_status":"closed","ping_status":"closed","template":"","meta":{"_seopress_robots_primary_cat":"","_seopress_titles_title":"","_seopress_titles_desc":"","_seopress_robots_index":"","_exactmetrics_skip_tracking":false,"_exactmetrics_sitenote_active":false,"_exactmetrics_sitenote_note":"","_exactmetrics_sitenote_category":0,"footnotes":""},"class_list":["post-77","page","type-page","status-publish"],"_links":{"self":[{"href":"https:\/\/axarquiaonline.com\/index.php\/wp-json\/wp\/v2\/pages\/77","targetHints":{"allow":["GET"]}}],"collection":[{"href":"https:\/\/axarquiaonline.com\/index.php\/wp-json\/wp\/v2\/pages"}],"about":[{"href":"https:\/\/axarquiaonline.com\/index.php\/wp-json\/wp\/v2\/types\/page"}],"author":[{"embeddable":true,"href":"https:\/\/axarquiaonline.com\/index.php\/wp-json\/wp\/v2\/users\/1"}],"replies":[{"embeddable":true,"href":"https:\/\/axarquiaonline.com\/index.php\/wp-json\/wp\/v2\/comments?post=77"}],"version-history":[{"count":4,"href":"https:\/\/axarquiaonline.com\/index.php\/wp-json\/wp\/v2\/pages\/77\/revisions"}],"predecessor-version":[{"id":173,"href":"https:\/\/axarquiaonline.com\/index.php\/wp-json\/wp\/v2\/pages\/77\/revisions\/173"}],"wp:attachment":[{"href":"https:\/\/axarquiaonline.com\/index.php\/wp-json\/wp\/v2\/media?parent=77"}],"curies":[{"name":"wp","href":"https:\/\/api.w.org\/{rel}","templated":true}]}}