{"id":73,"date":"2015-09-01T16:56:15","date_gmt":"2015-09-01T16:56:15","guid":{"rendered":"http:\/\/axarquiaonline.com\/?page_id=73"},"modified":"2015-09-01T17:57:18","modified_gmt":"2015-09-01T17:57:18","slug":"nerja","status":"publish","type":"page","link":"https:\/\/axarquiaonline.com\/index.php\/nerja\/","title":{"rendered":"Nerja"},"content":{"rendered":"<p><a href=\"http:\/\/axarquiaonline.com\/wp-content\/uploads\/2015\/09\/21-Nerja.gif\"><img loading=\"lazy\" decoding=\"async\" class=\"size-full wp-image-164 alignright\" src=\"http:\/\/axarquiaonline.com\/wp-content\/uploads\/2015\/09\/21-Nerja.gif\" alt=\"21-Nerja\" width=\"153\" height=\"153\" \/><\/a><\/p>\n<p style=\"text-align: justify;\">* En ella se dan cita el mar y la monta\u00f1a, configurando un paisaje costero \u00fanico: los Acantilados de Maro. Su singularidad les ha merecido la declaraci\u00f3n de espacio natural protegido como Paraje Natural. En su interior Nerja nos ofrece calles de terrazas y ambiente cosmopolita, donde se vive el sosiego de una ciudad para\u00edso del turismo. Es inolvidable la visita a las Cuevas, bautizadas como Catedral de la Prehistoria, y el no menos conocido Balc\u00f3n de Europa, espl\u00e9ndido mirador al Mediterr\u00e1neo.<\/p>\n<div id=\"colpueblo\">\n<p><b>Superficie:<\/b><\/p>\n<p>84,4 Km\u00b2.<\/p>\n<p><b>Otras Poblaciones:<\/b><\/p>\n<p>Maro,<br \/>\nR\u00edo de la Miel,<br \/>\nCantarrij\u00e1n,<br \/>\nLos Cortijillos.<\/p>\n<p><b>Habitantes:<\/b><\/p>\n<p>19.496.<\/p>\n<p><b>Fiestas Oficiales:<\/b><\/p>\n<p>15 de Mayo.<br \/>\n10 de Octubre.<\/p>\n<\/div>\n<div id=\"colpueblo\">\n<p><b>Fiestas Populares:<\/b><\/p>\n<p><b>24 de Junio:<\/b> Fiestas de San Juan.<\/p>\n<p><b>1 al 15 de Julio:<\/b> Festival de la Cueva de Nerja.<\/p>\n<p><b>16 de Julio:<\/b> Fiesta de la Virgen del Carmen.<\/p>\n<p><b>9, 10, 11, 12, y 13 de Octubre:<\/b> Feria y Fiestas.<\/p>\n<p><b><br \/>\nLugares de Inter\u00e9s:<\/b><\/p>\n<p>A la entrada del pueblo el grupo escultorico <b>\u00abEl Rapto de Europa\u00bb<\/b> de Aurelio Teno.<\/p>\n<p><b>El Balc\u00f3n de Europa,<\/b> plaza-mirador constru\u00eddo sobre un enclave rocoso que sobresale al mar.<\/p>\n<p><b>Las Cuevas de Nerja,<\/b> Catedral de la Prehistoria, Monumento Hist\u00f3rico Art\u00edstico Nacional.<\/p>\n<p><b>El Acueducto del \u00c1guila, s. XIX.<\/b><\/p>\n<p>Cinco <b>Torres Almenaras.<\/b><\/p>\n<p>En Maro la <b>Parroquia de Nuestra Se\u00f1ora de las Maravillas, s. XVIII,<\/b> g\u00f3tico-mud\u00e9jar.<\/p>\n<p><a href=\"http:\/\/axarquiaonline.com\/index.php\/moclinejo\/\">Anterior pueblo&#8230;<\/a><br \/>\n<a href=\"http:\/\/axarquiaonline.com\/index.php\/periana\/\">Siguiente pueblo&#8230;<\/a><\/p>\n<\/div>\n","protected":false},"excerpt":{"rendered":"<p>* En ella se dan cita el mar y la monta\u00f1a, configurando un paisaje costero \u00fanico: los Acantilados de Maro. Su singularidad les ha merecido la declaraci\u00f3n de espacio natural protegido como Paraje Natural. En su interior Nerja nos ofrece calles de terrazas y ambiente cosmopolita, donde se vive el sosiego de una ciudad para\u00edso &#8230; <a title=\"Nerja\" class=\"read-more\" href=\"https:\/\/axarquiaonline.com\/index.php\/nerja\/\" aria-label=\"Leer m\u00e1s sobre Nerja\">Leer m\u00e1s<\/a><\/p>\n","protected":false},"author":1,"featured_media":0,"parent":0,"menu_order":0,"comment_status":"closed","ping_status":"closed","template":"","meta":{"_seopress_robots_primary_cat":"","_seopress_titles_title":"","_seopress_titles_desc":"","_seopress_robots_index":"","_exactmetrics_skip_tracking":false,"_exactmetrics_sitenote_active":false,"_exactmetrics_sitenote_note":"","_exactmetrics_sitenote_category":0,"footnotes":""},"class_list":["post-73","page","type-page","status-publish"],"_links":{"self":[{"href":"https:\/\/axarquiaonline.com\/index.php\/wp-json\/wp\/v2\/pages\/73","targetHints":{"allow":["GET"]}}],"collection":[{"href":"https:\/\/axarquiaonline.com\/index.php\/wp-json\/wp\/v2\/pages"}],"about":[{"href":"https:\/\/axarquiaonline.com\/index.php\/wp-json\/wp\/v2\/types\/page"}],"author":[{"embeddable":true,"href":"https:\/\/axarquiaonline.com\/index.php\/wp-json\/wp\/v2\/users\/1"}],"replies":[{"embeddable":true,"href":"https:\/\/axarquiaonline.com\/index.php\/wp-json\/wp\/v2\/comments?post=73"}],"version-history":[{"count":3,"href":"https:\/\/axarquiaonline.com\/index.php\/wp-json\/wp\/v2\/pages\/73\/revisions"}],"predecessor-version":[{"id":166,"href":"https:\/\/axarquiaonline.com\/index.php\/wp-json\/wp\/v2\/pages\/73\/revisions\/166"}],"wp:attachment":[{"href":"https:\/\/axarquiaonline.com\/index.php\/wp-json\/wp\/v2\/media?parent=73"}],"curies":[{"name":"wp","href":"https:\/\/api.w.org\/{rel}","templated":true}]}}