{"id":71,"date":"2015-09-01T16:56:07","date_gmt":"2015-09-01T16:56:07","guid":{"rendered":"http:\/\/axarquiaonline.com\/?page_id=71"},"modified":"2016-11-03T11:29:51","modified_gmt":"2016-11-03T11:29:51","slug":"moclinejo","status":"publish","type":"page","link":"https:\/\/axarquiaonline.com\/index.php\/moclinejo\/","title":{"rendered":"Moclinejo"},"content":{"rendered":"<p><a href=\"http:\/\/axarquiaonline.com\/wp-content\/uploads\/2015\/09\/20-Moclinejo.gif\"><img loading=\"lazy\" decoding=\"async\" class=\"size-full wp-image-161 alignright\" src=\"http:\/\/axarquiaonline.com\/wp-content\/uploads\/2015\/09\/20-Moclinejo.gif\" alt=\"20-Moclinejo\" width=\"153\" height=\"153\" \/><\/a><\/p>\n<p style=\"text-align: justify;\">* El pueblo de Moclinejo asienta sus casas en una peque\u00f1a loma del cerro de Piedras Blancas, abierta al valle del r\u00edo Benagalb\u00f3n. Su entorno es de lomas abarrancadas cubiertas, en su mayor parte, de olivos, almendros y vi\u00f1edos. El pueblo ofrece una bonita estampa cuando se contempla desde la carretera que sube desde la costa y serpentea en sus proximidades. Los tejados de sus casas subrayan el blanco escalonado de sus calles, que resaltan los verdes y dorados de sus antiqu\u00edsimas siembras.<\/p>\n<div id=\"colpueblo\">\n<p><b>Superficie:<\/b><\/p>\n<p>14,75 Km\u00b2.<\/p>\n<p><b>Otras Poblaciones:<\/b><\/p>\n<p>El Vald\u00e9s.<\/p>\n<p><b>Habitantes:<\/b><\/p>\n<p>1.194.<\/p>\n<p><b>Fiestas Oficiales:<\/b><\/p>\n<p>26 de Julio.<br \/>\n24 de Agosto.<\/p>\n<\/div>\n<div id=\"colpueblo\">\n<p><b>Fiestas Populares:<\/b><\/p>\n<p><b>23, 24 y 25 de Agosto:<\/b> Feria.<br \/>\nEn El Vald\u00e9s, feria el pen\u00faltimo fin de semana de julio.<\/p>\n<p><b><br \/>\nLugares de Inter\u00e9s:<\/b><\/p>\n<p><b>Parroquia de Santa Mar\u00eda, del s. XVI,<\/b> con reformas del s. XVII. Ha sufrido obras en \u00e9poca reciente.<\/p>\n<p><a href=\"http:\/\/axarquiaonline.com\/index.php\/macharaviaya\/\">Anterior pueblo&#8230;<\/a><br \/>\n<a href=\"http:\/\/axarquiaonline.com\/index.php\/nerja\/\">Siguiente pueblo&#8230;<\/a><\/p>\n<\/div>\n","protected":false},"excerpt":{"rendered":"<p>* El pueblo de Moclinejo asienta sus casas en una peque\u00f1a loma del cerro de Piedras Blancas, abierta al valle del r\u00edo Benagalb\u00f3n. Su entorno es de lomas abarrancadas cubiertas, en su mayor parte, de olivos, almendros y vi\u00f1edos. El pueblo ofrece una bonita estampa cuando se contempla desde la carretera que sube desde la &#8230; <a title=\"Moclinejo\" class=\"read-more\" href=\"https:\/\/axarquiaonline.com\/index.php\/moclinejo\/\" aria-label=\"Leer m\u00e1s sobre Moclinejo\">Leer m\u00e1s<\/a><\/p>\n","protected":false},"author":1,"featured_media":0,"parent":0,"menu_order":0,"comment_status":"closed","ping_status":"closed","template":"","meta":{"_seopress_robots_primary_cat":"","_seopress_titles_title":"","_seopress_titles_desc":"","_seopress_robots_index":"","_exactmetrics_skip_tracking":false,"_exactmetrics_sitenote_active":false,"_exactmetrics_sitenote_note":"","_exactmetrics_sitenote_category":0,"footnotes":""},"class_list":["post-71","page","type-page","status-publish"],"_links":{"self":[{"href":"https:\/\/axarquiaonline.com\/index.php\/wp-json\/wp\/v2\/pages\/71","targetHints":{"allow":["GET"]}}],"collection":[{"href":"https:\/\/axarquiaonline.com\/index.php\/wp-json\/wp\/v2\/pages"}],"about":[{"href":"https:\/\/axarquiaonline.com\/index.php\/wp-json\/wp\/v2\/types\/page"}],"author":[{"embeddable":true,"href":"https:\/\/axarquiaonline.com\/index.php\/wp-json\/wp\/v2\/users\/1"}],"replies":[{"embeddable":true,"href":"https:\/\/axarquiaonline.com\/index.php\/wp-json\/wp\/v2\/comments?post=71"}],"version-history":[{"count":5,"href":"https:\/\/axarquiaonline.com\/index.php\/wp-json\/wp\/v2\/pages\/71\/revisions"}],"predecessor-version":[{"id":1193,"href":"https:\/\/axarquiaonline.com\/index.php\/wp-json\/wp\/v2\/pages\/71\/revisions\/1193"}],"wp:attachment":[{"href":"https:\/\/axarquiaonline.com\/index.php\/wp-json\/wp\/v2\/media?parent=71"}],"curies":[{"name":"wp","href":"https:\/\/api.w.org\/{rel}","templated":true}]}}