{"id":7,"date":"2015-09-01T16:33:25","date_gmt":"2015-09-01T16:33:25","guid":{"rendered":"http:\/\/axarquiaonline.com\/?page_id=7"},"modified":"2019-04-04T12:15:22","modified_gmt":"2019-04-04T11:15:22","slug":"inicio","status":"publish","type":"page","link":"https:\/\/axarquiaonline.com\/","title":{"rendered":"Inicio"},"content":{"rendered":"<p><!-- Google Tag Manager --><br \/>\n<script>(function(w,d,s,l,i){w[l]=w[l]||[];w[l].push({'gtm.start':\nnew Date().getTime(),event:'gtm.js'});var f=d.getElementsByTagName(s)[0],\nj=d.createElement(s),dl=l!='dataLayer'?'&l='+l:'';j.async=true;j.src=\n'https:\/\/www.googletagmanager.com\/gtm.js?id='+i+dl;f.parentNode.insertBefore(j,f);\n})(window,document,'script','dataLayer','GTM-5QC73BP');<\/script><!-- End Google Tag Manager --><!-- Google Tag Manager (noscript) --><noscript>&lt;iframe src=\u00bbhttps:\/\/www.googletagmanager.com\/ns.html?id=GTM-5QC73BP\u00bb height=\u00bb0&#8243; width=\u00bb0&#8243; style=\u00bbdisplay:none;visibility:hidden\u00bb&gt;&lt;\/iframe&gt;<\/noscript><br \/>\n<!-- End Google Tag Manager (noscript) --><\/p>\n<h4 style=\"text-align: center;\"><img loading=\"lazy\" decoding=\"async\" class=\"alignnone wp-image-898\" src=\"http:\/\/axarquiaonline.com\/wp-content\/uploads\/2015\/09\/Torre_del_Mar_1-1024x457.jpg\" alt=\"torre_del_mar_1\" width=\"1200\" height=\"535\" srcset=\"https:\/\/axarquiaonline.com\/wp-content\/uploads\/2015\/09\/Torre_del_Mar_1-1024x457.jpg 1024w, https:\/\/axarquiaonline.com\/wp-content\/uploads\/2015\/09\/Torre_del_Mar_1-300x134.jpg 300w, https:\/\/axarquiaonline.com\/wp-content\/uploads\/2015\/09\/Torre_del_Mar_1-768x343.jpg 768w, https:\/\/axarquiaonline.com\/wp-content\/uploads\/2015\/09\/Torre_del_Mar_1-624x278.jpg 624w\" sizes=\"auto, (max-width: 1200px) 100vw, 1200px\" \/><\/h4>\n<h4 style=\"text-align: center;\">La Axarqu\u00eda, una comarca para vivir.<\/h4>\n<h4 style=\"text-align: center;\"><em>Axarqu\u00eda: del \u00c1rabe AlSharq, &#8216; al Oriente de&#8230;&#8217;<\/em><\/h4>\n<p style=\"text-align: justify;\">Aqu\u00ed encontrar\u00e1n informaci\u00f3n de La Axarqu\u00eda, comarca hist\u00f3rica de la provincia de M\u00e1laga. En <a href=\"http:\/\/axarquiaonline.com\/index.php\/los-pueblos\/\">Los Pueblos<\/a> hallar\u00e1 la informaci\u00f3n de los 31 pueblos que la componen, en <a href=\"http:\/\/axarquiaonline.com\/index.php\/la-agenda\/\">La Agenda<\/a> podr\u00e1 buscar lo que necesite, restaurantes, bares, talleres, etc&#8230;<\/p>\n<div>\n<p><b>Le recomendamos:<\/b><\/p>\n<p><a title=\"Inmobiliaria Vaquero.\" href=\"http:\/\/www.inmobiliariavaquero.com\/\" target=\"_blank\" rel=\"noopener noreferrer\">Inmobiliaria Vaquero.<\/a>\u00a0Inmobiliaria.<\/p>\n<p>Consulte la <a title=\"Gu\u00eda de profesionales de La Axarqu\u00eda\" href=\"http:\/\/axarquiaonline.com\/index.php\/los-profesionales-2\/\">Gu\u00eda de Profesionales<\/a><\/p>\n<\/div>\n","protected":false},"excerpt":{"rendered":"<p>&lt;iframe src=\u00bbhttps:\/\/www.googletagmanager.com\/ns.html?id=GTM-5QC73BP\u00bb height=\u00bb0&#8243; width=\u00bb0&#8243; style=\u00bbdisplay:none;visibility:hidden\u00bb&gt;&lt;\/iframe&gt; La Axarqu\u00eda, una comarca para vivir. Axarqu\u00eda: del \u00c1rabe AlSharq, &#8216; al Oriente de&#8230;&#8217; Aqu\u00ed encontrar\u00e1n informaci\u00f3n de La Axarqu\u00eda, comarca hist\u00f3rica de la provincia de M\u00e1laga. En Los Pueblos hallar\u00e1 la informaci\u00f3n de los 31 pueblos que la componen, en La Agenda podr\u00e1 buscar lo que necesite, restaurantes, bares, &#8230; <a title=\"Inicio\" class=\"read-more\" href=\"https:\/\/axarquiaonline.com\/\" aria-label=\"Leer m\u00e1s sobre Inicio\">Leer m\u00e1s<\/a><\/p>\n","protected":false},"author":1,"featured_media":0,"parent":0,"menu_order":0,"comment_status":"closed","ping_status":"closed","template":"","meta":{"_seopress_robots_primary_cat":"","_seopress_titles_title":"","_seopress_titles_desc":"","_seopress_robots_index":"","_exactmetrics_skip_tracking":false,"_exactmetrics_sitenote_active":false,"_exactmetrics_sitenote_note":"","_exactmetrics_sitenote_category":0,"footnotes":""},"class_list":["post-7","page","type-page","status-publish"],"_links":{"self":[{"href":"https:\/\/axarquiaonline.com\/index.php\/wp-json\/wp\/v2\/pages\/7","targetHints":{"allow":["GET"]}}],"collection":[{"href":"https:\/\/axarquiaonline.com\/index.php\/wp-json\/wp\/v2\/pages"}],"about":[{"href":"https:\/\/axarquiaonline.com\/index.php\/wp-json\/wp\/v2\/types\/page"}],"author":[{"embeddable":true,"href":"https:\/\/axarquiaonline.com\/index.php\/wp-json\/wp\/v2\/users\/1"}],"replies":[{"embeddable":true,"href":"https:\/\/axarquiaonline.com\/index.php\/wp-json\/wp\/v2\/comments?post=7"}],"version-history":[{"count":21,"href":"https:\/\/axarquiaonline.com\/index.php\/wp-json\/wp\/v2\/pages\/7\/revisions"}],"predecessor-version":[{"id":2616,"href":"https:\/\/axarquiaonline.com\/index.php\/wp-json\/wp\/v2\/pages\/7\/revisions\/2616"}],"wp:attachment":[{"href":"https:\/\/axarquiaonline.com\/index.php\/wp-json\/wp\/v2\/media?parent=7"}],"curies":[{"name":"wp","href":"https:\/\/api.w.org\/{rel}","templated":true}]}}