{"id":69,"date":"2015-09-01T16:55:57","date_gmt":"2015-09-01T16:55:57","guid":{"rendered":"http:\/\/axarquiaonline.com\/?page_id=69"},"modified":"2015-09-01T17:53:57","modified_gmt":"2015-09-01T17:53:57","slug":"macharaviaya","status":"publish","type":"page","link":"https:\/\/axarquiaonline.com\/index.php\/macharaviaya\/","title":{"rendered":"Macharaviaya"},"content":{"rendered":"<p style=\"text-align: justify;\"><a href=\"http:\/\/axarquiaonline.com\/wp-content\/uploads\/2015\/09\/19-Macharaviaya.gif\"><img loading=\"lazy\" decoding=\"async\" class=\"size-full wp-image-158 alignright\" src=\"http:\/\/axarquiaonline.com\/wp-content\/uploads\/2015\/09\/19-Macharaviaya.gif\" alt=\"19-Macharaviaya\" width=\"153\" height=\"153\" \/><\/a>* A lomos de una monta\u00f1a serpentea, cansada y estrecha, una agreste carretera camino de Macharaviaya. El t\u00edpico paisaje axarque\u00f1o se asoma en cada viraje de sus curvas y nos ofrece unas panor\u00e1micas de singular belleza, como el luminoso, y ancho, mar Mediterr\u00e1neo. Cuna de los G\u00e1lvez, emana la nostalgia de pasadas grandezas, de las que son testigos mudos su templete y la iglesia. Junto a Macharaviaya, Benaque, tierra del poeta de las razas, Salvador Rueda.<\/p>\n<div id=\"colpueblo\">\n<p><b>Superficie:<\/b><\/p>\n<p>7,2 Km\u00b2.<\/p>\n<p><b>Otras Poblaciones:<\/b><\/p>\n<p>Benaque.<\/p>\n<p><b>Habitantes:<\/b><\/p>\n<p>362.<\/p>\n<p><b>Fiestas Oficiales:<\/b><\/p>\n<p>20 de Agosto.<br \/>\n7 de Octubre.<\/p>\n<\/div>\n<div id=\"colpueblo\">\n<p><b>Fiestas Populares:<\/b><\/p>\n<p><b>Primeros de Agosto:<\/b> Feria.<\/p>\n<p><b><br \/>\nLugares de Inter\u00e9s:<\/b><\/p>\n<p><b>Iglesia de San Jacinto, del s. XVIII.<\/b><\/p>\n<p><b>Templete de los G\u00e1lvez, del s. XVIII.<\/b><\/p>\n<p><b>Iglesia mud\u00e9jar, del s. XVIII,<\/b> el alminar de la torre perteneci\u00f3 a una antigua mezquita ubicada en el enclave de Benaque.<\/p>\n<p><a href=\"http:\/\/axarquiaonline.com\/index.php\/iznate\/\">Anterior pueblo&#8230;<\/a><br \/>\n<a href=\"http:\/\/axarquiaonline.com\/index.php\/moclinejo\/\">Siguiente pueblo&#8230;<\/a><\/p>\n<\/div>\n","protected":false},"excerpt":{"rendered":"<p>* A lomos de una monta\u00f1a serpentea, cansada y estrecha, una agreste carretera camino de Macharaviaya. El t\u00edpico paisaje axarque\u00f1o se asoma en cada viraje de sus curvas y nos ofrece unas panor\u00e1micas de singular belleza, como el luminoso, y ancho, mar Mediterr\u00e1neo. Cuna de los G\u00e1lvez, emana la nostalgia de pasadas grandezas, de las &#8230; <a title=\"Macharaviaya\" class=\"read-more\" href=\"https:\/\/axarquiaonline.com\/index.php\/macharaviaya\/\" aria-label=\"Leer m\u00e1s sobre Macharaviaya\">Leer m\u00e1s<\/a><\/p>\n","protected":false},"author":1,"featured_media":0,"parent":0,"menu_order":0,"comment_status":"closed","ping_status":"closed","template":"","meta":{"_seopress_robots_primary_cat":"","_seopress_titles_title":"","_seopress_titles_desc":"","_seopress_robots_index":"","_exactmetrics_skip_tracking":false,"_exactmetrics_sitenote_active":false,"_exactmetrics_sitenote_note":"","_exactmetrics_sitenote_category":0,"footnotes":""},"class_list":["post-69","page","type-page","status-publish"],"_links":{"self":[{"href":"https:\/\/axarquiaonline.com\/index.php\/wp-json\/wp\/v2\/pages\/69","targetHints":{"allow":["GET"]}}],"collection":[{"href":"https:\/\/axarquiaonline.com\/index.php\/wp-json\/wp\/v2\/pages"}],"about":[{"href":"https:\/\/axarquiaonline.com\/index.php\/wp-json\/wp\/v2\/types\/page"}],"author":[{"embeddable":true,"href":"https:\/\/axarquiaonline.com\/index.php\/wp-json\/wp\/v2\/users\/1"}],"replies":[{"embeddable":true,"href":"https:\/\/axarquiaonline.com\/index.php\/wp-json\/wp\/v2\/comments?post=69"}],"version-history":[{"count":3,"href":"https:\/\/axarquiaonline.com\/index.php\/wp-json\/wp\/v2\/pages\/69\/revisions"}],"predecessor-version":[{"id":160,"href":"https:\/\/axarquiaonline.com\/index.php\/wp-json\/wp\/v2\/pages\/69\/revisions\/160"}],"wp:attachment":[{"href":"https:\/\/axarquiaonline.com\/index.php\/wp-json\/wp\/v2\/media?parent=69"}],"curies":[{"name":"wp","href":"https:\/\/api.w.org\/{rel}","templated":true}]}}