{"id":65,"date":"2015-09-01T16:55:31","date_gmt":"2015-09-01T16:55:31","guid":{"rendered":"http:\/\/axarquiaonline.com\/?page_id=65"},"modified":"2015-09-01T18:24:20","modified_gmt":"2015-09-01T18:24:20","slug":"frigiliana","status":"publish","type":"page","link":"https:\/\/axarquiaonline.com\/index.php\/frigiliana\/","title":{"rendered":"Frigiliana"},"content":{"rendered":"<p><a href=\"http:\/\/axarquiaonline.com\/wp-content\/uploads\/2015\/09\/17-Frigiliana.gif\"><img loading=\"lazy\" decoding=\"async\" class=\"size-full wp-image-152 alignright\" src=\"http:\/\/axarquiaonline.com\/wp-content\/uploads\/2015\/09\/17-Frigiliana.gif\" alt=\"17-Frigiliana\" width=\"153\" height=\"153\" \/><\/a><\/p>\n<p style=\"text-align: justify;\">* Situada en las estribaciones de la Sierra de Almijara, posee, sin duda, el casco urbano antiguo mejor conservado de los pueblos de la Comarca. Premio Nacional de Embellecimiento, sus barrios antiguos de El calvario, San Antonio y Barribarte mantienen intacto su origen morisco. De su gastronom\u00eda destacan el delicioso vino del \u00bb terreno \u00bb y la insuperable cocina del choto. La miel de ca\u00f1a a\u00fan se elabora en \u00bb El Ingenio \u00bb de Frigiliana.<\/p>\n<div id=\"colpueblo\">\n<p><b>Superficie:<\/b><\/p>\n<p>40 Km\u00b2.<\/p>\n<p><b>Otras Poblaciones:<\/b><\/p>\n<p>No tiene.<\/p>\n<p><b>Habitantes:<\/b><\/p>\n<p>2.576.<\/p>\n<p><b>Fiestas Oficiales:<\/b><\/p>\n<p>3 de Mayo.<br \/>\n13 de Junio.<\/p>\n<\/div>\n<div id=\"colpueblo\">\n<p><b>Fiestas Populares:<\/b><\/p>\n<p><b>20 de Enero:<\/b> Fiesta de San Sebasti\u00e1n.<\/p>\n<p><b>Semana Santa:<\/b> Es de singular inter\u00e9s la la representaci\u00f3n del Desprendimiento.<\/p>\n<p><b> 13 de Junio:<\/b> Fiesta de San Antonio.<\/p>\n<p><b><br \/>\nLugares de Inter\u00e9s:<\/b><\/p>\n<p><b>El casco antiguo,<\/b> es una de las estructuras de Arquitectura \u00e1rabe m\u00e1s puras de la provincia, recibi\u00f3 el Premio de Embellecimiento y mejora de los Pueblos en 1982.<\/p>\n<p><a href=\"http:\/\/axarquiaonline.com\/index.php\/cutar\/\">Anterior pueblo&#8230;<\/a><br \/>\n<a href=\"http:\/\/axarquiaonline.com\/index.php\/iznate\/\">Siguiente pueblo&#8230;<\/a><\/p>\n<\/div>\n","protected":false},"excerpt":{"rendered":"<p>* Situada en las estribaciones de la Sierra de Almijara, posee, sin duda, el casco urbano antiguo mejor conservado de los pueblos de la Comarca. Premio Nacional de Embellecimiento, sus barrios antiguos de El calvario, San Antonio y Barribarte mantienen intacto su origen morisco. De su gastronom\u00eda destacan el delicioso vino del \u00bb terreno \u00bb &#8230; <a title=\"Frigiliana\" class=\"read-more\" href=\"https:\/\/axarquiaonline.com\/index.php\/frigiliana\/\" aria-label=\"Leer m\u00e1s sobre Frigiliana\">Leer m\u00e1s<\/a><\/p>\n","protected":false},"author":1,"featured_media":0,"parent":0,"menu_order":0,"comment_status":"closed","ping_status":"closed","template":"","meta":{"_seopress_robots_primary_cat":"","_seopress_titles_title":"","_seopress_titles_desc":"","_seopress_robots_index":"","_exactmetrics_skip_tracking":false,"_exactmetrics_sitenote_active":false,"_exactmetrics_sitenote_note":"","_exactmetrics_sitenote_category":0,"footnotes":""},"class_list":["post-65","page","type-page","status-publish"],"_links":{"self":[{"href":"https:\/\/axarquiaonline.com\/index.php\/wp-json\/wp\/v2\/pages\/65","targetHints":{"allow":["GET"]}}],"collection":[{"href":"https:\/\/axarquiaonline.com\/index.php\/wp-json\/wp\/v2\/pages"}],"about":[{"href":"https:\/\/axarquiaonline.com\/index.php\/wp-json\/wp\/v2\/types\/page"}],"author":[{"embeddable":true,"href":"https:\/\/axarquiaonline.com\/index.php\/wp-json\/wp\/v2\/users\/1"}],"replies":[{"embeddable":true,"href":"https:\/\/axarquiaonline.com\/index.php\/wp-json\/wp\/v2\/comments?post=65"}],"version-history":[{"count":4,"href":"https:\/\/axarquiaonline.com\/index.php\/wp-json\/wp\/v2\/pages\/65\/revisions"}],"predecessor-version":[{"id":201,"href":"https:\/\/axarquiaonline.com\/index.php\/wp-json\/wp\/v2\/pages\/65\/revisions\/201"}],"wp:attachment":[{"href":"https:\/\/axarquiaonline.com\/index.php\/wp-json\/wp\/v2\/media?parent=65"}],"curies":[{"name":"wp","href":"https:\/\/api.w.org\/{rel}","templated":true}]}}