{"id":621,"date":"2016-03-01T11:43:39","date_gmt":"2016-03-01T11:43:39","guid":{"rendered":"http:\/\/axarquiaonline.com\/?page_id=621"},"modified":"2020-11-13T14:06:26","modified_gmt":"2020-11-13T13:06:26","slug":"carpinteria-de-aluminio-y-pvc","status":"publish","type":"page","link":"https:\/\/axarquiaonline.com\/index.php\/carpinteria-de-aluminio-y-pvc\/","title":{"rendered":"Carpinter\u00eda de Aluminio y PVC"},"content":{"rendered":"<p><strong>V\u00e9lez-M\u00e1laga.<\/strong><\/p>\n<p><a href=\"https:\/\/axarquiaonline.com\/index.php\/reformasintegralesmc\/\"><img loading=\"lazy\" decoding=\"async\" class=\"alignleft wp-image-3117\" src=\"https:\/\/axarquiaonline.com\/wp-content\/uploads\/2020\/11\/LOGO_REFORMAS_INTEGRALES.jpeg\" alt=\"\" width=\"175\" height=\"174\" \/><\/a><\/p>\n","protected":false},"excerpt":{"rendered":"<p>V\u00e9lez-M\u00e1laga.<\/p>\n","protected":false},"author":1,"featured_media":0,"parent":0,"menu_order":0,"comment_status":"closed","ping_status":"closed","template":"","meta":{"_seopress_robots_primary_cat":"","_seopress_titles_title":"","_seopress_titles_desc":"","_seopress_robots_index":"","_exactmetrics_skip_tracking":false,"_exactmetrics_sitenote_active":false,"_exactmetrics_sitenote_note":"","_exactmetrics_sitenote_category":0,"footnotes":""},"class_list":["post-621","page","type-page","status-publish"],"_links":{"self":[{"href":"https:\/\/axarquiaonline.com\/index.php\/wp-json\/wp\/v2\/pages\/621","targetHints":{"allow":["GET"]}}],"collection":[{"href":"https:\/\/axarquiaonline.com\/index.php\/wp-json\/wp\/v2\/pages"}],"about":[{"href":"https:\/\/axarquiaonline.com\/index.php\/wp-json\/wp\/v2\/types\/page"}],"author":[{"embeddable":true,"href":"https:\/\/axarquiaonline.com\/index.php\/wp-json\/wp\/v2\/users\/1"}],"replies":[{"embeddable":true,"href":"https:\/\/axarquiaonline.com\/index.php\/wp-json\/wp\/v2\/comments?post=621"}],"version-history":[{"count":8,"href":"https:\/\/axarquiaonline.com\/index.php\/wp-json\/wp\/v2\/pages\/621\/revisions"}],"predecessor-version":[{"id":3129,"href":"https:\/\/axarquiaonline.com\/index.php\/wp-json\/wp\/v2\/pages\/621\/revisions\/3129"}],"wp:attachment":[{"href":"https:\/\/axarquiaonline.com\/index.php\/wp-json\/wp\/v2\/media?parent=621"}],"curies":[{"name":"wp","href":"https:\/\/api.w.org\/{rel}","templated":true}]}}