{"id":61,"date":"2015-09-01T16:55:12","date_gmt":"2015-09-01T16:55:12","guid":{"rendered":"http:\/\/axarquiaonline.com\/?page_id=61"},"modified":"2015-09-01T18:23:49","modified_gmt":"2015-09-01T18:23:49","slug":"competa","status":"publish","type":"page","link":"https:\/\/axarquiaonline.com\/index.php\/competa\/","title":{"rendered":"C\u00f3mpeta"},"content":{"rendered":"<p><a href=\"http:\/\/axarquiaonline.com\/wp-content\/uploads\/2015\/09\/15-Competa.gif\"><img loading=\"lazy\" decoding=\"async\" class=\"size-full wp-image-147 alignright\" src=\"http:\/\/axarquiaonline.com\/wp-content\/uploads\/2015\/09\/15-Competa.gif\" alt=\"15-Competa\" width=\"153\" height=\"153\" \/><\/a><\/p>\n<p style=\"text-align: justify;\">* Por su ubicaci\u00f3n en plena Sierra de Almijara es uno de los municipios de mayor inter\u00e9s tur\u00edstico y paisaj\u00edstico, adem\u00e1s de ser uno de los enclaves urbanos m\u00e1s espectaculares de la provincia. C\u00f3mpeta ha sido pionera, entre los municipios del interior, en acoger a for\u00e1neos venidos de otros pa\u00edses. Es conocida por su vino, que le ha hecho protagonista de una de las m\u00e1s representativas, y conocidas, fiestas de la comarca, la denominada \u00bb Noche del Vino \u00ab.<\/p>\n<div id=\"colpueblo\">\n<p><b>Superficie:<\/b><\/p>\n<p>55 Km\u00b2.<\/p>\n<p><b>Otras Poblaciones:<\/b><\/p>\n<p>No tiene.<\/p>\n<p><b>Habitantes:<\/b><\/p>\n<p>2.418.<\/p>\n<p><b>Fiestas Oficiales:<\/b><\/p>\n<p>3 de Mayo..<br \/>\n26 de Julio.<\/p>\n<\/div>\n<div id=\"colpueblo\">\n<p><b>Fiestas Populares:<\/b><\/p>\n<p><b>15 de Agosto:<\/b> Noche del Vino.<\/p>\n<p><b><br \/>\nLugares de Inter\u00e9s:<\/b><\/p>\n<p><b>Iglesia de Ntra. Sra. de la Asunci\u00f3n, s. XVI.<\/b> Restaurada posteriormente.<\/p>\n<p><b>Ermita de San Sebasti\u00e1n, s. XVI.<\/b><\/p>\n<p><b>Ermita de San Ant\u00f3n, s. XVI.<\/b><\/p>\n<p><b>Restos neol\u00edticos<\/b> en la Cueva del Puerto de C\u00f3mpeta.<\/p>\n<p><a href=\"http:\/\/axarquiaonline.com\/index.php\/comares\/\">Anterior pueblo&#8230;<\/a><br \/>\n<a href=\"http:\/\/axarquiaonline.com\/index.php\/cutar\/\">Siguiente pueblo&#8230;<\/a><\/p>\n<\/div>\n","protected":false},"excerpt":{"rendered":"<p>* Por su ubicaci\u00f3n en plena Sierra de Almijara es uno de los municipios de mayor inter\u00e9s tur\u00edstico y paisaj\u00edstico, adem\u00e1s de ser uno de los enclaves urbanos m\u00e1s espectaculares de la provincia. C\u00f3mpeta ha sido pionera, entre los municipios del interior, en acoger a for\u00e1neos venidos de otros pa\u00edses. Es conocida por su vino, &#8230; <a title=\"C\u00f3mpeta\" class=\"read-more\" href=\"https:\/\/axarquiaonline.com\/index.php\/competa\/\" aria-label=\"Leer m\u00e1s sobre C\u00f3mpeta\">Leer m\u00e1s<\/a><\/p>\n","protected":false},"author":1,"featured_media":0,"parent":0,"menu_order":0,"comment_status":"closed","ping_status":"closed","template":"","meta":{"_seopress_robots_primary_cat":"","_seopress_titles_title":"","_seopress_titles_desc":"","_seopress_robots_index":"","_exactmetrics_skip_tracking":false,"_exactmetrics_sitenote_active":false,"_exactmetrics_sitenote_note":"","_exactmetrics_sitenote_category":0,"footnotes":""},"class_list":["post-61","page","type-page","status-publish"],"_links":{"self":[{"href":"https:\/\/axarquiaonline.com\/index.php\/wp-json\/wp\/v2\/pages\/61","targetHints":{"allow":["GET"]}}],"collection":[{"href":"https:\/\/axarquiaonline.com\/index.php\/wp-json\/wp\/v2\/pages"}],"about":[{"href":"https:\/\/axarquiaonline.com\/index.php\/wp-json\/wp\/v2\/types\/page"}],"author":[{"embeddable":true,"href":"https:\/\/axarquiaonline.com\/index.php\/wp-json\/wp\/v2\/users\/1"}],"replies":[{"embeddable":true,"href":"https:\/\/axarquiaonline.com\/index.php\/wp-json\/wp\/v2\/comments?post=61"}],"version-history":[{"count":4,"href":"https:\/\/axarquiaonline.com\/index.php\/wp-json\/wp\/v2\/pages\/61\/revisions"}],"predecessor-version":[{"id":200,"href":"https:\/\/axarquiaonline.com\/index.php\/wp-json\/wp\/v2\/pages\/61\/revisions\/200"}],"wp:attachment":[{"href":"https:\/\/axarquiaonline.com\/index.php\/wp-json\/wp\/v2\/media?parent=61"}],"curies":[{"name":"wp","href":"https:\/\/api.w.org\/{rel}","templated":true}]}}