{"id":59,"date":"2015-09-01T16:55:01","date_gmt":"2015-09-01T16:55:01","guid":{"rendered":"http:\/\/axarquiaonline.com\/?page_id=59"},"modified":"2015-09-01T17:43:27","modified_gmt":"2015-09-01T17:43:27","slug":"comares","status":"publish","type":"page","link":"https:\/\/axarquiaonline.com\/index.php\/comares\/","title":{"rendered":"Comares"},"content":{"rendered":"<p><a href=\"http:\/\/axarquiaonline.com\/wp-content\/uploads\/2015\/09\/14-Comares.gif\"><img loading=\"lazy\" decoding=\"async\" class=\"size-full wp-image-144 alignright\" src=\"http:\/\/axarquiaonline.com\/wp-content\/uploads\/2015\/09\/14-Comares.gif\" alt=\"14-Comares\" width=\"153\" height=\"153\" \/><\/a><\/p>\n<p style=\"text-align: justify;\">* Su situaci\u00f3n privilegiada, a 739 m. sobre el nivel del mar y construido sobre una pe\u00f1a, como si de un nido de \u00e1guilas se tratara, convierte a Comares en un balc\u00f3n excepcional desde el que se puede admirar el fant\u00e1stico paisaje de La Axarqu\u00eda moteado del blanco de los pueblos de la Comarca. El n\u00facleo urbano es de t\u00edpico trazado morisco. Pueblo de extensa historia que conserva interesantes vestigios de la dominaci\u00f3n \u00e1rabe en la Meseta de Mazmullar, donde se encuentra un aljibe declarado Monumento Art\u00edstico.<\/p>\n<div id=\"colpueblo\">\n<p><b>Superficie:<\/b><\/p>\n<p>23,50 Km\u00b2.<\/p>\n<p><b>Otras Poblaciones:<\/b><\/p>\n<p>Arquer\u00eda,<br \/>\nMazmullar,<br \/>\nLos Romos,<br \/>\nCueva,<br \/>\nR\u00edo,<br \/>\nVentorro.<\/p>\n<p><b>Habitantes:<\/b><\/p>\n<p>1.485.<\/p>\n<p><b>Fiestas Oficiales:<\/b><\/p>\n<p>13 de Enero. 6 de Junio.<\/p>\n<\/div>\n<div id=\"colpueblo\">\n<p><b>Fiestas Populares:<\/b><\/p>\n<p><b>13 y 14 de Enero:<\/b> Fiestas Patronales, San Hilario de Poitiers.<\/p>\n<p><b>11 de Agosto:<\/b> Feria, (Las Cuevas).<\/p>\n<p><b>23, 24 y 25 de Agosto:<\/b> Ferias y Fiestas.<\/p>\n<p><b><br \/>\nLugares de Inter\u00e9s:<\/b><\/p>\n<p><b>Parroquia de Ntra. Sra. de la Encarnaci\u00f3n,<\/b> mud\u00e9jar <b>s. XVI.<\/b> Con a\u00f1adidos del s. XVII y XVIII.<\/p>\n<p><b>Restos \u00e1rabes<\/b> en la mesa de Mazmullar.<\/p>\n<p><a href=\"http:\/\/axarquiaonline.com\/index.php\/colmenar\/\">Anterior pueblo&#8230;<\/a><br \/>\n<a href=\"http:\/\/axarquiaonline.com\/index.php\/competa\/\">Siguiente pueblo&#8230;<\/a><\/p>\n<\/div>\n","protected":false},"excerpt":{"rendered":"<p>* Su situaci\u00f3n privilegiada, a 739 m. sobre el nivel del mar y construido sobre una pe\u00f1a, como si de un nido de \u00e1guilas se tratara, convierte a Comares en un balc\u00f3n excepcional desde el que se puede admirar el fant\u00e1stico paisaje de La Axarqu\u00eda moteado del blanco de los pueblos de la Comarca. El &#8230; <a title=\"Comares\" class=\"read-more\" href=\"https:\/\/axarquiaonline.com\/index.php\/comares\/\" aria-label=\"Leer m\u00e1s sobre Comares\">Leer m\u00e1s<\/a><\/p>\n","protected":false},"author":1,"featured_media":0,"parent":0,"menu_order":0,"comment_status":"closed","ping_status":"closed","template":"","meta":{"_seopress_robots_primary_cat":"","_seopress_titles_title":"","_seopress_titles_desc":"","_seopress_robots_index":"","_exactmetrics_skip_tracking":false,"_exactmetrics_sitenote_active":false,"_exactmetrics_sitenote_note":"","_exactmetrics_sitenote_category":0,"footnotes":""},"class_list":["post-59","page","type-page","status-publish"],"_links":{"self":[{"href":"https:\/\/axarquiaonline.com\/index.php\/wp-json\/wp\/v2\/pages\/59","targetHints":{"allow":["GET"]}}],"collection":[{"href":"https:\/\/axarquiaonline.com\/index.php\/wp-json\/wp\/v2\/pages"}],"about":[{"href":"https:\/\/axarquiaonline.com\/index.php\/wp-json\/wp\/v2\/types\/page"}],"author":[{"embeddable":true,"href":"https:\/\/axarquiaonline.com\/index.php\/wp-json\/wp\/v2\/users\/1"}],"replies":[{"embeddable":true,"href":"https:\/\/axarquiaonline.com\/index.php\/wp-json\/wp\/v2\/comments?post=59"}],"version-history":[{"count":3,"href":"https:\/\/axarquiaonline.com\/index.php\/wp-json\/wp\/v2\/pages\/59\/revisions"}],"predecessor-version":[{"id":145,"href":"https:\/\/axarquiaonline.com\/index.php\/wp-json\/wp\/v2\/pages\/59\/revisions\/145"}],"wp:attachment":[{"href":"https:\/\/axarquiaonline.com\/index.php\/wp-json\/wp\/v2\/media?parent=59"}],"curies":[{"name":"wp","href":"https:\/\/api.w.org\/{rel}","templated":true}]}}