{"id":57,"date":"2015-09-01T16:54:53","date_gmt":"2015-09-01T16:54:53","guid":{"rendered":"http:\/\/axarquiaonline.com\/?page_id=57"},"modified":"2015-09-01T17:40:43","modified_gmt":"2015-09-01T17:40:43","slug":"colmenar","status":"publish","type":"page","link":"https:\/\/axarquiaonline.com\/index.php\/colmenar\/","title":{"rendered":"Colmenar"},"content":{"rendered":"<p><a href=\"http:\/\/axarquiaonline.com\/wp-content\/uploads\/2015\/09\/13-Colmenar.gif\"><img loading=\"lazy\" decoding=\"async\" class=\"size-full wp-image-140 alignright\" src=\"http:\/\/axarquiaonline.com\/wp-content\/uploads\/2015\/09\/13-Colmenar.gif\" alt=\"13-Colmenar\" width=\"153\" height=\"153\" \/><\/a><\/p>\n<p style=\"text-align: justify;\">* Pueblo eminentemente agr\u00edcola, donde los trigales y olivares dominan el paisaje, debe su nombre a la gran cantidad de colmenas que exist\u00edan en su t\u00e9rmino. El recorrido por sus sinuosas calles, de dif\u00edciles trazados, nos conducir\u00e1 a la Ermita de Ntra. Sra. de la Candelaria, cuya construcci\u00f3n se atribuye, all\u00e1 por el siglo XVII, a unos marineros canarios que tras sobrevivir a una terrible tempestad en las costas malague\u00f1as la erigieron como prueba de su agradecimiento.<\/p>\n<div id=\"colpueblo\">\n<p><b>Superficie:<\/b><\/p>\n<p>65,50 Km\u00b2.<\/p>\n<p><b>Otras Poblaciones:<\/b><\/p>\n<p>Solano,<br \/>\nMajada del Moro,<br \/>\nCaravaca,<br \/>\nGonzalo.<\/p>\n<p><b>Habitantes:<\/b><\/p>\n<p>3.287.<\/p>\n<p><b>Fiestas Oficiales:<\/b><\/p>\n<p>2 de Febrero.<br \/>\n16 de Agosto.<\/p>\n<\/div>\n<div id=\"colpueblo\">\n<p><b>Fiestas Populares:<\/b><\/p>\n<p><b>4 de Febrero:<\/b> Fiestas patronales, Virgen de la Candelaria.<\/p>\n<p><b>24 de Junio:<\/b> Fiesta de San Juan. Verbena.<\/p>\n<p><b><br \/>\nLugares de Inter\u00e9s:<\/b><\/p>\n<p><b>Parroquia de Ntra. Sra. de la Asunci\u00f3n.<\/b> Se comienza a construir a mediados del s. XVI y se termina en el s. XVII.<\/p>\n<p><b>Ermita de Ntra. Sra. de la Candelaria, s. XVII.<\/b><\/p>\n<p><b>Restos Neol\u00edticos en la Cueva de la Pulsera,<\/b> de la Edad de los Metales, en Cortijo de Gonzalo.<\/p>\n<p><a href=\"http:\/\/axarquiaonline.com\/index.php\/canillas-de-albaida\/\">Anterior pueblo&#8230;<\/a><br \/>\n<a href=\"http:\/\/axarquiaonline.com\/index.php\/comares\/\">Siguiente pueblo&#8230;<\/a><\/p>\n<\/div>\n","protected":false},"excerpt":{"rendered":"<p>* Pueblo eminentemente agr\u00edcola, donde los trigales y olivares dominan el paisaje, debe su nombre a la gran cantidad de colmenas que exist\u00edan en su t\u00e9rmino. El recorrido por sus sinuosas calles, de dif\u00edciles trazados, nos conducir\u00e1 a la Ermita de Ntra. Sra. de la Candelaria, cuya construcci\u00f3n se atribuye, all\u00e1 por el siglo XVII, &#8230; <a title=\"Colmenar\" class=\"read-more\" href=\"https:\/\/axarquiaonline.com\/index.php\/colmenar\/\" aria-label=\"Leer m\u00e1s sobre Colmenar\">Leer m\u00e1s<\/a><\/p>\n","protected":false},"author":1,"featured_media":0,"parent":0,"menu_order":0,"comment_status":"closed","ping_status":"closed","template":"","meta":{"_seopress_robots_primary_cat":"","_seopress_titles_title":"","_seopress_titles_desc":"","_seopress_robots_index":"","_seopress_analysis_target_kw":"","_exactmetrics_skip_tracking":false,"_exactmetrics_sitenote_active":false,"_exactmetrics_sitenote_note":"","_exactmetrics_sitenote_category":0,"footnotes":""},"class_list":["post-57","page","type-page","status-publish"],"_links":{"self":[{"href":"https:\/\/axarquiaonline.com\/index.php\/wp-json\/wp\/v2\/pages\/57","targetHints":{"allow":["GET"]}}],"collection":[{"href":"https:\/\/axarquiaonline.com\/index.php\/wp-json\/wp\/v2\/pages"}],"about":[{"href":"https:\/\/axarquiaonline.com\/index.php\/wp-json\/wp\/v2\/types\/page"}],"author":[{"embeddable":true,"href":"https:\/\/axarquiaonline.com\/index.php\/wp-json\/wp\/v2\/users\/1"}],"replies":[{"embeddable":true,"href":"https:\/\/axarquiaonline.com\/index.php\/wp-json\/wp\/v2\/comments?post=57"}],"version-history":[{"count":3,"href":"https:\/\/axarquiaonline.com\/index.php\/wp-json\/wp\/v2\/pages\/57\/revisions"}],"predecessor-version":[{"id":142,"href":"https:\/\/axarquiaonline.com\/index.php\/wp-json\/wp\/v2\/pages\/57\/revisions\/142"}],"wp:attachment":[{"href":"https:\/\/axarquiaonline.com\/index.php\/wp-json\/wp\/v2\/media?parent=57"}],"curies":[{"name":"wp","href":"https:\/\/api.w.org\/{rel}","templated":true}]}}