{"id":55,"date":"2015-09-01T16:54:44","date_gmt":"2015-09-01T16:54:44","guid":{"rendered":"http:\/\/axarquiaonline.com\/?page_id=55"},"modified":"2015-09-03T18:59:35","modified_gmt":"2015-09-03T18:59:35","slug":"canillas-de-albaida","status":"publish","type":"page","link":"https:\/\/axarquiaonline.com\/index.php\/canillas-de-albaida\/","title":{"rendered":"Canillas de Albaida"},"content":{"rendered":"<p><a href=\"http:\/\/axarquiaonline.com\/wp-content\/uploads\/2015\/09\/12-Canillas-de-Albaida.gif\"><img loading=\"lazy\" decoding=\"async\" class=\"size-full wp-image-136 alignright\" src=\"http:\/\/axarquiaonline.com\/wp-content\/uploads\/2015\/09\/12-Canillas-de-Albaida.gif\" alt=\"12-Canillas de Albaida\" width=\"153\" height=\"153\" \/><\/a><\/p>\n<p style=\"text-align: justify;\">* Situada en el marco incomparable de las estribaciones de la Sierra Almijara, rodeada de pinares, destaca poderosamente por su extraordinaria blancura. En sus montes aleda\u00f1os a\u00fan se pueden contemplar parajes parajes llenos de sosegada belleza como el nacimiento del r\u00edo de la Llanada de Turbilla. En su n\u00facleo urbano merece la pena visitar la Iglesia Parroquial y las ermitas de Santa Ana y de San Ant\u00f3n, adem\u00e1s de reponer fuerzas degustando los t\u00edpicos guisos como el choto frito o las migas de ma\u00edz.<\/p>\n<div id=\"colpueblo\">\n<p><b>Superficie:<\/b><\/p>\n<p>33,20 Km\u00b2.<\/p>\n<p><b>Otras Poblaciones:<\/b><\/p>\n<p>No tiene.<\/p>\n<p><b>Habitantes:<\/b><\/p>\n<p>775.<\/p>\n<p><b>Fiestas Oficiales:<\/b><\/p>\n<p>17 de Enero.<br \/>\n7 de Octubre.<\/p>\n<\/div>\n<div id=\"colpueblo\">\n<p><b>Fiestas Populares:<\/b><\/p>\n<p><b>20 de Enero:<\/b> Fiestas de S. Ant\u00f3n.<\/p>\n<p><b>2, 3 y 4 de Agosto:<\/b> Feria.<\/p>\n<p><b>25 de Diciembre:<\/b> Subasta popular en la que se recauda el dinero con el que se har\u00e1 la Feria el a\u00f1o siguiente.<\/p>\n<p><b><br \/>\nLugares de Inter\u00e9s:<\/b><\/p>\n<p><b>Parroquia de Ntra. Sra. de la Expectaci\u00f3n, s. XVI.<\/b><\/p>\n<p>Ermita de Sta. Ana, s. XVI.<\/p>\n<p>Ermita de S. Ant\u00f3n, s. XVI.<\/p>\n<p><a href=\"http:\/\/axarquiaonline.com\/index.php\/canillas-de-aceituno\/\">Anterior pueblo&#8230;<\/a><br \/>\n<a href=\"http:\/\/axarquiaonline.com\/index.php\/colmenar\/\">Siguiente pueblo&#8230;<\/a><\/p>\n<\/div>\n","protected":false},"excerpt":{"rendered":"<p>* Situada en el marco incomparable de las estribaciones de la Sierra Almijara, rodeada de pinares, destaca poderosamente por su extraordinaria blancura. En sus montes aleda\u00f1os a\u00fan se pueden contemplar parajes parajes llenos de sosegada belleza como el nacimiento del r\u00edo de la Llanada de Turbilla. En su n\u00facleo urbano merece la pena visitar la &#8230; <a title=\"Canillas de Albaida\" class=\"read-more\" href=\"https:\/\/axarquiaonline.com\/index.php\/canillas-de-albaida\/\" aria-label=\"Leer m\u00e1s sobre Canillas de Albaida\">Leer m\u00e1s<\/a><\/p>\n","protected":false},"author":1,"featured_media":0,"parent":0,"menu_order":0,"comment_status":"closed","ping_status":"closed","template":"","meta":{"_seopress_robots_primary_cat":"","_seopress_titles_title":"","_seopress_titles_desc":"","_seopress_robots_index":"","_exactmetrics_skip_tracking":false,"_exactmetrics_sitenote_active":false,"_exactmetrics_sitenote_note":"","_exactmetrics_sitenote_category":0,"footnotes":""},"class_list":["post-55","page","type-page","status-publish"],"_links":{"self":[{"href":"https:\/\/axarquiaonline.com\/index.php\/wp-json\/wp\/v2\/pages\/55","targetHints":{"allow":["GET"]}}],"collection":[{"href":"https:\/\/axarquiaonline.com\/index.php\/wp-json\/wp\/v2\/pages"}],"about":[{"href":"https:\/\/axarquiaonline.com\/index.php\/wp-json\/wp\/v2\/types\/page"}],"author":[{"embeddable":true,"href":"https:\/\/axarquiaonline.com\/index.php\/wp-json\/wp\/v2\/users\/1"}],"replies":[{"embeddable":true,"href":"https:\/\/axarquiaonline.com\/index.php\/wp-json\/wp\/v2\/comments?post=55"}],"version-history":[{"count":6,"href":"https:\/\/axarquiaonline.com\/index.php\/wp-json\/wp\/v2\/pages\/55\/revisions"}],"predecessor-version":[{"id":352,"href":"https:\/\/axarquiaonline.com\/index.php\/wp-json\/wp\/v2\/pages\/55\/revisions\/352"}],"wp:attachment":[{"href":"https:\/\/axarquiaonline.com\/index.php\/wp-json\/wp\/v2\/media?parent=55"}],"curies":[{"name":"wp","href":"https:\/\/api.w.org\/{rel}","templated":true}]}}