{"id":53,"date":"2015-09-01T16:54:33","date_gmt":"2015-09-01T16:54:33","guid":{"rendered":"http:\/\/axarquiaonline.com\/?page_id=53"},"modified":"2015-09-01T17:34:27","modified_gmt":"2015-09-01T17:34:27","slug":"canillas-de-aceituno","status":"publish","type":"page","link":"https:\/\/axarquiaonline.com\/index.php\/canillas-de-aceituno\/","title":{"rendered":"Canillas de Aceituno"},"content":{"rendered":"<p><a href=\"http:\/\/axarquiaonline.com\/wp-content\/uploads\/2015\/09\/11-Canillas-de-Aceituno.gif\"><img loading=\"lazy\" decoding=\"async\" class=\"size-full wp-image-132 alignright\" src=\"http:\/\/axarquiaonline.com\/wp-content\/uploads\/2015\/09\/11-Canillas-de-Aceituno.gif\" alt=\"11-Canillas de Aceituno\" width=\"153\" height=\"153\" \/><\/a><\/p>\n<p style=\"text-align: justify;\">* A unos 20 Km. de V\u00e9lez se encuentra esta poblaci\u00f3n de origen \u00e1rabe, cuyo pasado atestiguan los restos de un aljibe, junto a la fuente del Hortezuelo, y la torre denominada de la Reina Mora. Desde la parte m\u00e1s alta de la villa, donde se emplaza la Iglesia Parroquial ( s. XVI ), se divisan hermosas panor\u00e1micas de la Comarca. A escasos kil\u00f3metros, en direcci\u00f3n a Sedella, se encuentra el Paraje Natural de la \u00bb La Rahige \u00ab, ideal para los amantes del senderismo y la acampada.<\/p>\n<div id=\"colpueblo\">\n<p><b>Superficie:<\/b><\/p>\n<p>40,04 Km\u00b2.<\/p>\n<p><b>Otras Poblaciones:<\/b><\/p>\n<p>R\u00edo Bermuza,<br \/>\nLos Capitos,<br \/>\nPasada de Granadillo,<br \/>\nPortugalejo,<br \/>\nRubite,<br \/>\nLos G\u00f3mez.<\/p>\n<p><b>Habitantes:<\/b><\/p>\n<p>2.242.<\/p>\n<p><b>Fiestas Oficiales:<\/b><\/p>\n<p>9 de Agosto.<br \/>\n12 de Octubre.<\/p>\n<\/div>\n<div id=\"colpueblo\">\n<p><b>Fiestas Populares:<\/b><\/p>\n<p><b>8, 9, 10 y 11 de Agosto:<\/b> Feria.<\/p>\n<p><b><br \/>\nLugares de Inter\u00e9s:<\/b><\/p>\n<p><b>Iglesia Parroquial de la Virgen del Rosario y S. Le\u00f3n Magno, s. XVI.<\/b><\/p>\n<p><b>Casa de los Diezmos<\/b> o <b>Casa de la Reina Mora,<\/b> con su torre de estilo mud\u00e9jar.<\/p>\n<p><b>Cueva de F\u00e1jara,<\/b> con casi un kil\u00f3metro de recorrido.<\/p>\n<p><b>Paraje Natural de la \u00bb La Rahige \u00ab.<\/b><\/p>\n<p><a href=\"http:\/\/axarquiaonline.com\/index.php\/el-borge\/\">Anterior pueblo&#8230;<\/a><br \/>\n<a href=\"http:\/\/axarquiaonline.com\/index.php\/canillas-de-albaida\/\">Siguiente pueblo&#8230;<\/a><\/p>\n<\/div>\n","protected":false},"excerpt":{"rendered":"<p>* A unos 20 Km. de V\u00e9lez se encuentra esta poblaci\u00f3n de origen \u00e1rabe, cuyo pasado atestiguan los restos de un aljibe, junto a la fuente del Hortezuelo, y la torre denominada de la Reina Mora. Desde la parte m\u00e1s alta de la villa, donde se emplaza la Iglesia Parroquial ( s. XVI ), se &#8230; <a title=\"Canillas de Aceituno\" class=\"read-more\" href=\"https:\/\/axarquiaonline.com\/index.php\/canillas-de-aceituno\/\" aria-label=\"Leer m\u00e1s sobre Canillas de Aceituno\">Leer m\u00e1s<\/a><\/p>\n","protected":false},"author":1,"featured_media":0,"parent":0,"menu_order":0,"comment_status":"closed","ping_status":"closed","template":"","meta":{"_seopress_robots_primary_cat":"","_seopress_titles_title":"","_seopress_titles_desc":"","_seopress_robots_index":"","_exactmetrics_skip_tracking":false,"_exactmetrics_sitenote_active":false,"_exactmetrics_sitenote_note":"","_exactmetrics_sitenote_category":0,"footnotes":""},"class_list":["post-53","page","type-page","status-publish"],"_links":{"self":[{"href":"https:\/\/axarquiaonline.com\/index.php\/wp-json\/wp\/v2\/pages\/53","targetHints":{"allow":["GET"]}}],"collection":[{"href":"https:\/\/axarquiaonline.com\/index.php\/wp-json\/wp\/v2\/pages"}],"about":[{"href":"https:\/\/axarquiaonline.com\/index.php\/wp-json\/wp\/v2\/types\/page"}],"author":[{"embeddable":true,"href":"https:\/\/axarquiaonline.com\/index.php\/wp-json\/wp\/v2\/users\/1"}],"replies":[{"embeddable":true,"href":"https:\/\/axarquiaonline.com\/index.php\/wp-json\/wp\/v2\/comments?post=53"}],"version-history":[{"count":4,"href":"https:\/\/axarquiaonline.com\/index.php\/wp-json\/wp\/v2\/pages\/53\/revisions"}],"predecessor-version":[{"id":135,"href":"https:\/\/axarquiaonline.com\/index.php\/wp-json\/wp\/v2\/pages\/53\/revisions\/135"}],"wp:attachment":[{"href":"https:\/\/axarquiaonline.com\/index.php\/wp-json\/wp\/v2\/media?parent=53"}],"curies":[{"name":"wp","href":"https:\/\/api.w.org\/{rel}","templated":true}]}}