{"id":51,"date":"2015-09-01T16:54:17","date_gmt":"2015-09-01T16:54:17","guid":{"rendered":"http:\/\/axarquiaonline.com\/?page_id=51"},"modified":"2015-09-01T17:32:27","modified_gmt":"2015-09-01T17:32:27","slug":"el-borge","status":"publish","type":"page","link":"https:\/\/axarquiaonline.com\/index.php\/el-borge\/","title":{"rendered":"El Borge"},"content":{"rendered":"<p><a href=\"http:\/\/axarquiaonline.com\/wp-content\/uploads\/2015\/09\/10-El-Borge.gif\"><img loading=\"lazy\" decoding=\"async\" class=\"size-full wp-image-129 alignright\" src=\"http:\/\/axarquiaonline.com\/wp-content\/uploads\/2015\/09\/10-El-Borge.gif\" alt=\"10-El Borge\" width=\"153\" height=\"153\" \/><\/a><\/p>\n<p>* Esta antigua villa, cuyo nombre proviene del \u00e1rabe \u00bb Borch \u00ab, Torre Mocha, era ya famosa en el per\u00edodo nazarita por sus uvas pasas de diferentes variedades y excelente calidad. Tendida pr\u00e1cticamnete sobre la ladera de un barranco, su apariencia es marcadamente \u00e1rabe, destacando sobre el escalonamiento de sus blancas casas la Iglesia Parroquial de Ntra. Sra. del Rosario, s. XVI, interesante conversi\u00f3n al mud\u00e9jar de los estilos g\u00f3tico y renacentista. Forj\u00f3 leyendas en la \u00e9poca de los bandoleros con personajes como \u00bb El Bizco del Borge \u00ab.<\/p>\n<div id=\"colpueblo\">\n<p><b>Superficie:<\/b><\/p>\n<p>25,72 Km\u00b2.<\/p>\n<p><b>Otras Poblaciones:<\/b><\/p>\n<p>Las Rozas,<br \/>\nAlgamiz,<br \/>\nSanto Pitar,<br \/>\nCahara.<\/p>\n<p><b>Habitantes:<\/b><\/p>\n<p>988.<\/p>\n<p><b>Fiestas Oficiales:<\/b><\/p>\n<p>8 de Abril.<br \/>\n25 de Abril.<\/p>\n<\/div>\n<div id=\"colpueblo\">\n<p><b>Fiestas Populares:<\/b><\/p>\n<p><b>19 de Mayo:<\/b> Romer\u00eda de San Isidro.<\/p>\n<p><b>\u00daltimo fin de semana de Agosto:<\/b> Fiesta de la Pasa.<\/p>\n<p><b><br \/>\nLugares de Inter\u00e9s:<\/b><\/p>\n<p><b>Iglesia de Ntra. Sra. del Rosario, s. XVI,<\/b> de estilo G\u00f3tico-Renacentista, construida sobre la antigua mezquita, destaca su torre ochavada.<\/p>\n<p><a href=\"http:\/\/axarquiaonline.com\/index.php\/benamocarra\/\">Anterior pueblo&#8230;<\/a><br \/>\n<a href=\"http:\/\/axarquiaonline.com\/index.php\/canillas-de-aceituno\/\">Siguiente pueblo&#8230;<\/a><\/p>\n<\/div>\n","protected":false},"excerpt":{"rendered":"<p>* Esta antigua villa, cuyo nombre proviene del \u00e1rabe \u00bb Borch \u00ab, Torre Mocha, era ya famosa en el per\u00edodo nazarita por sus uvas pasas de diferentes variedades y excelente calidad. Tendida pr\u00e1cticamnete sobre la ladera de un barranco, su apariencia es marcadamente \u00e1rabe, destacando sobre el escalonamiento de sus blancas casas la Iglesia Parroquial &#8230; <a title=\"El Borge\" class=\"read-more\" href=\"https:\/\/axarquiaonline.com\/index.php\/el-borge\/\" aria-label=\"Leer m\u00e1s sobre El Borge\">Leer m\u00e1s<\/a><\/p>\n","protected":false},"author":1,"featured_media":0,"parent":0,"menu_order":0,"comment_status":"closed","ping_status":"closed","template":"","meta":{"_seopress_robots_primary_cat":"","_seopress_titles_title":"","_seopress_titles_desc":"","_seopress_robots_index":"","_exactmetrics_skip_tracking":false,"_exactmetrics_sitenote_active":false,"_exactmetrics_sitenote_note":"","_exactmetrics_sitenote_category":0,"footnotes":""},"class_list":["post-51","page","type-page","status-publish"],"_links":{"self":[{"href":"https:\/\/axarquiaonline.com\/index.php\/wp-json\/wp\/v2\/pages\/51","targetHints":{"allow":["GET"]}}],"collection":[{"href":"https:\/\/axarquiaonline.com\/index.php\/wp-json\/wp\/v2\/pages"}],"about":[{"href":"https:\/\/axarquiaonline.com\/index.php\/wp-json\/wp\/v2\/types\/page"}],"author":[{"embeddable":true,"href":"https:\/\/axarquiaonline.com\/index.php\/wp-json\/wp\/v2\/users\/1"}],"replies":[{"embeddable":true,"href":"https:\/\/axarquiaonline.com\/index.php\/wp-json\/wp\/v2\/comments?post=51"}],"version-history":[{"count":3,"href":"https:\/\/axarquiaonline.com\/index.php\/wp-json\/wp\/v2\/pages\/51\/revisions"}],"predecessor-version":[{"id":131,"href":"https:\/\/axarquiaonline.com\/index.php\/wp-json\/wp\/v2\/pages\/51\/revisions\/131"}],"wp:attachment":[{"href":"https:\/\/axarquiaonline.com\/index.php\/wp-json\/wp\/v2\/media?parent=51"}],"curies":[{"name":"wp","href":"https:\/\/api.w.org\/{rel}","templated":true}]}}