{"id":5,"date":"2015-09-01T16:33:13","date_gmt":"2015-09-01T16:33:13","guid":{"rendered":"http:\/\/axarquiaonline.com\/?page_id=5"},"modified":"2025-01-09T13:16:50","modified_gmt":"2025-01-09T12:16:50","slug":"contacto","status":"publish","type":"page","link":"https:\/\/axarquiaonline.com\/index.php\/contacto\/","title":{"rendered":"Contacto"},"content":{"rendered":"<h4>Axarqu\u00eda Online.<\/h4>\n<p>Canalejas, 36, 2\u00aa Planta.<br \/>\n29700 V\u00e9lez-M\u00e1laga.<br \/>\nM\u00e1laga. Espa\u00f1a.<\/p>\n<p>M\u00f3vil: +34 689 67 62 47.<\/p>\n<hr \/>\n\n<div class=\"wpcf7 no-js\" id=\"wpcf7-f2537-o1\" lang=\"es-ES\" dir=\"ltr\" data-wpcf7-id=\"2537\">\n<div class=\"screen-reader-response\"><p role=\"status\" aria-live=\"polite\" aria-atomic=\"true\"><\/p> <ul><\/ul><\/div>\n<form action=\"\/index.php\/wp-json\/wp\/v2\/pages\/5#wpcf7-f2537-o1\" method=\"post\" class=\"wpcf7-form init\" aria-label=\"Formulario de contacto\" novalidate=\"novalidate\" data-status=\"init\">\n<fieldset class=\"hidden-fields-container\"><input type=\"hidden\" name=\"_wpcf7\" value=\"2537\" \/><input type=\"hidden\" name=\"_wpcf7_version\" value=\"6.1.5\" \/><input type=\"hidden\" name=\"_wpcf7_locale\" value=\"es_ES\" \/><input type=\"hidden\" name=\"_wpcf7_unit_tag\" value=\"wpcf7-f2537-o1\" \/><input type=\"hidden\" name=\"_wpcf7_container_post\" value=\"0\" \/><input type=\"hidden\" name=\"_wpcf7_posted_data_hash\" value=\"\" \/>\n<\/fieldset>\n<p><label> Tu nombre (requerido)<br \/>\n<span class=\"wpcf7-form-control-wrap\" data-name=\"your-name\"><input size=\"40\" maxlength=\"400\" class=\"wpcf7-form-control wpcf7-text wpcf7-validates-as-required\" aria-required=\"true\" aria-invalid=\"false\" value=\"\" type=\"text\" name=\"your-name\" \/><\/span> <\/label>\n<\/p>\n<p><label> Tu correo electr\u00f3nico (requerido)<br \/>\n<span class=\"wpcf7-form-control-wrap\" data-name=\"your-email\"><input size=\"40\" maxlength=\"400\" class=\"wpcf7-form-control wpcf7-email wpcf7-validates-as-required wpcf7-text wpcf7-validates-as-email\" aria-required=\"true\" aria-invalid=\"false\" value=\"\" type=\"email\" name=\"your-email\" \/><\/span> <\/label>\n<\/p>\n<p><label> Asunto<br \/>\n<span class=\"wpcf7-form-control-wrap\" data-name=\"your-subject\"><input size=\"40\" maxlength=\"400\" class=\"wpcf7-form-control wpcf7-text\" aria-invalid=\"false\" value=\"\" type=\"text\" name=\"your-subject\" \/><\/span> <\/label>\n<\/p>\n<p><label> Tu mensaje<br \/>\n<span class=\"wpcf7-form-control-wrap\" data-name=\"your-message\"><textarea cols=\"40\" rows=\"10\" maxlength=\"2000\" class=\"wpcf7-form-control wpcf7-textarea\" aria-invalid=\"false\" name=\"your-message\"><\/textarea><\/span> <\/label>\n<\/p>\n<p>INFORMACION PROTECCION DE DATOS DE Axarqu\u00eda Online.\n<\/p>\n<p>Finalidades: Responder a sus solicitudes y remitirle informaci\u00f3n comercial de nuestros productos y servicios, incluso por correo electr\u00f3nico. Legitimaci\u00f3n: Consentimiento del interesado. Destinatarios: No est\u00e1n previstas cesiones de datos. Derechos: Puede retirar su consentimiento en cualquier momento, as\u00ed como acceder, rectificar, suprimir sus datos y dem\u00e1s derechos en <a href=\"mailto:webmaster@axarquiaonline.com\" target\"_blank\">webmaster@axarquiaonline.com<\/a>.\n<\/p>\n<p><span class=\"wpcf7-form-control-wrap\" data-name=\"checkbox-607\"><span class=\"wpcf7-form-control wpcf7-checkbox wpcf7-validates-as-required\"><span class=\"wpcf7-list-item first last\"><input type=\"checkbox\" name=\"checkbox-607[]\" value=\"He le\u00eddo y acepto el\" \/><span class=\"wpcf7-list-item-label\">He le\u00eddo y acepto el<\/span><\/span><\/span><\/span><a href=\"https:\/\/axarquiaonline.com\/index.php\/aviso-legal\/\/\" target=\"_blank\"> Aviso legal.<\/a><span class=\"wpcf7-form-control-wrap\" data-name=\"checkbox-607\"><span class=\"wpcf7-form-control wpcf7-checkbox wpcf7-validates-as-required\"><span class=\"wpcf7-list-item first last\"><input type=\"checkbox\" name=\"checkbox-607[]\" value=\"Acepto recibir informaci\u00f3n comercial, incluso por correo electr\u00f3nico.\" \/><span class=\"wpcf7-list-item-label\">Acepto recibir informaci\u00f3n comercial, incluso por correo electr\u00f3nico.<\/span><\/span><\/span><\/span>\n<\/p>\n<p><input class=\"wpcf7-form-control wpcf7-submit has-spinner\" type=\"submit\" value=\"Enviar\" \/>\n<\/p><div class=\"wpcf7-response-output\" aria-hidden=\"true\"><\/div>\n<\/form>\n<\/div>\n\n<p>&nbsp;<\/p>\n","protected":false},"excerpt":{"rendered":"<p>Axarqu\u00eda Online. Canalejas, 36, 2\u00aa Planta. 29700 V\u00e9lez-M\u00e1laga. M\u00e1laga. Espa\u00f1a. M\u00f3vil: +34 689 67 62 47. &nbsp;<\/p>\n","protected":false},"author":1,"featured_media":0,"parent":0,"menu_order":0,"comment_status":"closed","ping_status":"closed","template":"","meta":{"_seopress_robots_primary_cat":"","_seopress_titles_title":"","_seopress_titles_desc":"","_seopress_robots_index":"","_exactmetrics_skip_tracking":false,"_exactmetrics_sitenote_active":false,"_exactmetrics_sitenote_note":"","_exactmetrics_sitenote_category":0,"footnotes":""},"class_list":["post-5","page","type-page","status-publish"],"_links":{"self":[{"href":"https:\/\/axarquiaonline.com\/index.php\/wp-json\/wp\/v2\/pages\/5","targetHints":{"allow":["GET"]}}],"collection":[{"href":"https:\/\/axarquiaonline.com\/index.php\/wp-json\/wp\/v2\/pages"}],"about":[{"href":"https:\/\/axarquiaonline.com\/index.php\/wp-json\/wp\/v2\/types\/page"}],"author":[{"embeddable":true,"href":"https:\/\/axarquiaonline.com\/index.php\/wp-json\/wp\/v2\/users\/1"}],"replies":[{"embeddable":true,"href":"https:\/\/axarquiaonline.com\/index.php\/wp-json\/wp\/v2\/comments?post=5"}],"version-history":[{"count":13,"href":"https:\/\/axarquiaonline.com\/index.php\/wp-json\/wp\/v2\/pages\/5\/revisions"}],"predecessor-version":[{"id":3485,"href":"https:\/\/axarquiaonline.com\/index.php\/wp-json\/wp\/v2\/pages\/5\/revisions\/3485"}],"wp:attachment":[{"href":"https:\/\/axarquiaonline.com\/index.php\/wp-json\/wp\/v2\/media?parent=5"}],"curies":[{"name":"wp","href":"https:\/\/api.w.org\/{rel}","templated":true}]}}