{"id":49,"date":"2015-09-01T16:54:07","date_gmt":"2015-09-01T16:54:07","guid":{"rendered":"http:\/\/axarquiaonline.com\/?page_id=49"},"modified":"2015-09-01T17:30:07","modified_gmt":"2015-09-01T17:30:07","slug":"benamocarra","status":"publish","type":"page","link":"https:\/\/axarquiaonline.com\/index.php\/benamocarra\/","title":{"rendered":"Benamocarra"},"content":{"rendered":"<p style=\"text-align: justify;\"><a href=\"http:\/\/axarquiaonline.com\/wp-content\/uploads\/2015\/09\/9-Benamocarra.gif\"><img loading=\"lazy\" decoding=\"async\" class=\"size-full wp-image-127 alignright\" src=\"http:\/\/axarquiaonline.com\/wp-content\/uploads\/2015\/09\/9-Benamocarra.gif\" alt=\"9-Benamocarra\" width=\"153\" height=\"153\" \/><\/a><\/p>\n<p style=\"text-align: justify;\">* Sobre el valle que riega el r\u00edo Iznate, repleta de cultivos tropicales, se asienta esta localidad de origen \u00e1rabe. Su actividad productiva se basa principalmente en la agricultura, siendo muy apreciada, por su variedad y calidad, la producci\u00f3n horto- frut\u00edcola. Un recorido por el casco urbano nos permitir\u00e1 comprobar su trazado morisco con viviendas de frescos patios interiores. El Pilar de Luchena y la Parroquia de Santa Ana, adosada a una torre mud\u00e9jar, son lugares interesantes para conocer.<\/p>\n<div id=\"colpueblo\">\n<p><b>Superficie:<\/b><\/p>\n<p>5,25 Km\u00b2.<\/p>\n<p><b><br \/>\nOtras Poblaciones:<\/b><\/p>\n<p>No tiene.<\/p>\n<p><b>Habitantes:<\/b><\/p>\n<p>2.887.<\/p>\n<p><b>Fiestas Oficiales:<\/b><\/p>\n<p>6 de Junio.<br \/>\n21 de Octubre.<\/p>\n<\/div>\n<div id=\"colpueblo\">\n<p><b>Fiestas Populares:<\/b><\/p>\n<p><b>Febrero:<\/b> Carnavales.<\/p>\n<p><b>15 de Mayo:<\/b> Romer\u00edas de San Isidro.<\/p>\n<p><b>7 y 8 de Septiembre:<\/b> Noche de Las Candelas, (quema de Patacos)<\/p>\n<p><b>18, 19 y 20 de Octubre:<\/b> Feria y Fiestas del Sant\u00edsimo Cristo de la Salud.<\/p>\n<p><b><br \/>\nLugares de Inter\u00e9s:<\/b><\/p>\n<p><b>Parroquia de Santa Ana, s. XVI,<\/b> reformada en 1.949.<\/p>\n<p><b>Restos de la Alquer\u00eda de Luchena,<\/b> de origen medieval.<\/p>\n<p><a href=\"http:\/\/axarquiaonline.com\/index.php\/benamargosa\/\">Anterior pueblo&#8230;<\/a><br \/>\n<a href=\"http:\/\/axarquiaonline.com\/index.php\/el-borge\/\">Siguiente pueblo&#8230;<\/a><\/p>\n<\/div>\n","protected":false},"excerpt":{"rendered":"<p>* Sobre el valle que riega el r\u00edo Iznate, repleta de cultivos tropicales, se asienta esta localidad de origen \u00e1rabe. Su actividad productiva se basa principalmente en la agricultura, siendo muy apreciada, por su variedad y calidad, la producci\u00f3n horto- frut\u00edcola. Un recorido por el casco urbano nos permitir\u00e1 comprobar su trazado morisco con viviendas &#8230; <a title=\"Benamocarra\" class=\"read-more\" href=\"https:\/\/axarquiaonline.com\/index.php\/benamocarra\/\" aria-label=\"Leer m\u00e1s sobre Benamocarra\">Leer m\u00e1s<\/a><\/p>\n","protected":false},"author":1,"featured_media":0,"parent":0,"menu_order":0,"comment_status":"closed","ping_status":"closed","template":"","meta":{"_seopress_robots_primary_cat":"","_seopress_titles_title":"","_seopress_titles_desc":"","_seopress_robots_index":"","_exactmetrics_skip_tracking":false,"_exactmetrics_sitenote_active":false,"_exactmetrics_sitenote_note":"","_exactmetrics_sitenote_category":0,"footnotes":""},"class_list":["post-49","page","type-page","status-publish"],"_links":{"self":[{"href":"https:\/\/axarquiaonline.com\/index.php\/wp-json\/wp\/v2\/pages\/49","targetHints":{"allow":["GET"]}}],"collection":[{"href":"https:\/\/axarquiaonline.com\/index.php\/wp-json\/wp\/v2\/pages"}],"about":[{"href":"https:\/\/axarquiaonline.com\/index.php\/wp-json\/wp\/v2\/types\/page"}],"author":[{"embeddable":true,"href":"https:\/\/axarquiaonline.com\/index.php\/wp-json\/wp\/v2\/users\/1"}],"replies":[{"embeddable":true,"href":"https:\/\/axarquiaonline.com\/index.php\/wp-json\/wp\/v2\/comments?post=49"}],"version-history":[{"count":3,"href":"https:\/\/axarquiaonline.com\/index.php\/wp-json\/wp\/v2\/pages\/49\/revisions"}],"predecessor-version":[{"id":128,"href":"https:\/\/axarquiaonline.com\/index.php\/wp-json\/wp\/v2\/pages\/49\/revisions\/128"}],"wp:attachment":[{"href":"https:\/\/axarquiaonline.com\/index.php\/wp-json\/wp\/v2\/media?parent=49"}],"curies":[{"name":"wp","href":"https:\/\/api.w.org\/{rel}","templated":true}]}}