{"id":483,"date":"2015-11-20T12:32:35","date_gmt":"2015-11-20T12:32:35","guid":{"rendered":"http:\/\/axarquiaonline.com\/?page_id=483"},"modified":"2016-11-21T10:38:11","modified_gmt":"2016-11-21T10:38:11","slug":"asesorias","status":"publish","type":"page","link":"https:\/\/axarquiaonline.com\/index.php\/asesorias\/","title":{"rendered":"Asesor\u00edas"},"content":{"rendered":"<p><strong>V\u00e9lez-M\u00e1laga.<\/strong><\/p>\n<p><a href=\"http:\/\/axarquiaonline.com\/index.php\/niza-asesores\/\"><img loading=\"lazy\" decoding=\"async\" class=\"alignnone wp-image-466\" src=\"http:\/\/axarquiaonline.com\/wp-content\/uploads\/2015\/11\/logo_niza_asesores-300x100.jpg\" alt=\"logo_niza_asesores\" width=\"140\" height=\"47\" \/><\/a><br \/>\n<a href=\"http:\/\/axarquiaonline.com\/index.php\/niza-asesores\/\">Niza Asesores.<\/a><\/p>\n","protected":false},"excerpt":{"rendered":"<p>V\u00e9lez-M\u00e1laga. Niza Asesores.<\/p>\n","protected":false},"author":1,"featured_media":0,"parent":0,"menu_order":0,"comment_status":"closed","ping_status":"closed","template":"","meta":{"_seopress_robots_primary_cat":"","_seopress_titles_title":"","_seopress_titles_desc":"","_seopress_robots_index":"","_exactmetrics_skip_tracking":false,"_exactmetrics_sitenote_active":false,"_exactmetrics_sitenote_note":"","_exactmetrics_sitenote_category":0,"footnotes":""},"class_list":["post-483","page","type-page","status-publish"],"_links":{"self":[{"href":"https:\/\/axarquiaonline.com\/index.php\/wp-json\/wp\/v2\/pages\/483","targetHints":{"allow":["GET"]}}],"collection":[{"href":"https:\/\/axarquiaonline.com\/index.php\/wp-json\/wp\/v2\/pages"}],"about":[{"href":"https:\/\/axarquiaonline.com\/index.php\/wp-json\/wp\/v2\/types\/page"}],"author":[{"embeddable":true,"href":"https:\/\/axarquiaonline.com\/index.php\/wp-json\/wp\/v2\/users\/1"}],"replies":[{"embeddable":true,"href":"https:\/\/axarquiaonline.com\/index.php\/wp-json\/wp\/v2\/comments?post=483"}],"version-history":[{"count":3,"href":"https:\/\/axarquiaonline.com\/index.php\/wp-json\/wp\/v2\/pages\/483\/revisions"}],"predecessor-version":[{"id":1264,"href":"https:\/\/axarquiaonline.com\/index.php\/wp-json\/wp\/v2\/pages\/483\/revisions\/1264"}],"wp:attachment":[{"href":"https:\/\/axarquiaonline.com\/index.php\/wp-json\/wp\/v2\/media?parent=483"}],"curies":[{"name":"wp","href":"https:\/\/api.w.org\/{rel}","templated":true}]}}