{"id":47,"date":"2015-09-01T16:53:57","date_gmt":"2015-09-01T16:53:57","guid":{"rendered":"http:\/\/axarquiaonline.com\/?page_id=47"},"modified":"2015-09-01T17:27:53","modified_gmt":"2015-09-01T17:27:53","slug":"benamargosa","status":"publish","type":"page","link":"https:\/\/axarquiaonline.com\/index.php\/benamargosa\/","title":{"rendered":"Benamargosa"},"content":{"rendered":"<p><a href=\"http:\/\/axarquiaonline.com\/wp-content\/uploads\/2015\/09\/8-Benamargosa.gif\"><img loading=\"lazy\" decoding=\"async\" class=\"size-full wp-image-122 alignright\" src=\"http:\/\/axarquiaonline.com\/wp-content\/uploads\/2015\/09\/8-Benamargosa.gif\" alt=\"8-Benamargosa\" width=\"153\" height=\"153\" \/><\/a><\/p>\n<p style=\"text-align: justify;\">* Situada junto al r\u00edo al que nombra, Benamargosa est\u00e1 rodeada de huertas, naranjos, limoneros y \u00e1rboles subtropicales que alfombran de verde el estrecho valle del r\u00edo y ascienden en bancales por las laderas de los cerros que lo flanquean. Sus huertas le confieren un paisaje pintoresco, as\u00ed como las frondosas plantaciones de aguacates y limoneros.<\/p>\n<div id=\"colpueblo\">\n<p><b>Superficie:<\/b><\/p>\n<p>12,1 Km\u00b2.<\/p>\n<p><b>Otras Poblaciones:<\/b><\/p>\n<p>No tiene.<\/p>\n<p><b>Habitantes:<\/b><\/p>\n<p>1.585.<\/p>\n<p><b>Fiestas Oficiales:<\/b><\/p>\n<p>6 de Junio.<br \/>\n5 de Agosto.<\/p>\n<\/div>\n<div id=\"colpueblo\">\n<p><b>Fiestas Populares:<\/b><\/p>\n<p><b>20 de Enero:<\/b> Festividad de San Sebasti\u00e1n.<\/p>\n<p><b>2, 3 y 4 de Agosto:<\/b> Feria.<\/p>\n<p><b><br \/>\nLugares de Inter\u00e9s:<\/b><\/p>\n<p><b>Iglesia Parroquial de Ntra. Sra. de la Encarnaci\u00f3n, s. XVI,<\/b> levantada sobre la mezquita preexistente.<\/p>\n<p><b>Cementerio con su capilla, s. XIX.<\/b><\/p>\n<p><a href=\"http:\/\/axarquiaonline.com\/index.php\/arenas\/\">Anterior pueblo&#8230;<\/a><br \/>\n<a href=\"http:\/\/axarquiaonline.com\/index.php\/benamocarra\/\">Siguiente pueblo&#8230;<\/a><\/p>\n<\/div>\n","protected":false},"excerpt":{"rendered":"<p>* Situada junto al r\u00edo al que nombra, Benamargosa est\u00e1 rodeada de huertas, naranjos, limoneros y \u00e1rboles subtropicales que alfombran de verde el estrecho valle del r\u00edo y ascienden en bancales por las laderas de los cerros que lo flanquean. Sus huertas le confieren un paisaje pintoresco, as\u00ed como las frondosas plantaciones de aguacates y &#8230; <a title=\"Benamargosa\" class=\"read-more\" href=\"https:\/\/axarquiaonline.com\/index.php\/benamargosa\/\" aria-label=\"Leer m\u00e1s sobre Benamargosa\">Leer m\u00e1s<\/a><\/p>\n","protected":false},"author":1,"featured_media":0,"parent":0,"menu_order":0,"comment_status":"closed","ping_status":"closed","template":"","meta":{"_seopress_robots_primary_cat":"","_seopress_titles_title":"","_seopress_titles_desc":"","_seopress_robots_index":"","_exactmetrics_skip_tracking":false,"_exactmetrics_sitenote_active":false,"_exactmetrics_sitenote_note":"","_exactmetrics_sitenote_category":0,"footnotes":""},"class_list":["post-47","page","type-page","status-publish"],"_links":{"self":[{"href":"https:\/\/axarquiaonline.com\/index.php\/wp-json\/wp\/v2\/pages\/47","targetHints":{"allow":["GET"]}}],"collection":[{"href":"https:\/\/axarquiaonline.com\/index.php\/wp-json\/wp\/v2\/pages"}],"about":[{"href":"https:\/\/axarquiaonline.com\/index.php\/wp-json\/wp\/v2\/types\/page"}],"author":[{"embeddable":true,"href":"https:\/\/axarquiaonline.com\/index.php\/wp-json\/wp\/v2\/users\/1"}],"replies":[{"embeddable":true,"href":"https:\/\/axarquiaonline.com\/index.php\/wp-json\/wp\/v2\/comments?post=47"}],"version-history":[{"count":4,"href":"https:\/\/axarquiaonline.com\/index.php\/wp-json\/wp\/v2\/pages\/47\/revisions"}],"predecessor-version":[{"id":125,"href":"https:\/\/axarquiaonline.com\/index.php\/wp-json\/wp\/v2\/pages\/47\/revisions\/125"}],"wp:attachment":[{"href":"https:\/\/axarquiaonline.com\/index.php\/wp-json\/wp\/v2\/media?parent=47"}],"curies":[{"name":"wp","href":"https:\/\/api.w.org\/{rel}","templated":true}]}}