{"id":449,"date":"2015-11-14T18:48:37","date_gmt":"2015-11-14T18:48:37","guid":{"rendered":"http:\/\/axarquiaonline.com\/?page_id=449"},"modified":"2023-04-14T16:48:24","modified_gmt":"2023-04-14T15:48:24","slug":"cafeterias","status":"publish","type":"page","link":"https:\/\/axarquiaonline.com\/index.php\/cafeterias\/","title":{"rendered":"Cafeter\u00edas"},"content":{"rendered":"<p><strong>V\u00e9lez-M\u00e1laga.<\/strong><\/p>\n<p><a href=\"http:\/\/axarquiaonline.com\/index.php\/cafeteria-iris\/\"><img loading=\"lazy\" decoding=\"async\" class=\"alignnone wp-image-2274\" src=\"http:\/\/axarquiaonline.com\/wp-content\/uploads\/2018\/07\/logoirissmall-300x152.jpg\" alt=\"\" width=\"140\" height=\"71\" srcset=\"https:\/\/axarquiaonline.com\/wp-content\/uploads\/2018\/07\/logoirissmall-300x152.jpg 300w, https:\/\/axarquiaonline.com\/wp-content\/uploads\/2018\/07\/logoirissmall-768x388.jpg 768w, https:\/\/axarquiaonline.com\/wp-content\/uploads\/2018\/07\/logoirissmall-1024x517.jpg 1024w, https:\/\/axarquiaonline.com\/wp-content\/uploads\/2018\/07\/logoirissmall-624x315.jpg 624w, https:\/\/axarquiaonline.com\/wp-content\/uploads\/2018\/07\/logoirissmall.jpg 1500w\" sizes=\"auto, (max-width: 140px) 100vw, 140px\" \/><\/a><\/p>\n<p>&nbsp;<\/p>\n","protected":false},"excerpt":{"rendered":"<p>V\u00e9lez-M\u00e1laga. &nbsp;<\/p>\n","protected":false},"author":1,"featured_media":0,"parent":0,"menu_order":0,"comment_status":"closed","ping_status":"closed","template":"","meta":{"_seopress_robots_primary_cat":"","_seopress_titles_title":"","_seopress_titles_desc":"","_seopress_robots_index":"","_exactmetrics_skip_tracking":false,"_exactmetrics_sitenote_active":false,"_exactmetrics_sitenote_note":"","_exactmetrics_sitenote_category":0,"footnotes":""},"class_list":["post-449","page","type-page","status-publish"],"_links":{"self":[{"href":"https:\/\/axarquiaonline.com\/index.php\/wp-json\/wp\/v2\/pages\/449","targetHints":{"allow":["GET"]}}],"collection":[{"href":"https:\/\/axarquiaonline.com\/index.php\/wp-json\/wp\/v2\/pages"}],"about":[{"href":"https:\/\/axarquiaonline.com\/index.php\/wp-json\/wp\/v2\/types\/page"}],"author":[{"embeddable":true,"href":"https:\/\/axarquiaonline.com\/index.php\/wp-json\/wp\/v2\/users\/1"}],"replies":[{"embeddable":true,"href":"https:\/\/axarquiaonline.com\/index.php\/wp-json\/wp\/v2\/comments?post=449"}],"version-history":[{"count":15,"href":"https:\/\/axarquiaonline.com\/index.php\/wp-json\/wp\/v2\/pages\/449\/revisions"}],"predecessor-version":[{"id":3447,"href":"https:\/\/axarquiaonline.com\/index.php\/wp-json\/wp\/v2\/pages\/449\/revisions\/3447"}],"wp:attachment":[{"href":"https:\/\/axarquiaonline.com\/index.php\/wp-json\/wp\/v2\/media?parent=449"}],"curies":[{"name":"wp","href":"https:\/\/api.w.org\/{rel}","templated":true}]}}