{"id":420,"date":"2015-10-05T16:21:25","date_gmt":"2015-10-05T16:21:25","guid":{"rendered":"http:\/\/axarquiaonline.com\/?page_id=420"},"modified":"2025-02-03T13:21:07","modified_gmt":"2025-02-03T12:21:07","slug":"opticas-2","status":"publish","type":"page","link":"https:\/\/axarquiaonline.com\/index.php\/opticas-2\/","title":{"rendered":"\u00d3pticas"},"content":{"rendered":"<h4><strong>V\u00e9lez-M\u00e1laga.<\/strong><\/h4>\n<p><a href=\"https:\/\/axarquiaonline.com\/index.php\/labao\/\"><img loading=\"lazy\" decoding=\"async\" class=\"alignleft wp-image-3491\" src=\"https:\/\/axarquiaonline.com\/wp-content\/uploads\/2025\/01\/logo-LABAO1-1024x238.png\" alt=\"\" width=\"267\" height=\"62\" srcset=\"https:\/\/axarquiaonline.com\/wp-content\/uploads\/2025\/01\/logo-LABAO1-1024x238.png 1024w, https:\/\/axarquiaonline.com\/wp-content\/uploads\/2025\/01\/logo-LABAO1-300x70.png 300w, https:\/\/axarquiaonline.com\/wp-content\/uploads\/2025\/01\/logo-LABAO1-768x178.png 768w, https:\/\/axarquiaonline.com\/wp-content\/uploads\/2025\/01\/logo-LABAO1-1536x357.png 1536w, https:\/\/axarquiaonline.com\/wp-content\/uploads\/2025\/01\/logo-LABAO1-2048x476.png 2048w\" sizes=\"auto, (max-width: 267px) 100vw, 267px\" \/><\/a><\/p>\n","protected":false},"excerpt":{"rendered":"<p>V\u00e9lez-M\u00e1laga.<\/p>\n","protected":false},"author":1,"featured_media":0,"parent":0,"menu_order":0,"comment_status":"closed","ping_status":"closed","template":"","meta":{"_seopress_robots_primary_cat":"","_seopress_titles_title":"","_seopress_titles_desc":"","_seopress_robots_index":"","_exactmetrics_skip_tracking":false,"_exactmetrics_sitenote_active":false,"_exactmetrics_sitenote_note":"","_exactmetrics_sitenote_category":0,"footnotes":""},"class_list":["post-420","page","type-page","status-publish"],"_links":{"self":[{"href":"https:\/\/axarquiaonline.com\/index.php\/wp-json\/wp\/v2\/pages\/420","targetHints":{"allow":["GET"]}}],"collection":[{"href":"https:\/\/axarquiaonline.com\/index.php\/wp-json\/wp\/v2\/pages"}],"about":[{"href":"https:\/\/axarquiaonline.com\/index.php\/wp-json\/wp\/v2\/types\/page"}],"author":[{"embeddable":true,"href":"https:\/\/axarquiaonline.com\/index.php\/wp-json\/wp\/v2\/users\/1"}],"replies":[{"embeddable":true,"href":"https:\/\/axarquiaonline.com\/index.php\/wp-json\/wp\/v2\/comments?post=420"}],"version-history":[{"count":14,"href":"https:\/\/axarquiaonline.com\/index.php\/wp-json\/wp\/v2\/pages\/420\/revisions"}],"predecessor-version":[{"id":3498,"href":"https:\/\/axarquiaonline.com\/index.php\/wp-json\/wp\/v2\/pages\/420\/revisions\/3498"}],"wp:attachment":[{"href":"https:\/\/axarquiaonline.com\/index.php\/wp-json\/wp\/v2\/media?parent=420"}],"curies":[{"name":"wp","href":"https:\/\/api.w.org\/{rel}","templated":true}]}}