{"id":39,"date":"2015-09-01T16:53:13","date_gmt":"2015-09-01T16:53:13","guid":{"rendered":"http:\/\/axarquiaonline.com\/?page_id=39"},"modified":"2015-09-01T17:16:50","modified_gmt":"2015-09-01T17:16:50","slug":"algarrobo","status":"publish","type":"page","link":"https:\/\/axarquiaonline.com\/index.php\/algarrobo\/","title":{"rendered":"Algarrobo"},"content":{"rendered":"<p><a href=\"http:\/\/axarquiaonline.com\/wp-content\/uploads\/2015\/09\/4-Algarrobo.gif\"><img loading=\"lazy\" decoding=\"async\" class=\"size-full wp-image-108 alignright\" src=\"http:\/\/axarquiaonline.com\/wp-content\/uploads\/2015\/09\/4-Algarrobo.gif\" alt=\"4-Algarrobo\" width=\"153\" height=\"153\" \/><\/a><\/p>\n<p style=\"text-align: justify;\">* El municipio de Algarrobo se extiende por los montes ax\u00e1rquicos situados al este del r\u00edo V\u00e9lez y se asoma al mar por la estrecha franja costera que va desde Mezquitilla a Caleta de V\u00e9lez. Este pueblo, de trazado urban\u00edstico de calles pendientes y estrechas como corresponde a su pasado \u00e1rabe, trepa por la ladera de la colina del Ejido donde se asienta una explanada y en ella la ermita de San Sebasti\u00e1n. Buscando en su pasado enontramos los restos aqueol\u00f3gicos de Trayamar, complejo de tumbas paleop\u00fanicas.<\/p>\n<div id=\"colpueblo\">\n<p><b>Superficie:<\/b><\/p>\n<p>9,70 Km\u00b2.<\/p>\n<p><b>Otras Poblaciones:<\/b><\/p>\n<p>Algarrobo Costa,<br \/>\nMezquitilla.<\/p>\n<p><b>Habitantes:<\/b><\/p>\n<p>5.275.<\/p>\n<p><b>Fiestas Oficiales:<\/b><\/p>\n<p>19 de Enero.<br \/>\n28 de Agosto.<\/p>\n<\/div>\n<div id=\"colpueblo\">\n<p><b>Fiestas Populares:<\/b><\/p>\n<p><b>20 de Enero:<\/b> Festividad de San Sebasti\u00e1n.<\/p>\n<p><b>23, 24 y 25 de Agosto:<\/b> Feria.<\/p>\n<p><b><br \/>\nLugares de Inter\u00e9s:<\/b><\/p>\n<p><b>Parroquia de Santa Ana, s. XVI.<\/b> Merece especial atenci\u00f3n su artesonado de madera de s. XVIII.<\/p>\n<p><b>Ermita de San Sebasti\u00e1n.<\/b><\/p>\n<p><b>Torres Vig\u00eda.<\/b><br \/>\n\u00bb Torreladeada \u00ab, isl\u00e1mica,<br \/>\n\u00bb Torrenueva \u00bb fortaleza militar, s. XVI.<\/p>\n<p><b>Restos rqueol\u00f3gicos de Trayamar.<\/b><\/p>\n<p><b>Necr\u00f3polis Paleop\u00fanica,<\/b><br \/>\n(fenicia) del s. VIII a.C.<\/p>\n<p><a href=\"http:\/\/axarquiaonline.com\/index.php\/alfarnatejo\/\">Anterior pueblo&#8230;<\/a><br \/>\n<a href=\"http:\/\/axarquiaonline.com\/index.php\/almachar\/\">Siguiente pueblo&#8230;<\/a><\/p>\n<\/div>\n","protected":false},"excerpt":{"rendered":"<p>* El municipio de Algarrobo se extiende por los montes ax\u00e1rquicos situados al este del r\u00edo V\u00e9lez y se asoma al mar por la estrecha franja costera que va desde Mezquitilla a Caleta de V\u00e9lez. Este pueblo, de trazado urban\u00edstico de calles pendientes y estrechas como corresponde a su pasado \u00e1rabe, trepa por la ladera &#8230; <a title=\"Algarrobo\" class=\"read-more\" href=\"https:\/\/axarquiaonline.com\/index.php\/algarrobo\/\" aria-label=\"Leer m\u00e1s sobre Algarrobo\">Leer m\u00e1s<\/a><\/p>\n","protected":false},"author":1,"featured_media":0,"parent":0,"menu_order":0,"comment_status":"closed","ping_status":"closed","template":"","meta":{"_seopress_robots_primary_cat":"","_seopress_titles_title":"","_seopress_titles_desc":"","_seopress_robots_index":"","_exactmetrics_skip_tracking":false,"_exactmetrics_sitenote_active":false,"_exactmetrics_sitenote_note":"","_exactmetrics_sitenote_category":0,"footnotes":""},"class_list":["post-39","page","type-page","status-publish"],"_links":{"self":[{"href":"https:\/\/axarquiaonline.com\/index.php\/wp-json\/wp\/v2\/pages\/39","targetHints":{"allow":["GET"]}}],"collection":[{"href":"https:\/\/axarquiaonline.com\/index.php\/wp-json\/wp\/v2\/pages"}],"about":[{"href":"https:\/\/axarquiaonline.com\/index.php\/wp-json\/wp\/v2\/types\/page"}],"author":[{"embeddable":true,"href":"https:\/\/axarquiaonline.com\/index.php\/wp-json\/wp\/v2\/users\/1"}],"replies":[{"embeddable":true,"href":"https:\/\/axarquiaonline.com\/index.php\/wp-json\/wp\/v2\/comments?post=39"}],"version-history":[{"count":4,"href":"https:\/\/axarquiaonline.com\/index.php\/wp-json\/wp\/v2\/pages\/39\/revisions"}],"predecessor-version":[{"id":111,"href":"https:\/\/axarquiaonline.com\/index.php\/wp-json\/wp\/v2\/pages\/39\/revisions\/111"}],"wp:attachment":[{"href":"https:\/\/axarquiaonline.com\/index.php\/wp-json\/wp\/v2\/media?parent=39"}],"curies":[{"name":"wp","href":"https:\/\/api.w.org\/{rel}","templated":true}]}}