{"id":37,"date":"2015-09-01T16:53:03","date_gmt":"2015-09-01T16:53:03","guid":{"rendered":"http:\/\/axarquiaonline.com\/?page_id=37"},"modified":"2015-09-01T17:14:11","modified_gmt":"2015-09-01T17:14:11","slug":"alfarnatejo","status":"publish","type":"page","link":"https:\/\/axarquiaonline.com\/index.php\/alfarnatejo\/","title":{"rendered":"Alfarnatejo"},"content":{"rendered":"<p><a href=\"http:\/\/axarquiaonline.com\/wp-content\/uploads\/2015\/09\/3-Alfarnatejo.gif\"><img loading=\"lazy\" decoding=\"async\" class=\"size-full wp-image-104 alignright\" src=\"http:\/\/axarquiaonline.com\/wp-content\/uploads\/2015\/09\/3-Alfarnatejo.gif\" alt=\"3-Alfarnatejo\" width=\"153\" height=\"153\" \/><\/a><\/p>\n<p>* Rodeada de un agreste paisaje, a 925 m. de altitud, esta poblaci\u00f3n atesora mitos y leyendas sobre el bandolerismo del s. XVII. Actualmente lo intrincado de sus monta\u00f1as y desfiladeros constituyen un poderoso reclamo para los aficionados al senderismo y amantes de la naturaleza en general. Remontar el curso del r\u00edo Sabar o situarse al pie de los Tajos de G\u00f3mer y Do\u00f1a Ana resultar\u00e1, sin lugar a duda, una experiencia inolvidable.<\/p>\n<div id=\"colpueblo\">\n<p><b>Superficie:<\/b><\/p>\n<p>19,8 Km\u00b2.<\/p>\n<p><b>Otras Poblaciones:<\/b><\/p>\n<p>Sabar,<br \/>\nPulgar\u00edn,<br \/>\nEl Navazo,<br \/>\nVenta de San Juan.<\/p>\n<p><b>Habitantes:<\/b><\/p>\n<p>404.<\/p>\n<p><b>Fiestas Oficiales:<\/b><\/p>\n<p>25 de Abril.<br \/>\n12 de Septiembre.<\/p>\n<\/div>\n<div id=\"colpueblo\">\n<p><b>Fiestas Populares:<\/b><\/p>\n<p><b>15 de Mayo:<\/b> Romer\u00eda de San Isidro.<\/p>\n<p><b>27, 28 y 29 de Septiembre:<\/b> Feria y Fiestas.<\/p>\n<p><b><br \/>\nLugares de Inter\u00e9s:<\/b><\/p>\n<p><b>Iglesia Parroquial del Sto. Cristo de Cabrillas, s. XVIII.<\/b><\/p>\n<p><b>Los Tajos de G\u00f3mer y Do\u00f1a Ana.<\/b> Se encuentran las ruinas de un castillo \u00e1rabe.<\/p>\n<p><a href=\"http:\/\/axarquiaonline.com\/index.php\/alfarnate\/\">Anterior pueblo&#8230;<\/a><br \/>\n<a href=\"http:\/\/axarquiaonline.com\/index.php\/algarrobo\/\">Siguiente pueblo&#8230;<\/a><\/p>\n<\/div>\n","protected":false},"excerpt":{"rendered":"<p>* Rodeada de un agreste paisaje, a 925 m. de altitud, esta poblaci\u00f3n atesora mitos y leyendas sobre el bandolerismo del s. XVII. Actualmente lo intrincado de sus monta\u00f1as y desfiladeros constituyen un poderoso reclamo para los aficionados al senderismo y amantes de la naturaleza en general. Remontar el curso del r\u00edo Sabar o situarse &#8230; <a title=\"Alfarnatejo\" class=\"read-more\" href=\"https:\/\/axarquiaonline.com\/index.php\/alfarnatejo\/\" aria-label=\"Leer m\u00e1s sobre Alfarnatejo\">Leer m\u00e1s<\/a><\/p>\n","protected":false},"author":1,"featured_media":0,"parent":0,"menu_order":0,"comment_status":"closed","ping_status":"closed","template":"","meta":{"_seopress_robots_primary_cat":"","_seopress_titles_title":"","_seopress_titles_desc":"","_seopress_robots_index":"","_exactmetrics_skip_tracking":false,"_exactmetrics_sitenote_active":false,"_exactmetrics_sitenote_note":"","_exactmetrics_sitenote_category":0,"footnotes":""},"class_list":["post-37","page","type-page","status-publish"],"_links":{"self":[{"href":"https:\/\/axarquiaonline.com\/index.php\/wp-json\/wp\/v2\/pages\/37","targetHints":{"allow":["GET"]}}],"collection":[{"href":"https:\/\/axarquiaonline.com\/index.php\/wp-json\/wp\/v2\/pages"}],"about":[{"href":"https:\/\/axarquiaonline.com\/index.php\/wp-json\/wp\/v2\/types\/page"}],"author":[{"embeddable":true,"href":"https:\/\/axarquiaonline.com\/index.php\/wp-json\/wp\/v2\/users\/1"}],"replies":[{"embeddable":true,"href":"https:\/\/axarquiaonline.com\/index.php\/wp-json\/wp\/v2\/comments?post=37"}],"version-history":[{"count":4,"href":"https:\/\/axarquiaonline.com\/index.php\/wp-json\/wp\/v2\/pages\/37\/revisions"}],"predecessor-version":[{"id":107,"href":"https:\/\/axarquiaonline.com\/index.php\/wp-json\/wp\/v2\/pages\/37\/revisions\/107"}],"wp:attachment":[{"href":"https:\/\/axarquiaonline.com\/index.php\/wp-json\/wp\/v2\/media?parent=37"}],"curies":[{"name":"wp","href":"https:\/\/api.w.org\/{rel}","templated":true}]}}