{"id":35,"date":"2015-09-01T16:52:52","date_gmt":"2015-09-01T16:52:52","guid":{"rendered":"http:\/\/axarquiaonline.com\/?page_id=35"},"modified":"2015-09-01T17:10:43","modified_gmt":"2015-09-01T17:10:43","slug":"alfarnate","status":"publish","type":"page","link":"https:\/\/axarquiaonline.com\/index.php\/alfarnate\/","title":{"rendered":"Alfarnate"},"content":{"rendered":"<p style=\"text-align: justify;\"><a href=\"http:\/\/axarquiaonline.com\/wp-content\/uploads\/2015\/09\/2-Alfarnate.gif\"><img loading=\"lazy\" decoding=\"async\" class=\"size-full wp-image-101 alignright\" src=\"http:\/\/axarquiaonline.com\/wp-content\/uploads\/2015\/09\/2-Alfarnate.gif\" alt=\"2-Alfarnate\" width=\"153\" height=\"153\" \/><\/a><\/p>\n<p style=\"text-align: justify;\">* Es el municipio de la comarca situado a mayor altitud, ( 928 m. ), en las inmediaciones del Parque Natural de los Montes de M\u00e1laga. Relevante en la historia del bandolerismo. Su paisaje es rocoso y de grandes monta\u00f1as escarpadas lo que lo hace particular en relaci\u00f3n con el resto de la Comarca. En este municipio se ubica una Venta Museo que fue refugio y prisi\u00f3n de legendarios bandoleros.<\/p>\n<div id=\"colpueblo\">\n<p><b>Superficie:<\/b><\/p>\n<p>34 Km\u00b2.<\/p>\n<p><b>Otras Poblaciones:<\/b><\/p>\n<p>No tiene.<\/p>\n<p><b>Habitantes:<\/b><\/p>\n<p>1.398.<\/p>\n<p><b>Fiestas Oficiales:<\/b><\/p>\n<p>25 de Abril.<br \/>\n12 de Septiembre.<\/p>\n<\/div>\n<div id=\"colpueblo\">\n<p><b>Fiestas Populares:<\/b><\/p>\n<p><b>2 de Febrero:<\/b> Candelarias o Aulagas.<\/p>\n<p><b>25 de Abril:<\/b> Festividad de San Marcos.<\/p>\n<p><b>3 de Mayo:<\/b> D\u00eda de la Cruz de Mayo.<\/p>\n<p><b>13 de Junio:<\/b> Festividad de San Antonio. ( Fiestas Patronales )<\/p>\n<p><b>12, 13, 14, y 15 de Septiembre:<\/b> Feria y Fiestas de la Virgen de Monsalud.<\/p>\n<p><b>Lugares de Inter\u00e9s:<\/b><\/p>\n<p><b>Edificio del Ayuntamiento, s. XVI.<\/b><\/p>\n<p><b>Antigua Venta de Alfarnate:<\/b> Cobijo de bandoleros que forjaron leyenda, ha sabido conservar, en nuestros d\u00edas el ambiente de aut\u00e9ntica venta. Es adem\u00e1s refugio de la cultura, se celebran cada a\u00f1o exposiciones de arte y el <b>Certamen de Pintura Infantil Antonio L\u00f3pez.<\/b><\/p>\n<p><b>Ermita de la Virgen de Monsalud.<\/b><\/p>\n<p><b>Iglesia Parroquial de Santa Ana, s. XVI.<\/b><\/p>\n<p><a href=\"http:\/\/axarquiaonline.com\/index.php\/alcaucin\/\">Anterior pueblo&#8230;<\/a><br \/>\n<a href=\"http:\/\/axarquiaonline.com\/index.php\/alfarnatejo\/\">Siguiente pueblo&#8230;<\/a><\/p>\n<\/div>\n","protected":false},"excerpt":{"rendered":"<p>* Es el municipio de la comarca situado a mayor altitud, ( 928 m. ), en las inmediaciones del Parque Natural de los Montes de M\u00e1laga. Relevante en la historia del bandolerismo. Su paisaje es rocoso y de grandes monta\u00f1as escarpadas lo que lo hace particular en relaci\u00f3n con el resto de la Comarca. En &#8230; <a title=\"Alfarnate\" class=\"read-more\" href=\"https:\/\/axarquiaonline.com\/index.php\/alfarnate\/\" aria-label=\"Leer m\u00e1s sobre Alfarnate\">Leer m\u00e1s<\/a><\/p>\n","protected":false},"author":1,"featured_media":0,"parent":0,"menu_order":0,"comment_status":"closed","ping_status":"closed","template":"","meta":{"_seopress_robots_primary_cat":"","_seopress_titles_title":"","_seopress_titles_desc":"","_seopress_robots_index":"","_exactmetrics_skip_tracking":false,"_exactmetrics_sitenote_active":false,"_exactmetrics_sitenote_note":"","_exactmetrics_sitenote_category":0,"footnotes":""},"class_list":["post-35","page","type-page","status-publish"],"_links":{"self":[{"href":"https:\/\/axarquiaonline.com\/index.php\/wp-json\/wp\/v2\/pages\/35","targetHints":{"allow":["GET"]}}],"collection":[{"href":"https:\/\/axarquiaonline.com\/index.php\/wp-json\/wp\/v2\/pages"}],"about":[{"href":"https:\/\/axarquiaonline.com\/index.php\/wp-json\/wp\/v2\/types\/page"}],"author":[{"embeddable":true,"href":"https:\/\/axarquiaonline.com\/index.php\/wp-json\/wp\/v2\/users\/1"}],"replies":[{"embeddable":true,"href":"https:\/\/axarquiaonline.com\/index.php\/wp-json\/wp\/v2\/comments?post=35"}],"version-history":[{"count":3,"href":"https:\/\/axarquiaonline.com\/index.php\/wp-json\/wp\/v2\/pages\/35\/revisions"}],"predecessor-version":[{"id":103,"href":"https:\/\/axarquiaonline.com\/index.php\/wp-json\/wp\/v2\/pages\/35\/revisions\/103"}],"wp:attachment":[{"href":"https:\/\/axarquiaonline.com\/index.php\/wp-json\/wp\/v2\/media?parent=35"}],"curies":[{"name":"wp","href":"https:\/\/api.w.org\/{rel}","templated":true}]}}