{"id":33,"date":"2015-09-01T16:52:42","date_gmt":"2015-09-01T16:52:42","guid":{"rendered":"http:\/\/axarquiaonline.com\/?page_id=33"},"modified":"2016-05-27T15:58:53","modified_gmt":"2016-05-27T15:58:53","slug":"alcaucin","status":"publish","type":"page","link":"https:\/\/axarquiaonline.com\/index.php\/alcaucin\/","title":{"rendered":"Alcauc\u00edn"},"content":{"rendered":"<p style=\"text-align: justify;\">\n<p style=\"text-align: left;\"><a href=\"http:\/\/axarquiaonline.com\/wp-content\/uploads\/2015\/09\/1-Alcauc\u00edn-2.gif\"><img loading=\"lazy\" decoding=\"async\" class=\"size-full wp-image-663 alignright\" src=\"http:\/\/axarquiaonline.com\/wp-content\/uploads\/2015\/09\/1-Alcauc\u00edn-2.gif\" alt=\"1-Alcauc\u00edn (2)\" width=\"153\" height=\"153\" \/><\/a>* Ubicado en uno de los parajes de mayor belleza del futuro Parque Natural de las Sierras Alhama, Tejeda, y Almijara. En particular es conocido el paraje denominado \u00bb del Alc\u00e1zar \u00bb en plena Sierra Tejeda, paso obligado en algunas de las que rutas a pie se dirigen al pico de la Maroma, el m\u00e1s alto de la Axarqu\u00eda con 2.060 m. Alberga los restos del poblado, el castillo y el manantial de aguas sulfurosas de Las Majadas.<\/p>\n<div id=\"colpueblo\">\n<p><b>Superficie:<br \/>\n<\/b><br \/>\n45,37 Km\u00b2.<\/p>\n<p><b>Otras Poblaciones:<br \/>\n<\/b><br \/>\nEl Espino,<br \/>\nPuente D. Manuel,<br \/>\nVenta Baja,<br \/>\nVenta Alta,<br \/>\nLos Cortijillos,<br \/>\nLas Majadas,<br \/>\nEl Cerro.<\/p>\n<p><b>Habitantes:<br \/>\n<\/b><br \/>\n1.917.<\/p>\n<p><b>Fiestas Oficiales:<br \/>\n<\/b><br \/>\n7 de Enero.<br \/>\n12 de Enero.<\/p>\n<\/div>\n<div id=\"colpueblo\">\n<p><b>Fiestas Populares:<br \/>\n<\/b><br \/>\n<b>20 de Enero:<\/b> Festividad de San Sebastian.<\/p>\n<p><b>19 de Marzo:<\/b> Festividad de San Jorge. (En la barriada del Pilarejo)<\/p>\n<p><b>3 de Mayo:<\/b> D\u00eda de la Cuz de Mayo.<\/p>\n<p><b>19 de Mayo: <\/b>Romer\u00edas de San Isidro.<\/p>\n<p><b>8, 9, 10, 11 de Agosto:<\/b> Feria.<\/p>\n<p><b>7 de Octubre:<\/b> Festividad de la Virgen del Rosario.<\/p>\n<p><b>2 de Noviembre:<\/b> Fiesta de la Casta\u00f1a. Degustaci\u00f3n de casta\u00f1as asadas acompa\u00f1adas de aguardiente.<\/p>\n<p><b>Lugares de Inter\u00e9s:<\/b><\/p>\n<p><b>Iglesia de Ntra. Sra. del Rosario, s. XVIII.<\/b><\/p>\n<p>Ermita de Jes\u00fas del Calvario,<br \/>\n(del cementerio)<\/p>\n<p><a href=\"http:\/\/axarquiaonline.com\/index.php\/la-vinuela\/\">\u00daltimo pueblo&#8230;<\/a><br \/>\n<a href=\"http:\/\/axarquiaonline.com\/index.php\/alfarnate\/\">Siguiente pueblo&#8230;<\/a><\/p>\n<\/div>\n","protected":false},"excerpt":{"rendered":"<p>* Ubicado en uno de los parajes de mayor belleza del futuro Parque Natural de las Sierras Alhama, Tejeda, y Almijara. En particular es conocido el paraje denominado \u00bb del Alc\u00e1zar \u00bb en plena Sierra Tejeda, paso obligado en algunas de las que rutas a pie se dirigen al pico de la Maroma, el m\u00e1s &#8230; <a title=\"Alcauc\u00edn\" class=\"read-more\" href=\"https:\/\/axarquiaonline.com\/index.php\/alcaucin\/\" aria-label=\"Leer m\u00e1s sobre Alcauc\u00edn\">Leer m\u00e1s<\/a><\/p>\n","protected":false},"author":1,"featured_media":0,"parent":0,"menu_order":0,"comment_status":"closed","ping_status":"closed","template":"","meta":{"_seopress_robots_primary_cat":"","_seopress_titles_title":"","_seopress_titles_desc":"","_seopress_robots_index":"","_exactmetrics_skip_tracking":false,"_exactmetrics_sitenote_active":false,"_exactmetrics_sitenote_note":"","_exactmetrics_sitenote_category":0,"footnotes":""},"class_list":["post-33","page","type-page","status-publish"],"_links":{"self":[{"href":"https:\/\/axarquiaonline.com\/index.php\/wp-json\/wp\/v2\/pages\/33","targetHints":{"allow":["GET"]}}],"collection":[{"href":"https:\/\/axarquiaonline.com\/index.php\/wp-json\/wp\/v2\/pages"}],"about":[{"href":"https:\/\/axarquiaonline.com\/index.php\/wp-json\/wp\/v2\/types\/page"}],"author":[{"embeddable":true,"href":"https:\/\/axarquiaonline.com\/index.php\/wp-json\/wp\/v2\/users\/1"}],"replies":[{"embeddable":true,"href":"https:\/\/axarquiaonline.com\/index.php\/wp-json\/wp\/v2\/comments?post=33"}],"version-history":[{"count":7,"href":"https:\/\/axarquiaonline.com\/index.php\/wp-json\/wp\/v2\/pages\/33\/revisions"}],"predecessor-version":[{"id":665,"href":"https:\/\/axarquiaonline.com\/index.php\/wp-json\/wp\/v2\/pages\/33\/revisions\/665"}],"wp:attachment":[{"href":"https:\/\/axarquiaonline.com\/index.php\/wp-json\/wp\/v2\/media?parent=33"}],"curies":[{"name":"wp","href":"https:\/\/api.w.org\/{rel}","templated":true}]}}