{"id":3090,"date":"2020-02-12T17:45:34","date_gmt":"2020-02-12T16:45:34","guid":{"rendered":"https:\/\/axarquiaonline.com\/?page_id=3090"},"modified":"2020-02-12T18:09:11","modified_gmt":"2020-02-12T17:09:11","slug":"bonilla-homes","status":"publish","type":"page","link":"https:\/\/axarquiaonline.com\/index.php\/bonilla-homes\/","title":{"rendered":"Bonilla Homes"},"content":{"rendered":"<p><img loading=\"lazy\" decoding=\"async\" class=\"wp-image-3094 size-medium alignright\" src=\"https:\/\/axarquiaonline.com\/wp-content\/uploads\/2020\/02\/logo_BonillaHomes2-300x137.jpg\" alt=\"\" width=\"300\" height=\"137\" srcset=\"https:\/\/axarquiaonline.com\/wp-content\/uploads\/2020\/02\/logo_BonillaHomes2-300x137.jpg 300w, https:\/\/axarquiaonline.com\/wp-content\/uploads\/2020\/02\/logo_BonillaHomes2.jpg 662w\" sizes=\"auto, (max-width: 300px) 100vw, 300px\" \/><\/p>\n<p><strong>Tu asesor inmobiliario<\/strong>.<\/p>\n<p>Somos una empresa joven y din\u00e1mica, con conocimientos pr\u00e1cticos y con experiencia en el sector inmobiliario.<\/p>\n<p>Nuestro compromiso es garantizar las gestiones con eficacia y profesionalidad. Le asesoramos antes de poner en venta su propiedad y llevar a buen fin la gesti\u00f3n, con transparencia y discreci\u00f3n. Le ayudamos a buscar financiaci\u00f3n y gestionamos los tr\u00e1mites de escrituras.<\/p>\n<p>P\u00f3ngase en contacto con nosotros, le atenderemos gustosamente sin compromiso.<\/p>\n<p>Avenida de la Hispanidad n\u00ba 14 A.<br \/>\n29700 V\u00e9lez-M\u00e1laga.<\/p>\n<p>Tel\u00e9fono: 656 487 601<br \/>\ne-mail: <a href=\"mailto:info@bonillahomes.es\">info@bonillahomes.es<\/a>.<br \/>\n<a href=\"http:\/\/www.bonillahomes.es\" target=\"_blank\" rel=\"noopener noreferrer\">www.bonillahomes.es<\/a><br \/>\n<a href=\"https:\/\/www.facebook.com\/bonilla.homesinmobiliaria.9\" target=\"_blank\" rel=\"noopener noreferrer\"><br \/>\n<img loading=\"lazy\" decoding=\"async\" class=\"alignleft wp-image-863 size-full\" src=\"https:\/\/axarquiaonline.com\/wp-content\/uploads\/2016\/08\/Facebook_logo.png\" alt=\"\" width=\"32\" height=\"32\" \/><\/a><\/p>\n<p>&nbsp;<\/p>\n<p><iframe loading=\"lazy\" style=\"border: 0;\" src=\"https:\/\/www.google.com\/maps\/embed?pb=!1m18!1m12!1m3!1d342.08208923568!2d-4.102801350134482!3d36.77604384054112!2m3!1f0!2f0!3f0!3m2!1i1024!2i768!4f13.1!3m3!1m2!1s0xd72471619beaa7d%3A0xb17e6d2ef4638598!2sBonilla%20Homes!5e0!3m2!1ses!2ses!4v1581526565530!5m2!1ses!2ses\" width=\"1400\" height=\"450\" frameborder=\"0\" allowfullscreen=\"allowfullscreen\"><span data-mce-type=\"bookmark\" style=\"display: inline-block; width: 0px; overflow: hidden; line-height: 0;\" class=\"mce_SELRES_start\">\ufeff<\/span><\/iframe><\/p>\n<hr \/>\n<p><img loading=\"lazy\" decoding=\"async\" class=\"aligncenter size-large wp-image-3096\" src=\"https:\/\/axarquiaonline.com\/wp-content\/uploads\/2020\/02\/bonillahomes1-1024x576.jpg\" alt=\"\" width=\"1024\" height=\"576\" srcset=\"https:\/\/axarquiaonline.com\/wp-content\/uploads\/2020\/02\/bonillahomes1-1024x576.jpg 1024w, https:\/\/axarquiaonline.com\/wp-content\/uploads\/2020\/02\/bonillahomes1-300x169.jpg 300w, https:\/\/axarquiaonline.com\/wp-content\/uploads\/2020\/02\/bonillahomes1-768x432.jpg 768w, https:\/\/axarquiaonline.com\/wp-content\/uploads\/2020\/02\/bonillahomes1-1536x864.jpg 1536w, https:\/\/axarquiaonline.com\/wp-content\/uploads\/2020\/02\/bonillahomes1-2048x1152.jpg 2048w\" sizes=\"auto, (max-width: 1024px) 100vw, 1024px\" \/><br \/>\n<img loading=\"lazy\" decoding=\"async\" class=\"aligncenter size-large wp-image-3097\" src=\"https:\/\/axarquiaonline.com\/wp-content\/uploads\/2020\/02\/bonillahomes2-1024x576.jpg\" alt=\"\" width=\"1024\" height=\"576\" srcset=\"https:\/\/axarquiaonline.com\/wp-content\/uploads\/2020\/02\/bonillahomes2-1024x576.jpg 1024w, https:\/\/axarquiaonline.com\/wp-content\/uploads\/2020\/02\/bonillahomes2-300x169.jpg 300w, https:\/\/axarquiaonline.com\/wp-content\/uploads\/2020\/02\/bonillahomes2-768x432.jpg 768w, https:\/\/axarquiaonline.com\/wp-content\/uploads\/2020\/02\/bonillahomes2-1536x864.jpg 1536w, https:\/\/axarquiaonline.com\/wp-content\/uploads\/2020\/02\/bonillahomes2-2048x1152.jpg 2048w\" sizes=\"auto, (max-width: 1024px) 100vw, 1024px\" \/><br \/>\n<img loading=\"lazy\" decoding=\"async\" class=\"aligncenter size-large wp-image-3098\" src=\"https:\/\/axarquiaonline.com\/wp-content\/uploads\/2020\/02\/bonillahomes4-1024x576.jpg\" alt=\"\" width=\"1024\" height=\"576\" srcset=\"https:\/\/axarquiaonline.com\/wp-content\/uploads\/2020\/02\/bonillahomes4-1024x576.jpg 1024w, https:\/\/axarquiaonline.com\/wp-content\/uploads\/2020\/02\/bonillahomes4-300x169.jpg 300w, https:\/\/axarquiaonline.com\/wp-content\/uploads\/2020\/02\/bonillahomes4-768x432.jpg 768w, https:\/\/axarquiaonline.com\/wp-content\/uploads\/2020\/02\/bonillahomes4-1536x864.jpg 1536w, https:\/\/axarquiaonline.com\/wp-content\/uploads\/2020\/02\/bonillahomes4-2048x1152.jpg 2048w\" sizes=\"auto, (max-width: 1024px) 100vw, 1024px\" \/><br \/>\n<img loading=\"lazy\" decoding=\"async\" class=\"aligncenter size-large wp-image-3099\" src=\"https:\/\/axarquiaonline.com\/wp-content\/uploads\/2020\/02\/bonillahomes5-1024x576.jpg\" alt=\"\" width=\"1024\" height=\"576\" srcset=\"https:\/\/axarquiaonline.com\/wp-content\/uploads\/2020\/02\/bonillahomes5-1024x576.jpg 1024w, https:\/\/axarquiaonline.com\/wp-content\/uploads\/2020\/02\/bonillahomes5-300x169.jpg 300w, https:\/\/axarquiaonline.com\/wp-content\/uploads\/2020\/02\/bonillahomes5-768x432.jpg 768w, https:\/\/axarquiaonline.com\/wp-content\/uploads\/2020\/02\/bonillahomes5-1536x864.jpg 1536w, https:\/\/axarquiaonline.com\/wp-content\/uploads\/2020\/02\/bonillahomes5-2048x1152.jpg 2048w\" sizes=\"auto, (max-width: 1024px) 100vw, 1024px\" \/><br \/>\n<img loading=\"lazy\" decoding=\"async\" class=\"aligncenter size-large wp-image-3100\" src=\"https:\/\/axarquiaonline.com\/wp-content\/uploads\/2020\/02\/bonillahomes6-1024x576.jpg\" alt=\"\" width=\"1024\" height=\"576\" srcset=\"https:\/\/axarquiaonline.com\/wp-content\/uploads\/2020\/02\/bonillahomes6-1024x576.jpg 1024w, https:\/\/axarquiaonline.com\/wp-content\/uploads\/2020\/02\/bonillahomes6-300x169.jpg 300w, https:\/\/axarquiaonline.com\/wp-content\/uploads\/2020\/02\/bonillahomes6-768x432.jpg 768w, https:\/\/axarquiaonline.com\/wp-content\/uploads\/2020\/02\/bonillahomes6-1536x864.jpg 1536w, https:\/\/axarquiaonline.com\/wp-content\/uploads\/2020\/02\/bonillahomes6-2048x1152.jpg 2048w\" sizes=\"auto, (max-width: 1024px) 100vw, 1024px\" \/><\/p>\n","protected":false},"excerpt":{"rendered":"<p>Tu asesor inmobiliario. Somos una empresa joven y din\u00e1mica, con conocimientos pr\u00e1cticos y con experiencia en el sector inmobiliario. Nuestro compromiso es garantizar las gestiones con eficacia y profesionalidad. Le asesoramos antes de poner en venta su propiedad y llevar a buen fin la gesti\u00f3n, con transparencia y discreci\u00f3n. Le ayudamos a buscar financiaci\u00f3n y &#8230; <a title=\"Bonilla Homes\" class=\"read-more\" href=\"https:\/\/axarquiaonline.com\/index.php\/bonilla-homes\/\" aria-label=\"Leer m\u00e1s sobre Bonilla Homes\">Leer m\u00e1s<\/a><\/p>\n","protected":false},"author":1,"featured_media":0,"parent":0,"menu_order":0,"comment_status":"closed","ping_status":"closed","template":"","meta":{"_seopress_robots_primary_cat":"","_seopress_titles_title":"","_seopress_titles_desc":"","_seopress_robots_index":"","_exactmetrics_skip_tracking":false,"_exactmetrics_sitenote_active":false,"_exactmetrics_sitenote_note":"","_exactmetrics_sitenote_category":0,"footnotes":""},"class_list":["post-3090","page","type-page","status-publish"],"_links":{"self":[{"href":"https:\/\/axarquiaonline.com\/index.php\/wp-json\/wp\/v2\/pages\/3090","targetHints":{"allow":["GET"]}}],"collection":[{"href":"https:\/\/axarquiaonline.com\/index.php\/wp-json\/wp\/v2\/pages"}],"about":[{"href":"https:\/\/axarquiaonline.com\/index.php\/wp-json\/wp\/v2\/types\/page"}],"author":[{"embeddable":true,"href":"https:\/\/axarquiaonline.com\/index.php\/wp-json\/wp\/v2\/users\/1"}],"replies":[{"embeddable":true,"href":"https:\/\/axarquiaonline.com\/index.php\/wp-json\/wp\/v2\/comments?post=3090"}],"version-history":[{"count":8,"href":"https:\/\/axarquiaonline.com\/index.php\/wp-json\/wp\/v2\/pages\/3090\/revisions"}],"predecessor-version":[{"id":3107,"href":"https:\/\/axarquiaonline.com\/index.php\/wp-json\/wp\/v2\/pages\/3090\/revisions\/3107"}],"wp:attachment":[{"href":"https:\/\/axarquiaonline.com\/index.php\/wp-json\/wp\/v2\/media?parent=3090"}],"curies":[{"name":"wp","href":"https:\/\/api.w.org\/{rel}","templated":true}]}}