{"id":300,"date":"2015-09-01T19:35:12","date_gmt":"2015-09-01T19:35:12","guid":{"rendered":"http:\/\/axarquiaonline.com\/?page_id=300"},"modified":"2026-01-13T13:14:06","modified_gmt":"2026-01-13T12:14:06","slug":"isabel-ruiz-quintero","status":"publish","type":"page","link":"https:\/\/axarquiaonline.com\/index.php\/isabel-ruiz-quintero\/","title":{"rendered":"Isabel Ruiz Quintero"},"content":{"rendered":"<p><strong><img loading=\"lazy\" decoding=\"async\" class=\"alignnone wp-image-1198 alignright\" src=\"http:\/\/axarquiaonline.com\/wp-content\/uploads\/2015\/09\/RQ_Abogados_Logo1.jpg\" alt=\"rq_abogados_logo1\" width=\"258\" height=\"258\" srcset=\"https:\/\/axarquiaonline.com\/wp-content\/uploads\/2015\/09\/RQ_Abogados_Logo1.jpg 170w, https:\/\/axarquiaonline.com\/wp-content\/uploads\/2015\/09\/RQ_Abogados_Logo1-150x150.jpg 150w, https:\/\/axarquiaonline.com\/wp-content\/uploads\/2015\/09\/RQ_Abogados_Logo1-90x90.jpg 90w, https:\/\/axarquiaonline.com\/wp-content\/uploads\/2015\/09\/RQ_Abogados_Logo1-130x130.jpg 130w\" sizes=\"auto, (max-width: 258px) 100vw, 258px\" \/>Civil:<\/strong><\/p>\n<p>Asesoramiento en la contrataci\u00f3n civil.<br \/>\nRedacci\u00f3n de todo tipo de contratos.<br \/>\nExpedientes de dominio.<br \/>\nDerecho sucesorio: Testamentos, declaraci\u00f3n de herederos, adjudicaci\u00f3n y partici\u00f3n de herencias.<\/p>\n<p><strong>Familia:<\/strong><\/p>\n<p>Separaciones y divorcios.<br \/>\nParejas de hecho.<br \/>\nConvenios reguladores.<br \/>\nLiquidaci\u00f3n de sociedades gananciales.<\/p>\n<p>Canalejas 36, Entreplanta.<br \/>\n29700 V\u00e9lez-M\u00e1laga.<\/p>\n<p>Tel: 952505600<br \/>\nM\u00f3vil: 649007521<\/p>\n<p><a href=\"mailto:isabelruizquintero@gmail.com\">isabelruizquintero@gmail.com<\/a><\/p>\n<hr \/>\n<p><iframe loading=\"lazy\" style=\"border: 0;\" src=\"https:\/\/www.google.com\/maps\/embed?pb=!1m18!1m12!1m3!1d3195.5093284693957!2d-4.108756984318431!3d36.78233687995219!2m3!1f0!2f0!3f0!3m2!1i1024!2i768!4f13.1!3m3!1m2!1s0xd724726bf452a0d%3A0x90e9452317a39188!2sIsabel+Ruiz+Quintero.+Abogada%2C!5e0!3m2!1ses!2ses!4v1479118789044\" width=\"1400\" height=\"450\" frameborder=\"0\" allowfullscreen=\"allowfullscreen\"><\/iframe><\/p>\n","protected":false},"excerpt":{"rendered":"<p>Civil: Asesoramiento en la contrataci\u00f3n civil. Redacci\u00f3n de todo tipo de contratos. Expedientes de dominio. Derecho sucesorio: Testamentos, declaraci\u00f3n de herederos, adjudicaci\u00f3n y partici\u00f3n de herencias. Familia: Separaciones y divorcios. Parejas de hecho. Convenios reguladores. Liquidaci\u00f3n de sociedades gananciales. Canalejas 36, Entreplanta. 29700 V\u00e9lez-M\u00e1laga. Tel: 952505600 M\u00f3vil: 649007521 isabelruizquintero@gmail.com<\/p>\n","protected":false},"author":1,"featured_media":0,"parent":0,"menu_order":0,"comment_status":"closed","ping_status":"closed","template":"","meta":{"_seopress_robots_primary_cat":"","_seopress_titles_title":"","_seopress_titles_desc":"","_seopress_robots_index":"","_exactmetrics_skip_tracking":false,"_exactmetrics_sitenote_active":false,"_exactmetrics_sitenote_note":"","_exactmetrics_sitenote_category":0,"footnotes":""},"class_list":["post-300","page","type-page","status-publish"],"_links":{"self":[{"href":"https:\/\/axarquiaonline.com\/index.php\/wp-json\/wp\/v2\/pages\/300","targetHints":{"allow":["GET"]}}],"collection":[{"href":"https:\/\/axarquiaonline.com\/index.php\/wp-json\/wp\/v2\/pages"}],"about":[{"href":"https:\/\/axarquiaonline.com\/index.php\/wp-json\/wp\/v2\/types\/page"}],"author":[{"embeddable":true,"href":"https:\/\/axarquiaonline.com\/index.php\/wp-json\/wp\/v2\/users\/1"}],"replies":[{"embeddable":true,"href":"https:\/\/axarquiaonline.com\/index.php\/wp-json\/wp\/v2\/comments?post=300"}],"version-history":[{"count":8,"href":"https:\/\/axarquiaonline.com\/index.php\/wp-json\/wp\/v2\/pages\/300\/revisions"}],"predecessor-version":[{"id":3505,"href":"https:\/\/axarquiaonline.com\/index.php\/wp-json\/wp\/v2\/pages\/300\/revisions\/3505"}],"wp:attachment":[{"href":"https:\/\/axarquiaonline.com\/index.php\/wp-json\/wp\/v2\/media?parent=300"}],"curies":[{"name":"wp","href":"https:\/\/api.w.org\/{rel}","templated":true}]}}