{"id":291,"date":"2015-09-01T19:29:45","date_gmt":"2015-09-01T19:29:45","guid":{"rendered":"http:\/\/axarquiaonline.com\/?page_id=291"},"modified":"2015-09-01T19:31:11","modified_gmt":"2015-09-01T19:31:11","slug":"joyeria-antonio-martinez","status":"publish","type":"page","link":"https:\/\/axarquiaonline.com\/index.php\/joyeria-antonio-martinez\/","title":{"rendered":"Joyer\u00eda Antonio Mart\u00ednez"},"content":{"rendered":"<p style=\"text-align: justify;\">Relojer\u00eda, Joyer\u00eda y Art\u00edculos de Regalo.<\/p>\n<p style=\"text-align: justify;\">Agente Oficial de: Nina Ricci, Maurice Lacroix, Jaguar, Viceroy, Lotus, Festina, Fossil, Casio, (Relojes).<\/p>\n<p>Cross, Sheaffer, (Escritura).<\/p>\n<p style=\"text-align: justify;\">Joyer\u00eda de dise\u00f1o italiano en oro amarillo y blanco.<br \/>\nBrillanter\u00eda.<\/p>\n<p style=\"text-align: justify;\">Listas de boda. Cristaler\u00eda. Cuberter\u00eda. Vajilla. Marcos de plata. Figuras Nadal. Figuras \u00c9bano de minerales. Art\u00edculos de regalo en general.<\/p>\n<p style=\"text-align: justify;\">Estamos a su servicio desde hace 50 a\u00f1os.<\/p>\n<p>C\/ Camino de M\u00e1laga, 11.<br \/>\n29700 V\u00e9lez-M\u00e1laga.<\/p>\n<p>Tel: 952 506046.<\/p>\n","protected":false},"excerpt":{"rendered":"<p>Relojer\u00eda, Joyer\u00eda y Art\u00edculos de Regalo. Agente Oficial de: Nina Ricci, Maurice Lacroix, Jaguar, Viceroy, Lotus, Festina, Fossil, Casio, (Relojes). Cross, Sheaffer, (Escritura). Joyer\u00eda de dise\u00f1o italiano en oro amarillo y blanco. Brillanter\u00eda. Listas de boda. Cristaler\u00eda. Cuberter\u00eda. Vajilla. Marcos de plata. Figuras Nadal. Figuras \u00c9bano de minerales. Art\u00edculos de regalo en general. Estamos a &#8230; <a title=\"Joyer\u00eda Antonio Mart\u00ednez\" class=\"read-more\" href=\"https:\/\/axarquiaonline.com\/index.php\/joyeria-antonio-martinez\/\" aria-label=\"Leer m\u00e1s sobre Joyer\u00eda Antonio Mart\u00ednez\">Leer m\u00e1s<\/a><\/p>\n","protected":false},"author":1,"featured_media":0,"parent":0,"menu_order":0,"comment_status":"closed","ping_status":"closed","template":"","meta":{"_seopress_robots_primary_cat":"","_seopress_titles_title":"","_seopress_titles_desc":"","_seopress_robots_index":"","_exactmetrics_skip_tracking":false,"_exactmetrics_sitenote_active":false,"_exactmetrics_sitenote_note":"","_exactmetrics_sitenote_category":0,"footnotes":""},"class_list":["post-291","page","type-page","status-publish"],"_links":{"self":[{"href":"https:\/\/axarquiaonline.com\/index.php\/wp-json\/wp\/v2\/pages\/291","targetHints":{"allow":["GET"]}}],"collection":[{"href":"https:\/\/axarquiaonline.com\/index.php\/wp-json\/wp\/v2\/pages"}],"about":[{"href":"https:\/\/axarquiaonline.com\/index.php\/wp-json\/wp\/v2\/types\/page"}],"author":[{"embeddable":true,"href":"https:\/\/axarquiaonline.com\/index.php\/wp-json\/wp\/v2\/users\/1"}],"replies":[{"embeddable":true,"href":"https:\/\/axarquiaonline.com\/index.php\/wp-json\/wp\/v2\/comments?post=291"}],"version-history":[{"count":3,"href":"https:\/\/axarquiaonline.com\/index.php\/wp-json\/wp\/v2\/pages\/291\/revisions"}],"predecessor-version":[{"id":295,"href":"https:\/\/axarquiaonline.com\/index.php\/wp-json\/wp\/v2\/pages\/291\/revisions\/295"}],"wp:attachment":[{"href":"https:\/\/axarquiaonline.com\/index.php\/wp-json\/wp\/v2\/media?parent=291"}],"curies":[{"name":"wp","href":"https:\/\/api.w.org\/{rel}","templated":true}]}}