{"id":2681,"date":"2019-05-29T11:37:16","date_gmt":"2019-05-29T10:37:16","guid":{"rendered":"https:\/\/axarquiaonline.com\/?page_id=2681"},"modified":"2022-11-17T19:02:48","modified_gmt":"2022-11-17T18:02:48","slug":"administraciones-maga-sanchez","status":"publish","type":"page","link":"https:\/\/axarquiaonline.com\/index.php\/administraciones-maga-sanchez\/","title":{"rendered":"Administraciones MAGA SANCHEZ"},"content":{"rendered":"<p>&nbsp;<\/p>\n<p style=\"text-align: left;\"><img loading=\"lazy\" decoding=\"async\" class=\"size-full wp-image-2686 alignright\" src=\"https:\/\/axarquiaonline.com\/wp-content\/uploads\/2019\/05\/Logo-MAGA-SANCHEZ.png\" alt=\"\" width=\"250\" height=\"100\" \/><\/p>\n<p style=\"text-align: left;\">Somos una oficina de administraci\u00f3n de fincas, trabajando en los municipios de V\u00e9lez-M\u00e1laga, La Vi\u00f1uela y Algarrobo. Nuestro personal cualificado y colegiado, con una experiencia en el sector de unos 20 a\u00f1os, nuestro trabajo se basa en un profundo conocimiento profesional y en la confianza de nuestros clientes.<\/p>\n<p>N<span style=\"display: inline !important; float: none; background-color: transparent; color: #333333; cursor: text; font-family: Georgia,'Times New Roman','Bitstream Charter',Times,serif; font-size: 16px; font-style: normal; font-variant: normal; font-weight: 400; letter-spacing: normal; orphans: 2; text-align: left; text-decoration: none; text-indent: 0px; text-transform: none; -webkit-text-stroke-width: 0px; white-space: normal; word-spacing: 0px;\">uestros <\/span>pilares fundamentales son: la reducci\u00f3n de morosidad, el establecimiento de una vecindad armoniosa, una total transparencia de todos los asuntos financieros y un trato amable y personalizado a los clientes.<\/p>\n<p>Nuestra p\u00e1gina web est\u00e1 a disposici\u00f3n de nuestros clientes para conseguir cualquier documentaci\u00f3n, correspondiente a cualquier comunidad o para dar parte de aver\u00edas o incidencias en cualquier momento.<\/p>\n<p>Gozamos de una formaci\u00f3n profesional continua y colaboramos en el colegio profesional provincial.<\/p>\n<p>Pidan un presupuesto sin compromiso.<\/p>\n<p>Avda. Tor\u00e9 Tor\u00e9, 2, local.<br \/>\n29740 Torre del Mar.<br \/>\nM\u00e1laga.<\/p>\n<p>Tel\u00e9fono: 952 54 02 26.<br \/>\nM\u00f3viles: 662 403 120 &#8211; 633 912 454<\/p>\n<p>e-mail: <a href=\"mailto:admon@maga-sanchez.es\" target=\"_blank\" rel=\"noopener noreferrer\">admon@maga-sanchez.es<\/a><br \/>\n<a href=\"http:\/\/www.maga-sanchez.es\" target=\"_blank\" rel=\"noopener noreferrer\">www.maga-sanchez.es<\/a><\/p>\n<p>&nbsp;<\/p>\n<p><iframe loading=\"lazy\" style=\"border: 0;\" src=\"https:\/\/www.google.com\/maps\/embed?pb=!1m14!1m8!1m3!1d399.6694006613839!2d-4.0993576!3d36.7380442!3m2!1i1024!2i768!4f13.1!3m3!1m2!1s0xd7247b90a19b7a9%3A0x436694ea36212f79!2sAdministraciones+Maga+S%C3%A1nchez!5e0!3m2!1ses!2ses!4v1559126144402!5m2!1ses!2ses\" width=\"1400\" height=\"450\" frameborder=\"0\" allowfullscreen=\"allowfullscreen\"><\/iframe><\/p>\n","protected":false},"excerpt":{"rendered":"<p>&nbsp; Somos una oficina de administraci\u00f3n de fincas, trabajando en los municipios de V\u00e9lez-M\u00e1laga, La Vi\u00f1uela y Algarrobo. Nuestro personal cualificado y colegiado, con una experiencia en el sector de unos 20 a\u00f1os, nuestro trabajo se basa en un profundo conocimiento profesional y en la confianza de nuestros clientes. Nuestros pilares fundamentales son: la reducci\u00f3n &#8230; <a title=\"Administraciones MAGA SANCHEZ\" class=\"read-more\" href=\"https:\/\/axarquiaonline.com\/index.php\/administraciones-maga-sanchez\/\" aria-label=\"Leer m\u00e1s sobre Administraciones MAGA SANCHEZ\">Leer m\u00e1s<\/a><\/p>\n","protected":false},"author":1,"featured_media":0,"parent":0,"menu_order":0,"comment_status":"closed","ping_status":"closed","template":"","meta":{"_seopress_robots_primary_cat":"","_seopress_titles_title":"","_seopress_titles_desc":"","_seopress_robots_index":"","_exactmetrics_skip_tracking":false,"_exactmetrics_sitenote_active":false,"_exactmetrics_sitenote_note":"","_exactmetrics_sitenote_category":0,"footnotes":""},"class_list":["post-2681","page","type-page","status-publish"],"_links":{"self":[{"href":"https:\/\/axarquiaonline.com\/index.php\/wp-json\/wp\/v2\/pages\/2681","targetHints":{"allow":["GET"]}}],"collection":[{"href":"https:\/\/axarquiaonline.com\/index.php\/wp-json\/wp\/v2\/pages"}],"about":[{"href":"https:\/\/axarquiaonline.com\/index.php\/wp-json\/wp\/v2\/types\/page"}],"author":[{"embeddable":true,"href":"https:\/\/axarquiaonline.com\/index.php\/wp-json\/wp\/v2\/users\/1"}],"replies":[{"embeddable":true,"href":"https:\/\/axarquiaonline.com\/index.php\/wp-json\/wp\/v2\/comments?post=2681"}],"version-history":[{"count":6,"href":"https:\/\/axarquiaonline.com\/index.php\/wp-json\/wp\/v2\/pages\/2681\/revisions"}],"predecessor-version":[{"id":3354,"href":"https:\/\/axarquiaonline.com\/index.php\/wp-json\/wp\/v2\/pages\/2681\/revisions\/3354"}],"wp:attachment":[{"href":"https:\/\/axarquiaonline.com\/index.php\/wp-json\/wp\/v2\/media?parent=2681"}],"curies":[{"name":"wp","href":"https:\/\/api.w.org\/{rel}","templated":true}]}}