{"id":267,"date":"2015-09-01T19:12:46","date_gmt":"2015-09-01T19:12:46","guid":{"rendered":"http:\/\/axarquiaonline.com\/?page_id=267"},"modified":"2022-11-17T18:52:16","modified_gmt":"2022-11-17T17:52:16","slug":"helados-ana-garrigos","status":"publish","type":"page","link":"https:\/\/axarquiaonline.com\/index.php\/helados-ana-garrigos\/","title":{"rendered":"Helados Ana Garrig\u00f3s"},"content":{"rendered":"<p><img loading=\"lazy\" decoding=\"async\" class=\"alignright wp-image-1719\" src=\"http:\/\/axarquiaonline.com\/wp-content\/uploads\/2015\/09\/logo_50_aniv.jpg\" alt=\"\" width=\"272\" height=\"272\" srcset=\"https:\/\/axarquiaonline.com\/wp-content\/uploads\/2015\/09\/logo_50_aniv.jpg 833w, https:\/\/axarquiaonline.com\/wp-content\/uploads\/2015\/09\/logo_50_aniv-150x150.jpg 150w, https:\/\/axarquiaonline.com\/wp-content\/uploads\/2015\/09\/logo_50_aniv-300x300.jpg 300w, https:\/\/axarquiaonline.com\/wp-content\/uploads\/2015\/09\/logo_50_aniv-768x768.jpg 768w, https:\/\/axarquiaonline.com\/wp-content\/uploads\/2015\/09\/logo_50_aniv-624x624.jpg 624w, https:\/\/axarquiaonline.com\/wp-content\/uploads\/2015\/09\/logo_50_aniv-90x90.jpg 90w, https:\/\/axarquiaonline.com\/wp-content\/uploads\/2015\/09\/logo_50_aniv-130x130.jpg 130w\" sizes=\"auto, (max-width: 272px) 100vw, 272px\" \/>Fabricaci\u00f3n propia, 100% artesana y natural.<br \/>\nNos puede visitar, si lo desea, en nuestras cuatro helader\u00edas, en V\u00e9lez-M\u00e1laga y Torre del Mar.<\/p>\n<p><a href=\"https:\/\/www.facebook.com\/AnaGarrigos\/?ref=ts&amp;fref=ts\" target=\"_blank\" rel=\"noopener noreferrer\"><img loading=\"lazy\" decoding=\"async\" class=\"alignnone wp-image-863 size-full\" src=\"http:\/\/axarquiaonline.com\/wp-content\/uploads\/2016\/08\/Facebook_logo.png\" alt=\"Facebook_logo\" width=\"32\" height=\"32\" \/><\/a><\/p>\n<p>Canalejas, 30.<br \/>\n29700 V\u00e9lez-M\u00e1laga.<\/p>\n<p>Tel: 952 501845<\/p>\n<p><a href=\"http:\/\/heladosanagarrigos.com\" target=\"_blank\" rel=\"noopener noreferrer\">heladosanagarrigos.com<\/a><\/p>\n<p><iframe loading=\"lazy\" style=\"border: 0;\" src=\"https:\/\/www.google.com\/maps\/embed?pb=!1m18!1m12!1m3!1d3195.5088864907175!2d-4.1084611843264005!3d36.7823474799523!2m3!1f0!2f0!3f0!3m2!1i1024!2i768!4f13.1!3m3!1m2!1s0xd724726bbf30697%3A0xfc31bb6a01da900e!2sHelados+Ana+Garrigos!5e0!3m2!1ses!2ses!4v1473761289617\" width=\"1400\" height=\"450\" frameborder=\"0\" allowfullscreen=\"allowfullscreen\"><\/iframe><\/p>\n<hr \/>\n<p>Avda. Vivar T\u00e9llez, 6.<br \/>\n29700 V\u00e9lez-M\u00e1laga.<\/p>\n<p>Tel: 952 502196<\/p>\n<p><iframe loading=\"lazy\" style=\"border: 0;\" src=\"https:\/\/www.google.com\/maps\/embed?pb=!1m18!1m12!1m3!1d3195.705581210317!2d-4.102668084326519!3d36.77762987995317!2m3!1f0!2f0!3f0!3m2!1i1024!2i768!4f13.1!3m3!1m2!1s0xd724717838abd93%3A0x4b76fe97e15dc18a!2sHelados+Ana+Garrig%C3%B3s!5e0!3m2!1ses!2ses!4v1473761385095\" width=\"1400\" height=\"450\" frameborder=\"0\" allowfullscreen=\"allowfullscreen\"><\/iframe><\/p>\n<hr \/>\n<p>Paseo de Larios, 9A.<br \/>\n29740 Torre del Mar.<\/p>\n<p>Tel: 952 540796<\/p>\n<p><iframe loading=\"lazy\" style=\"border: 0;\" src=\"https:\/\/www.google.com\/maps\/embed?pb=!1m18!1m12!1m3!1d1098.2148265350631!2d-4.092198851024996!3d36.74081332182983!2m3!1f0!2f0!3f0!3m2!1i1024!2i768!4f13.1!3m3!1m2!1s0xd7247bc5420ba5b%3A0xcd8f72f8c4a80003!2sHelados+Ana+Garrig%C3%B3s!5e0!3m2!1ses!2ses!4v1473761232267\" width=\"1400\" height=\"450\" frameborder=\"0\" allowfullscreen=\"allowfullscreen\"><\/iframe><\/p>\n","protected":false},"excerpt":{"rendered":"<p>Fabricaci\u00f3n propia, 100% artesana y natural. Nos puede visitar, si lo desea, en nuestras cuatro helader\u00edas, en V\u00e9lez-M\u00e1laga y Torre del Mar. Canalejas, 30. 29700 V\u00e9lez-M\u00e1laga. Tel: 952 501845 heladosanagarrigos.com Avda. Vivar T\u00e9llez, 6. 29700 V\u00e9lez-M\u00e1laga. Tel: 952 502196 Paseo de Larios, 9A. 29740 Torre del Mar. Tel: 952 540796<\/p>\n","protected":false},"author":1,"featured_media":0,"parent":0,"menu_order":0,"comment_status":"closed","ping_status":"closed","template":"","meta":{"_seopress_robots_primary_cat":"","_seopress_titles_title":"","_seopress_titles_desc":"","_seopress_robots_index":"","_exactmetrics_skip_tracking":false,"_exactmetrics_sitenote_active":false,"_exactmetrics_sitenote_note":"","_exactmetrics_sitenote_category":0,"footnotes":""},"class_list":["post-267","page","type-page","status-publish"],"_links":{"self":[{"href":"https:\/\/axarquiaonline.com\/index.php\/wp-json\/wp\/v2\/pages\/267","targetHints":{"allow":["GET"]}}],"collection":[{"href":"https:\/\/axarquiaonline.com\/index.php\/wp-json\/wp\/v2\/pages"}],"about":[{"href":"https:\/\/axarquiaonline.com\/index.php\/wp-json\/wp\/v2\/types\/page"}],"author":[{"embeddable":true,"href":"https:\/\/axarquiaonline.com\/index.php\/wp-json\/wp\/v2\/users\/1"}],"replies":[{"embeddable":true,"href":"https:\/\/axarquiaonline.com\/index.php\/wp-json\/wp\/v2\/comments?post=267"}],"version-history":[{"count":10,"href":"https:\/\/axarquiaonline.com\/index.php\/wp-json\/wp\/v2\/pages\/267\/revisions"}],"predecessor-version":[{"id":3344,"href":"https:\/\/axarquiaonline.com\/index.php\/wp-json\/wp\/v2\/pages\/267\/revisions\/3344"}],"wp:attachment":[{"href":"https:\/\/axarquiaonline.com\/index.php\/wp-json\/wp\/v2\/media?parent=267"}],"curies":[{"name":"wp","href":"https:\/\/api.w.org\/{rel}","templated":true}]}}