{"id":2620,"date":"2019-04-06T21:51:49","date_gmt":"2019-04-06T20:51:49","guid":{"rendered":"https:\/\/axarquiaonline.com\/?page_id=2620"},"modified":"2019-04-22T17:59:08","modified_gmt":"2019-04-22T16:59:08","slug":"politica-de-privacidad","status":"publish","type":"page","link":"https:\/\/axarquiaonline.com\/index.php\/politica-de-privacidad\/","title":{"rendered":"Pol\u00edtica de privacidad"},"content":{"rendered":"<p><span style=\"margin: 0px; color: #3a3a3a; font-family: 'Segoe UI',sans-serif; font-size: 22.5pt;\">1. Tratamiento de datos<\/span><\/p>\n<p><span style=\"margin: 0px; color: #3a3a3a; font-family: 'Segoe UI',sans-serif; font-size: 13pt;\">Para acceder a y\/o utilizar los servicios de <b>Axarqu\u00eda Online.<\/b> es necesario que los usuarios proporcionen previamente a <b>Axarquia Online<\/b> ciertos datos de car\u00e1cter personal. De conformidad con lo establecido en la Ley Org\u00e1nica 15\/1999 de Protecci\u00f3n de Datos (LOPD) de Car\u00e1cter Personal queremos comunicarles que los datos recabados se incorporar\u00e1n a un fichero registrado en la Agencia Espa\u00f1ola de Protecci\u00f3n de Datos, del que es responsable <b>axarquiaonline.com,<\/b> con las finalidades que se establecen en cada uno de los formularios de recogida establecidos al uso en el presente sitio web y para poder remitirles informaci\u00f3n de productos y servicios de nuestra entidad y\/o sus partners incluso por medio de correo electr\u00f3nico o similar y poder tratar los datos relativos a la navegaci\u00f3n y compras del usuario disoci\u00e1ndolos de sus datos personales, y nos autoriza a que conservemos sus datos para las finalidades anteriores incluso una vez finalizada nuestra relaci\u00f3n en un futuro. Asimismo se informa que una vez disociados los datos, la informaci\u00f3n relativa a h\u00e1bitos de consumo y navegaci\u00f3n de los usuarios podr\u00e1 ser utilizada para fines estad\u00edsticos y\/o comerciales por parte de <b>axarquiaonline.com<\/b>.<\/span><\/p>\n<p><b><span style=\"margin: 0px; padding: 0cm; border: 1pt windowtext; color: #3a3a3a; font-family: 'Segoe UI',sans-serif; font-size: 13pt;\">axarquiaonline.com<\/span><\/b><span style=\"margin: 0px; color: #3a3a3a; font-family: 'Segoe UI',sans-serif; font-size: 13pt;\"> garantiza que ha adoptado las medidas oportunas de seguridad de nivel b\u00e1sico en sus instalaciones, sistemas y ficheros. Asimismo, <b>Axarqu\u00eda Online<\/b> garantiza la confidencialidad de los Datos Personales y que \u00e9stos no ser\u00e1n cedidos a terceros. Ello no obstante, <b>Axarqu\u00eda Online<\/b> revelar\u00e1 a las autoridades p\u00fablicas competentes los Datos Personales y cualquier otra informaci\u00f3n que est\u00e9 en su poder o sea accesible a trav\u00e9s de sus sistemas y sea requerida de conformidad con las disposiciones legales y reglamentarias aplicables.<\/span><\/p>\n<p><span style=\"margin: 0px; color: #3a3a3a; font-family: 'Segoe UI',sans-serif; font-size: 13pt;\">En todo caso, el usuario se compromete a proporcionar informaci\u00f3n cierta en relaci\u00f3n con sus datos personales y a mantener los datos facilitados actualizados. El usuario responder\u00e1, en cualquier caso, de la veracidad de los datos facilitados y de mantenerlos actualizados, reserv\u00e1ndose <b>axarquiaonline.com <\/b>el derecho de excluir de los servicios registrados a todo usuario que haya facilitado datos falsos, sin perjuicio de las dem\u00e1s acciones que procedan en Derecho.<\/span><\/p>\n<p><span style=\"margin: 0px; color: #3a3a3a; font-family: 'Segoe UI',sans-serif; font-size: 13pt;\">La aceptaci\u00f3n de los t\u00e9rminos y condiciones y pol\u00edtica de privacidad, ligada al uso de cualquiera de los servicios de <strong>Axarqu\u00eda Online<\/strong> implica tu autorizaci\u00f3n expresa en favor de <b>axarquiaonline.com.com <\/b>para el env\u00edo de informaci\u00f3n comercial a tu domicilio, tel\u00e9fono m\u00f3vil y direcci\u00f3n de correo electr\u00f3nico. Dicha autorizaci\u00f3n comprende el env\u00edo de publicidad comercial y publicitaria relacionada con las actividades, productos y servicios de <b>axarquiaonline.com<\/b>. Si deseas revocar dicha autorizaci\u00f3n, podr\u00e1s hacerlo de forma f\u00e1cil y gratuita dirigiendo tu petici\u00f3n a <b>webmaster@axarquiaonline.com<\/b>.<\/span><\/p>\n<p><span style=\"margin: 0px; color: #3a3a3a; font-family: 'Segoe UI',sans-serif; font-size: 22.5pt;\">2. Ejercicio de los derechos en materia de protecci\u00f3n de datos<\/span><\/p>\n<p><span style=\"margin: 0px; color: #3a3a3a; font-family: 'Segoe UI',sans-serif; font-size: 13pt;\">Puede ejercer sus derechos de acceso, rectificaci\u00f3n, cancelaci\u00f3n y oposici\u00f3n dirigi\u00e9ndose por escrito a <b>axarquiaonline.com, <\/b>Canalejas 36 , Entreplanta<\/span> <span style=\"margin: 0px; color: #3a3a3a; font-family: 'Segoe UI',sans-serif; font-size: 13pt;\">o bien enviando un correo electr\u00f3nico a <\/span><b><span style=\"margin: 0px; padding: 0cm; border: 1pt windowtext; font-family: 'Segoe UI',sans-serif; font-size: 13pt;\"><a>webmaster@axarquiaonline.com<\/a><\/span><\/b><span style=\"margin: 0px; color: #3a3a3a; font-family: 'Segoe UI',sans-serif; font-size: 13pt;\">.<\/span><\/p>\n<p><span style=\"margin: 0px; color: #3a3a3a; font-family: 'Segoe UI',sans-serif; font-size: 13pt;\">La solicitud del usuario debe cumplir el siguiente contenido m\u00ednimo legalmente establecido:<\/span><\/p>\n<p>\u00b7<span style=\"font: 7pt 'Times New Roman'; margin: 0px; font-size-adjust: none; font-stretch: normal;\">\u00a0\u00a0\u00a0\u00a0\u00a0\u00a0\u00a0 <\/span><span style=\"margin: 0px; color: #3a3a3a; font-family: 'Segoe UI',sans-serif; font-size: 13pt;\">Nombre y apellidos.<\/span><\/p>\n<p>\u00b7<span style=\"font: 7pt 'Times New Roman'; margin: 0px; font-size-adjust: none; font-stretch: normal;\">\u00a0\u00a0\u00a0\u00a0\u00a0\u00a0\u00a0 <\/span><span style=\"margin: 0px; color: #3a3a3a; font-family: 'Segoe UI',sans-serif; font-size: 13pt;\">Fotocopia del DNI, firma electr\u00f3nica o copia escaneada del DNI.<\/span><\/p>\n<p>\u00b7<span style=\"font: 7pt 'Times New Roman'; margin: 0px; font-size-adjust: none; font-stretch: normal;\">\u00a0\u00a0\u00a0\u00a0\u00a0\u00a0\u00a0 <\/span><span style=\"margin: 0px; color: #3a3a3a; font-family: 'Segoe UI',sans-serif; font-size: 13pt;\">Petici\u00f3n concreta.<\/span><\/p>\n<p>\u00b7<span style=\"font: 7pt 'Times New Roman'; margin: 0px; font-size-adjust: none; font-stretch: normal;\">\u00a0\u00a0\u00a0\u00a0\u00a0\u00a0\u00a0 <\/span><span style=\"margin: 0px; color: #3a3a3a; font-family: 'Segoe UI',sans-serif; font-size: 13pt;\">Direcci\u00f3n a efectos de notificaciones.<\/span><\/p>\n<p>\u00b7<span style=\"font: 7pt 'Times New Roman'; margin: 0px; font-size-adjust: none; font-stretch: normal;\">\u00a0\u00a0\u00a0\u00a0\u00a0\u00a0\u00a0 <\/span><span style=\"margin: 0px; color: #3a3a3a; font-family: 'Segoe UI',sans-serif; font-size: 13pt;\">Fecha y firma del solicitante<\/span><\/p>\n<p><span style=\"margin: 0px; color: #3a3a3a; font-family: 'Segoe UI',sans-serif; font-size: 13pt;\">Por la propia naturaleza del servicio y contenidos del Sitio Web, es imprescindible poder remitir a los usuarios registrados comunicaciones comerciales por correo electr\u00f3nico. Por lo tanto, en caso de que se produjera la cancelaci\u00f3n de datos prevista en el p\u00e1rrafo anterior, ello conllevar\u00e1 de manera autom\u00e1tica la cesaci\u00f3n y abandono en la condici\u00f3n de <b>usuario registrado de axarquiaonline.com<\/b><\/span><\/p>\n<p><span style=\"margin: 0px; color: #3a3a3a; font-family: 'Segoe UI',sans-serif; font-size: 22.5pt;\">3. Menores de edad<\/span><\/p>\n<p><span style=\"margin: 0px; color: #3a3a3a; font-family: 'Segoe UI',sans-serif; font-size: 13pt;\">Nuestros servicios est\u00e1n dirigidos a personas mayores de edad, en el supuesto que algunos de nuestros servicios vayan dirigidos espec\u00edficamente a menores de edad, <b>axarquiaonline.com<\/b> solicitar\u00e1 la conformidad de los padres o tutores para la recogida de los datos personales o, en su caso, para el tratamiento automatizado de los datos seg\u00fan lo expuesto en la legislaci\u00f3n vigente. Si el usuario registrado es menor de edad, se requiere que cuente con el previo consentimiento de sus padres o tutores antes de proceder a la inclusi\u00f3n de sus datos personales en los formularios del Sitio Web.<\/span><\/p>\n<p><span style=\"margin: 0px; color: #3a3a3a; font-family: 'Segoe UI',sans-serif; font-size: 22.5pt;\">\u00a0<\/span><span style=\"margin: 0px; color: #3a3a3a; font-family: 'Segoe UI',sans-serif; font-size: 22.5pt;\">4. Utilizaci\u00f3n de cookies<\/span><\/p>\n<p><span style=\"margin: 0px; color: #3a3a3a; font-family: 'Segoe UI',sans-serif; font-size: 13pt;\">El acceso a esta p\u00e1gina web puede implicar la utilizaci\u00f3n de \u0093cookies\u0094. Una cookie es un peque\u00f1o archivo de texto que el navegador recoge y almacena mientras el usuario navega, lo que conlleva que <b>Axarqu\u00eda Online<\/b> puede conocer determinada informaci\u00f3n acerca de la navegaci\u00f3n del usuario por su p\u00e1gina:<\/span><\/p>\n<p>\u00b7<span style=\"font: 7pt 'Times New Roman'; margin: 0px; font-size-adjust: none; font-stretch: normal;\">\u00a0\u00a0\u00a0\u00a0\u00a0\u00a0\u00a0 <\/span><span style=\"margin: 0px; color: #3a3a3a; font-family: 'Segoe UI',sans-serif; font-size: 13pt;\">Fecha y hora de la \u00faltima vez que el usuario visit\u00f3 la web;<\/span><\/p>\n<p>\u00b7<span style=\"font: 7pt 'Times New Roman'; margin: 0px; font-size-adjust: none; font-stretch: normal;\">\u00a0\u00a0\u00a0\u00a0\u00a0\u00a0\u00a0 <\/span><span style=\"margin: 0px; color: #3a3a3a; font-family: 'Segoe UI',sans-serif; font-size: 13pt;\">Dise\u00f1o y contenidos que el usuario escogi\u00f3 en su \u00faltima visita a la web;<\/span><\/p>\n<p>\u00b7<span style=\"font: 7pt 'Times New Roman'; margin: 0px; font-size-adjust: none; font-stretch: normal;\">\u00a0\u00a0\u00a0\u00a0\u00a0\u00a0\u00a0 <\/span><span style=\"margin: 0px; color: #3a3a3a; font-family: 'Segoe UI',sans-serif; font-size: 13pt;\">Elementos de seguridad que intervienen en el control de acceso a las \u00e1reas restringidas<\/span><\/p>\n<p>\u00b7<span style=\"font: 7pt 'Times New Roman'; margin: 0px; font-size-adjust: none; font-stretch: normal;\">\u00a0\u00a0\u00a0\u00a0\u00a0\u00a0\u00a0 <\/span><span style=\"margin: 0px; color: #3a3a3a; font-family: 'Segoe UI',sans-serif; font-size: 13pt;\">Otras circunstancias an\u00e1logas.<\/span><\/p>\n<p><span style=\"margin: 0px; color: #3a3a3a; font-family: 'Segoe UI',sans-serif; font-size: 13pt;\">Permiti\u00e9ndole adaptar la misma a las preferencias del mismo en sus siguientes visitas. En caso de que el usuario no desee recibir cookies durante la navegaci\u00f3n, deber\u00e1 desactivar la opci\u00f3n correspondiente de su navegador, de tal forma que impida la instalaci\u00f3n de aquellas en su ordenador. Para la utilizaci\u00f3n del sitio web <b>Axarqu\u00eda Online<\/b> es necesaria la utilizaci\u00f3n de cookies. Las cookies se utilizan con la finalidad de personalizar los servicios que le ofrecemos, facilit\u00e1ndole informaci\u00f3n que pueda ser de su inter\u00e9s. Las cookies no extraen informaci\u00f3n de su ordenador, ni determinan d\u00f3nde se encuentra usted. Si usted lo desea puede configurar su navegador para ser avisado en pantalla de la recepci\u00f3n de cookies y para impedir la instalaci\u00f3n de cookies en su disco duro. Por favor, consulte las instrucciones y manuales de su navegador para ampliar esta informaci\u00f3n\u0094. Sin embargo, le hacemos notar que, en todo caso, la calidad del funcionamiento de la p\u00e1gina web puede disminuir. El usuario tiene la opci\u00f3n de impedir la generaci\u00f3n de cookies, mediante la selecci\u00f3n de la correspondiente opci\u00f3n en su programa navegador. Sin embargo, <b>Axarqu\u00eda Online<\/b> no se responsabiliza de que la desactivaci\u00f3n de las mismas impida el buen funcionamiento de la p\u00e1gina web.<\/span><\/p>\n<p><span style=\"margin: 0px; color: #3a3a3a; font-family: 'Segoe UI',sans-serif; font-size: 22.5pt;\">5. Google Analytics<\/span><\/p>\n<p><span style=\"margin: 0px; color: #3a3a3a; font-family: 'Segoe UI',sans-serif; font-size: 13pt;\">Esta p\u00e1gina web utiliza Google Analytics, un servicio anal\u00edtico de web prestado por Google, Inc., una compa\u00f1\u00eda de Delaware cuya oficina principal est\u00e1 en 1600 Amphitheatre Parkway, Mountain View (California), CA 94043, Estados Unidos (\u0093Google\u0094). Google Analytics utiliza \u0093cookies\u0094, que son archivos de texto ubicados en su ordenador, para ayudar al website a analizar el uso que hacen los usuarios del sitio web. La informaci\u00f3n que genera la cookie acerca de su uso del website (incluyendo su direcci\u00f3n IP) ser\u00e1 directamente transmitida y archivada por Google en los servidores de Estados Unidos. Google usar\u00e1 esta informaci\u00f3n por cuenta nuestra con el prop\u00f3sito de seguir la pista de su uso del website, recopilando informes de la actividad del website y prestando otros servicios relacionados con la actividad del website y el uso de Internet. Google podr\u00e1 transmitir dicha informaci\u00f3n a terceros cuando as\u00ed se lo requiera la legislaci\u00f3n, o cuando dichos terceros procesen la informaci\u00f3n por cuenta de Google. Google no asociar\u00e1 su direcci\u00f3n IP con ning\u00fan otro dato del que disponga Google. Puede Usted rechazar el tratamiento de los datos o la informaci\u00f3n rechazando el uso de cookies mediante la selecci\u00f3n de la configuraci\u00f3n apropiada de su navegador, sin embargo, el usuario debe saber que si lo hace puede ser que no pueda usar la plena funcionabilidad de este website. Al utilizar este website el usuario consiente el tratamiento de informaci\u00f3n acerca del usuario por Google en la forma y para los fines arriba indicados.<\/span><\/p>\n<p><span style=\"margin: 0px; color: #3a3a3a; font-family: 'Segoe UI',sans-serif; font-size: 22.5pt;\">6. Campos de texto libre<\/span><\/p>\n<p><span style=\"margin: 0px; color: #3a3a3a; font-family: 'Segoe UI',sans-serif; font-size: 13pt;\">Los campos de texto libre que, a disposici\u00f3n del usuario registrado, puedan aparecer en el Sitio Web, tienen como \u00fanica y exclusiva finalidad el recabar informaci\u00f3n para mejorar la calidad de los Servicios, en especial la entrega de los productos adquiridos. El usuario registrado no incluir\u00e1, en aquellos espacios que el Sitio Web pueda ofertar como \u0093campos de texto libre\u0094, ning\u00fan dato de car\u00e1cter personal que pueda ser calificado dentro de aquellos datos para los que se exige un nivel de protecci\u00f3n de tipo medio o alto, sin previo aviso a <b>axarquiaonline.com<\/b>, seg\u00fan define la normativa vigente (a t\u00edtulo enunciativo y no limitativo datos relativos a ideolog\u00eda, religi\u00f3n, creencias, afiliaci\u00f3n sindical, salud, origen racial y\/o vida sexual).<\/span><\/p>\n<p><b><span style=\"margin: 0px; padding: 0cm; border: 1pt windowtext; color: #3a3a3a; font-family: 'Segoe UI',sans-serif; font-size: 13pt;\">\u00bfQui\u00e9n es el responsable del tratamiento de sus datos?<\/span><\/b><\/p>\n<p><span style=\"margin: 0px; color: #3a3a3a; font-family: 'Segoe UI',sans-serif; font-size: 13pt;\">El responsable del tratamiento es el PROPIETARIO DE LA WEB cuyos datos identificativos se encuentran en el punto 1 del <\/span><a href=\"https:\/\/axarquiaonline.com\/index.php\/aviso-legal\/\"><span style=\"margin: 0px; padding: 0cm; border: 1pt windowtext; color: #636363; font-family: 'Segoe UI',sans-serif; font-size: 13pt;\">AVISO LEGAL.<\/span><\/a><\/p>\n<p><b><span style=\"margin: 0px; padding: 0cm; border: 1pt windowtext; color: #3a3a3a; font-family: 'Segoe UI',sans-serif; font-size: 13pt;\">\u00bfCon que finalidad tratamos sus datos personales?<\/span><\/b><\/p>\n<p><span style=\"margin: 0px; color: #3a3a3a; font-family: 'Segoe UI',sans-serif; font-size: 13pt;\">El PROPIETARIO DE LA WEB tratar\u00e1 la informaci\u00f3n que facilite el usuario a trav\u00e9s del Sitio Web con el fin de gestionar la prestaci\u00f3n de los servicios solicitados y la gesti\u00f3n administrativa derivada de los mismos, as\u00ed como remitir peri\u00f3dicamente newsletters, comunicaciones comerciales sobre servicios, eventos y noticias relacionadas con la actividad profesional del PROPIETARIO DE LA WEB cuando el usuario lo autorice.<\/span><\/p>\n<p><b><span style=\"margin: 0px; padding: 0cm; border: 1pt windowtext; color: #3a3a3a; font-family: 'Segoe UI',sans-serif; font-size: 13pt;\">\u00bfDurante cu\u00e1nto tiempo se conservar\u00e1n sus datos?<\/span><\/b><\/p>\n<p><span style=\"margin: 0px; color: #3a3a3a; font-family: 'Segoe UI',sans-serif; font-size: 13pt;\">Los datos personales se conservar\u00e1n mientras el usuario no solicite la supresi\u00f3n de los mismos y, en todo caso, durante los a\u00f1os necesarios para cumplir las obligaciones legales que establezca la normativa vigente, o para hacer frente a las posibles responsabilidades que pudiesen surgir.<\/span><\/p>\n<p><b><span style=\"margin: 0px; padding: 0cm; border: 1pt windowtext; color: #3a3a3a; font-family: 'Segoe UI',sans-serif; font-size: 13pt;\">\u00bfCu\u00e1l es la legitimaci\u00f3n para el tratamiento de sus datos?<\/span><\/b><\/p>\n<p><span style=\"margin: 0px; color: #3a3a3a; font-family: 'Segoe UI',sans-serif; font-size: 13pt;\">La legitimaci\u00f3n del PROPIETARIO DE LA WEB para llevar a cabo el tratamiento de los datos de los usuarios se basa en el consentimiento expreso del interesado.<\/span><\/p>\n<p><b><span style=\"margin: 0px; padding: 0cm; border: 1pt windowtext; color: #3a3a3a; font-family: 'Segoe UI',sans-serif; font-size: 13pt;\">\u00bfCu\u00e1les son los derechos del usuario?<\/span><\/b><\/p>\n<p><span style=\"margin: 0px; color: #3a3a3a; font-family: 'Segoe UI',sans-serif; font-size: 13pt;\">El usuario tiene derecho a obtener confirmaci\u00f3n sobre si el PROPIETARIO DE LA WEB est\u00e1 tratando datos personales que le conciernan o no. Tienen derecho a acceder a sus datos personales, as\u00ed como a solicitar la rectificaci\u00f3n de los datos inexactos o, en su caso, solicitar la supresi\u00f3n cuando, entre otros motivos, los datos ya no sean necesarios para los fines que motivaron su recogida. En determinadas circunstancias el usuario podr\u00e1 solicitar la limitaci\u00f3n del tratamiento de sus datos personales, en cuyo caso \u00fanicamente se conservaran bloqueados para el ejercicio o la defensa en reclamaciones. En determinadas circunstancias y por motivos relacionados con su situaci\u00f3n particular, los usuarios podr\u00e1n oponerse al tratamiento de sus datos, en cuyo caso el PROPIETARIO DE LA WEB dejar\u00e1 de tratar sus datos, salvo por motivos leg\u00edtimos imperiosos, o el ejercicio o defensa de posibles reclamaciones. Adem\u00e1s de los derechos anteriores, el usuario tambi\u00e9n tendr\u00e1 el derecho a retirar el consentimiento y el derecho a presentar una reclamaci\u00f3n ante la Autoridad de Control. Dispone de la informaci\u00f3n necesaria en <\/span><a href=\"http:\/\/www.agpd.es\/\" target=\"_blank\" rel=\"noopener noreferrer\"><span style=\"margin: 0px; padding: 0cm; border: 1pt windowtext; color: #636363; font-family: 'Segoe UI',sans-serif; font-size: 13pt;\">www.agpd.es<\/span><\/a><span style=\"margin: 0px; color: #3a3a3a; font-family: 'Segoe UI',sans-serif; font-size: 13pt;\">. Podr\u00e1 ejercitar materialmente sus derechos aportando copia de su DNI o documento oficial que le identifique, mediante el env\u00edo de un mail o por correo postal dirigi\u00e9ndose al PROPIETARIO DE LA WEB, cuyos datos identificativos se encuentran en el punto 1 del <\/span><a href=\"https:\/\/axarquiaonline.com\/index.php\/aviso-legal\/\"><span style=\"margin: 0px; padding: 0cm; border: 1pt windowtext; color: #636363; font-family: 'Segoe UI',sans-serif; font-size: 13pt;\">AVISO LEGAL.<\/span><\/a><\/p>\n<p><b><span style=\"margin: 0px; padding: 0cm; border: 1pt windowtext; color: #3a3a3a; font-family: 'Segoe UI',sans-serif; font-size: 13pt;\">\u00bfQu\u00e9 medidas de seguridad implantamos para proteger sus datos?<\/span><\/b><\/p>\n<p><span style=\"margin: 0px; color: #3a3a3a; font-family: 'Segoe UI',sans-serif; font-size: 13pt;\">El PROPIETARIO DE LA WEB tratar\u00e1 los datos del Usuario en todo momento de forma absolutamente confidencial y guardando el preceptivo deber de secreto respecto de los mismos, de conformidad con lo previsto en la normativa de aplicaci\u00f3n, adoptando al efecto las medidas de \u00edndole t\u00e9cnica y organizativas necesarias que garanticen la seguridad de sus datos y eviten su alteraci\u00f3n, p\u00e9rdida, tratamiento o acceso no autorizado, habida cuenta del estado de la tecnolog\u00eda, la naturaleza de los datos almacenados y los riesgos a que est\u00e1n expuestos.<\/span><\/p>\n","protected":false},"excerpt":{"rendered":"<p>1. Tratamiento de datos Para acceder a y\/o utilizar los servicios de Axarqu\u00eda Online. es necesario que los usuarios proporcionen previamente a Axarquia Online ciertos datos de car\u00e1cter personal. De conformidad con lo establecido en la Ley Org\u00e1nica 15\/1999 de Protecci\u00f3n de Datos (LOPD) de Car\u00e1cter Personal queremos comunicarles que los datos recabados se incorporar\u00e1n &#8230; <a title=\"Pol\u00edtica de privacidad\" class=\"read-more\" href=\"https:\/\/axarquiaonline.com\/index.php\/politica-de-privacidad\/\" aria-label=\"Leer m\u00e1s sobre Pol\u00edtica de privacidad\">Leer m\u00e1s<\/a><\/p>\n","protected":false},"author":1,"featured_media":0,"parent":0,"menu_order":0,"comment_status":"closed","ping_status":"closed","template":"","meta":{"_seopress_robots_primary_cat":"","_seopress_titles_title":"","_seopress_titles_desc":"","_seopress_robots_index":"","_exactmetrics_skip_tracking":false,"_exactmetrics_sitenote_active":false,"_exactmetrics_sitenote_note":"","_exactmetrics_sitenote_category":0,"footnotes":""},"class_list":["post-2620","page","type-page","status-publish"],"_links":{"self":[{"href":"https:\/\/axarquiaonline.com\/index.php\/wp-json\/wp\/v2\/pages\/2620","targetHints":{"allow":["GET"]}}],"collection":[{"href":"https:\/\/axarquiaonline.com\/index.php\/wp-json\/wp\/v2\/pages"}],"about":[{"href":"https:\/\/axarquiaonline.com\/index.php\/wp-json\/wp\/v2\/types\/page"}],"author":[{"embeddable":true,"href":"https:\/\/axarquiaonline.com\/index.php\/wp-json\/wp\/v2\/users\/1"}],"replies":[{"embeddable":true,"href":"https:\/\/axarquiaonline.com\/index.php\/wp-json\/wp\/v2\/comments?post=2620"}],"version-history":[{"count":6,"href":"https:\/\/axarquiaonline.com\/index.php\/wp-json\/wp\/v2\/pages\/2620\/revisions"}],"predecessor-version":[{"id":2649,"href":"https:\/\/axarquiaonline.com\/index.php\/wp-json\/wp\/v2\/pages\/2620\/revisions\/2649"}],"wp:attachment":[{"href":"https:\/\/axarquiaonline.com\/index.php\/wp-json\/wp\/v2\/media?parent=2620"}],"curies":[{"name":"wp","href":"https:\/\/api.w.org\/{rel}","templated":true}]}}