{"id":254,"date":"2015-09-01T19:05:15","date_gmt":"2015-09-01T19:05:15","guid":{"rendered":"http:\/\/axarquiaonline.com\/?page_id=254"},"modified":"2015-09-01T19:05:15","modified_gmt":"2015-09-01T19:05:15","slug":"talleres-vara","status":"publish","type":"page","link":"https:\/\/axarquiaonline.com\/index.php\/talleres-vara\/","title":{"rendered":"Talleres Vara"},"content":{"rendered":"<p>Mec\u00e1nica General del Autom\u00f3vil.<br \/>\nInyecci\u00f3n Mec\u00e1nica y Electr\u00f3nica.<br \/>\nCambio de Neum\u00e1ticos.<br \/>\nAlineaci\u00f3n de Direcciones.<\/p>\n<p>C\/. Juan Barranquero, 13.<br \/>\n29700 V\u00e9lez-M\u00e1laga.<\/p>\n<p>Tel: 952 501940.<\/p>\n","protected":false},"excerpt":{"rendered":"<p>Mec\u00e1nica General del Autom\u00f3vil. Inyecci\u00f3n Mec\u00e1nica y Electr\u00f3nica. Cambio de Neum\u00e1ticos. Alineaci\u00f3n de Direcciones. C\/. Juan Barranquero, 13. 29700 V\u00e9lez-M\u00e1laga. Tel: 952 501940.<\/p>\n","protected":false},"author":1,"featured_media":0,"parent":0,"menu_order":0,"comment_status":"closed","ping_status":"closed","template":"","meta":{"_seopress_robots_primary_cat":"","_seopress_titles_title":"","_seopress_titles_desc":"","_seopress_robots_index":"","_exactmetrics_skip_tracking":false,"_exactmetrics_sitenote_active":false,"_exactmetrics_sitenote_note":"","_exactmetrics_sitenote_category":0,"footnotes":""},"class_list":["post-254","page","type-page","status-publish"],"_links":{"self":[{"href":"https:\/\/axarquiaonline.com\/index.php\/wp-json\/wp\/v2\/pages\/254","targetHints":{"allow":["GET"]}}],"collection":[{"href":"https:\/\/axarquiaonline.com\/index.php\/wp-json\/wp\/v2\/pages"}],"about":[{"href":"https:\/\/axarquiaonline.com\/index.php\/wp-json\/wp\/v2\/types\/page"}],"author":[{"embeddable":true,"href":"https:\/\/axarquiaonline.com\/index.php\/wp-json\/wp\/v2\/users\/1"}],"replies":[{"embeddable":true,"href":"https:\/\/axarquiaonline.com\/index.php\/wp-json\/wp\/v2\/comments?post=254"}],"version-history":[{"count":1,"href":"https:\/\/axarquiaonline.com\/index.php\/wp-json\/wp\/v2\/pages\/254\/revisions"}],"predecessor-version":[{"id":256,"href":"https:\/\/axarquiaonline.com\/index.php\/wp-json\/wp\/v2\/pages\/254\/revisions\/256"}],"wp:attachment":[{"href":"https:\/\/axarquiaonline.com\/index.php\/wp-json\/wp\/v2\/media?parent=254"}],"curies":[{"name":"wp","href":"https:\/\/api.w.org\/{rel}","templated":true}]}}