{"id":236,"date":"2015-09-01T18:59:01","date_gmt":"2015-09-01T18:59:01","guid":{"rendered":"http:\/\/axarquiaonline.com\/?page_id=236"},"modified":"2017-06-06T12:19:06","modified_gmt":"2017-06-06T11:19:06","slug":"talleres-de-reparacion","status":"publish","type":"page","link":"https:\/\/axarquiaonline.com\/index.php\/talleres-de-reparacion\/","title":{"rendered":"Talleres de reparaci\u00f3n"},"content":{"rendered":"<h4>V\u00e9lez-M\u00e1laga.<\/h4>\n<p><a href=\"http:\/\/axarquiaonline.com\/index.php\/talleres-vara\/\">Talleres Vara.<\/a><\/p>\n","protected":false},"excerpt":{"rendered":"<p>V\u00e9lez-M\u00e1laga. Talleres Vara.<\/p>\n","protected":false},"author":1,"featured_media":0,"parent":0,"menu_order":0,"comment_status":"closed","ping_status":"closed","template":"","meta":{"_seopress_robots_primary_cat":"","_seopress_titles_title":"","_seopress_titles_desc":"","_seopress_robots_index":"","_exactmetrics_skip_tracking":false,"_exactmetrics_sitenote_active":false,"_exactmetrics_sitenote_note":"","_exactmetrics_sitenote_category":0,"footnotes":""},"class_list":["post-236","page","type-page","status-publish"],"_links":{"self":[{"href":"https:\/\/axarquiaonline.com\/index.php\/wp-json\/wp\/v2\/pages\/236","targetHints":{"allow":["GET"]}}],"collection":[{"href":"https:\/\/axarquiaonline.com\/index.php\/wp-json\/wp\/v2\/pages"}],"about":[{"href":"https:\/\/axarquiaonline.com\/index.php\/wp-json\/wp\/v2\/types\/page"}],"author":[{"embeddable":true,"href":"https:\/\/axarquiaonline.com\/index.php\/wp-json\/wp\/v2\/users\/1"}],"replies":[{"embeddable":true,"href":"https:\/\/axarquiaonline.com\/index.php\/wp-json\/wp\/v2\/comments?post=236"}],"version-history":[{"count":9,"href":"https:\/\/axarquiaonline.com\/index.php\/wp-json\/wp\/v2\/pages\/236\/revisions"}],"predecessor-version":[{"id":1717,"href":"https:\/\/axarquiaonline.com\/index.php\/wp-json\/wp\/v2\/pages\/236\/revisions\/1717"}],"wp:attachment":[{"href":"https:\/\/axarquiaonline.com\/index.php\/wp-json\/wp\/v2\/media?parent=236"}],"curies":[{"name":"wp","href":"https:\/\/api.w.org\/{rel}","templated":true}]}}