{"id":23,"date":"2015-09-01T16:35:46","date_gmt":"2015-09-01T16:35:46","guid":{"rendered":"http:\/\/axarquiaonline.com\/?page_id=23"},"modified":"2015-09-01T18:56:15","modified_gmt":"2015-09-01T18:56:15","slug":"las-rutas","status":"publish","type":"page","link":"https:\/\/axarquiaonline.com\/index.php\/las-rutas\/","title":{"rendered":"Las Rutas"},"content":{"rendered":"<p><b>Ruta del Sol y del Aguacate:<\/b><\/p>\n<p><a href=\"http:\/\/axarquiaonline.com\/index.php\/rincon-de-la-victoria\/\">Rinc\u00f3n de la Victoria,<\/a> <a href=\"http:\/\/axarquiaonline.com\/index.php\/macharaviaya\/\">Macharaviaya,<\/a> <a href=\"http:\/\/axarquiaonline.com\/index.php\/benamocarra\/\">Benamocarra,<\/a> <a href=\"http:\/\/axarquiaonline.com\/index.php\/iznate\/\">Iznate,<\/a> <a href=\"http:\/\/axarquiaonline.com\/index.php\/benamargosa\/\">Benamargosa.<\/a><\/p>\n<p>La luz de esta ruta m\u00e1gica, de rica historia y personajes ilustres, nos envuelve durante el recorrido a trav\u00e9s de sus bellos&#8230;\u00a0<a href=\"http:\/\/axarquiaonline.com\/index.php\/ruta-del-sol-y-del-aguacate\/\">M\u00e1s Informaci\u00f3n.<\/a><\/p>\n<div id=\"las_rutas\">\n<p><b>Ruta del Sol y del Vino:<\/b><\/p>\n<p><a href=\"http:\/\/axarquiaonline.com\/index.php\/algarrobo\/\">Algarrobo,<\/a> <a href=\"http:\/\/axarquiaonline.com\/index.php\/sayalonga\/\">Sayalonga,<\/a> <a href=\"http:\/\/axarquiaonline.com\/index.php\/competa\/\">C\u00f3mpeta,<\/a> <a href=\"http:\/\/axarquiaonline.com\/index.php\/canillas-de-albaida\/\">Canillas de Albaida,<\/a> <a href=\"http:\/\/axarquiaonline.com\/index.php\/torrox\/\">Torrox,<\/a> <a href=\"http:\/\/axarquiaonline.com\/index.php\/nerja\/\">Nerja,<\/a> <a href=\"http:\/\/axarquiaonline.com\/index.php\/frigiliana\/\">Frigiliana.<\/a><\/p>\n<p>Junto a un bello litoral de playas salpicadas de acantilados y calas se suceden las lomas cargadas de vi\u00f1edos, cortijos blancos y casas de&#8230;\u00a0<a href=\"http:\/\/axarquiaonline.com\/index.php\/ruta-del-sol-y-del-vino\/\">M\u00e1s Informaci\u00f3n.<\/a><\/p>\n<\/div>\n<div id=\"las_rutas\">\n<p><b>Ruta del Mud\u00e9jar:<\/b><\/p>\n<p><a href=\"http:\/\/axarquiaonline.com\/index.php\/arenas\/\">Arenas,<\/a> <a href=\"http:\/\/axarquiaonline.com\/index.php\/archez\/\">\u00c1rchez,<\/a> <a href=\"http:\/\/axarquiaonline.com\/index.php\/salares\/\">Salares,<\/a> <a href=\"http:\/\/axarquiaonline.com\/index.php\/sedella\/\">Sedella,<\/a> <a href=\"http:\/\/axarquiaonline.com\/index.php\/canillas-de-aceituno\/\">Canillas de Aceituno.<\/a><\/p>\n<p>Las ra\u00edces \u00e1rabes de la Axarqu\u00eda se evidencian en estos cinco peque\u00f1os pueblos de interior salpicados de alminares,&#8230;\u00a0<a href=\"http:\/\/axarquiaonline.com\/index.php\/ruta-del-mudejar\/\">M\u00e1s Informaci\u00f3n.<\/a><\/p>\n<\/div>\n<div id=\"las_rutas\">\n<p><b>Ruta de la Pasa:<\/b><\/p>\n<p><a href=\"http:\/\/axarquiaonline.com\/index.php\/moclinejo\/\">Moclinejo,<\/a> <a href=\"http:\/\/axarquiaonline.com\/index.php\/almachar\/\">Alm\u00e1char,<\/a> <a href=\"http:\/\/axarquiaonline.com\/index.php\/el-borge\/\">El Borje,<\/a> <a href=\"http:\/\/axarquiaonline.com\/index.php\/cutar\/\">C\u00fatar,<\/a> <a href=\"http:\/\/axarquiaonline.com\/index.php\/comares\/\">Comares,<\/a> <a href=\"http:\/\/axarquiaonline.com\/index.php\/totalan\/\">Total\u00e1n<\/a><\/p>\n<p>Leyendas de bandoleros, vistas espl\u00e9ndidas y peque\u00f1os pueblos llenos de encanto donde a\u00fan se produce la que desde el tiempo&#8230;\u00a0<a href=\"http:\/\/axarquiaonline.com\/index.php\/ruta-de-la-pasa\/\">M\u00e1s Informaci\u00f3n.<\/a><\/p>\n<\/div>\n<div id=\"las_rutas\">\n<p><b>Ruta del Aceite y de los Montes:<\/b><\/p>\n<p><a href=\"http:\/\/axarquiaonline.com\/index.php\/la-vinuela\/\">La Vi\u00f1uela,<\/a> <a href=\"http:\/\/axarquiaonline.com\/index.php\/alcaucin\/\">Alcauc\u00edn,<\/a> <a href=\"http:\/\/axarquiaonline.com\/index.php\/periana\/\">Periana,<\/a> <a href=\"http:\/\/axarquiaonline.com\/index.php\/alfarnatejo\/\">Alfarnatejo,<\/a> <a href=\"http:\/\/axarquiaonline.com\/index.php\/alfarnate\/\">Alfarnate,<\/a> <a href=\"http:\/\/axarquiaonline.com\/index.php\/colmenar\/\">Colmenar,<\/a> <a href=\"http:\/\/axarquiaonline.com\/index.php\/riogordo\/\">Riogordo.<\/a><\/p>\n<p>Espectaculares cambios de paisaje, un lago rodeado de monta\u00f1as y hermosos pueblos serranos colgados sobre el&#8230;\u00a0<a href=\"http:\/\/axarquiaonline.com\/index.php\/ruta-del-aceite-y-los-montes\/\">M\u00e1s Informaci\u00f3n.<\/a><\/p>\n<\/div>\n<div class=\"contenedor_footer\"><\/div>\n","protected":false},"excerpt":{"rendered":"<p>Ruta del Sol y del Aguacate: Rinc\u00f3n de la Victoria, Macharaviaya, Benamocarra, Iznate, Benamargosa. La luz de esta ruta m\u00e1gica, de rica historia y personajes ilustres, nos envuelve durante el recorrido a trav\u00e9s de sus bellos&#8230;\u00a0M\u00e1s Informaci\u00f3n. Ruta del Sol y del Vino: Algarrobo, Sayalonga, C\u00f3mpeta, Canillas de Albaida, Torrox, Nerja, Frigiliana. Junto a un &#8230; <a title=\"Las Rutas\" class=\"read-more\" href=\"https:\/\/axarquiaonline.com\/index.php\/las-rutas\/\" aria-label=\"Leer m\u00e1s sobre Las Rutas\">Leer m\u00e1s<\/a><\/p>\n","protected":false},"author":1,"featured_media":0,"parent":0,"menu_order":0,"comment_status":"closed","ping_status":"closed","template":"","meta":{"_seopress_robots_primary_cat":"","_seopress_titles_title":"","_seopress_titles_desc":"","_seopress_robots_index":"","_exactmetrics_skip_tracking":false,"_exactmetrics_sitenote_active":false,"_exactmetrics_sitenote_note":"","_exactmetrics_sitenote_category":0,"footnotes":""},"class_list":["post-23","page","type-page","status-publish"],"_links":{"self":[{"href":"https:\/\/axarquiaonline.com\/index.php\/wp-json\/wp\/v2\/pages\/23","targetHints":{"allow":["GET"]}}],"collection":[{"href":"https:\/\/axarquiaonline.com\/index.php\/wp-json\/wp\/v2\/pages"}],"about":[{"href":"https:\/\/axarquiaonline.com\/index.php\/wp-json\/wp\/v2\/types\/page"}],"author":[{"embeddable":true,"href":"https:\/\/axarquiaonline.com\/index.php\/wp-json\/wp\/v2\/users\/1"}],"replies":[{"embeddable":true,"href":"https:\/\/axarquiaonline.com\/index.php\/wp-json\/wp\/v2\/comments?post=23"}],"version-history":[{"count":8,"href":"https:\/\/axarquiaonline.com\/index.php\/wp-json\/wp\/v2\/pages\/23\/revisions"}],"predecessor-version":[{"id":234,"href":"https:\/\/axarquiaonline.com\/index.php\/wp-json\/wp\/v2\/pages\/23\/revisions\/234"}],"wp:attachment":[{"href":"https:\/\/axarquiaonline.com\/index.php\/wp-json\/wp\/v2\/media?parent=23"}],"curies":[{"name":"wp","href":"https:\/\/api.w.org\/{rel}","templated":true}]}}