{"id":2299,"date":"2018-08-08T17:01:07","date_gmt":"2018-08-08T16:01:07","guid":{"rendered":"http:\/\/axarquiaonline.com\/?page_id=2299"},"modified":"2018-11-28T13:52:36","modified_gmt":"2018-11-28T12:52:36","slug":"marisquerias-taperia","status":"publish","type":"page","link":"https:\/\/axarquiaonline.com\/index.php\/marisquerias-taperia\/","title":{"rendered":"Marisquer\u00edas Taper\u00eda"},"content":{"rendered":"<p><strong>V\u00e9lez-M\u00e1laga.<\/strong><\/p>\n<p><a href=\"http:\/\/axarquiaonline.com\/index.php\/la-marenga-marisqueria-taperia\/\"><img loading=\"lazy\" decoding=\"async\" class=\"alignnone wp-image-2296 size-thumbnail\" src=\"http:\/\/axarquiaonline.com\/wp-content\/uploads\/2018\/08\/LOGO_MARENGA_s-150x150.jpg\" alt=\"\" width=\"150\" height=\"150\" \/><\/a><\/p>\n","protected":false},"excerpt":{"rendered":"<p>V\u00e9lez-M\u00e1laga.<\/p>\n","protected":false},"author":1,"featured_media":0,"parent":0,"menu_order":0,"comment_status":"closed","ping_status":"closed","template":"","meta":{"_seopress_robots_primary_cat":"","_seopress_titles_title":"","_seopress_titles_desc":"","_seopress_robots_index":"","_exactmetrics_skip_tracking":false,"_exactmetrics_sitenote_active":false,"_exactmetrics_sitenote_note":"","_exactmetrics_sitenote_category":0,"footnotes":""},"class_list":["post-2299","page","type-page","status-publish"],"_links":{"self":[{"href":"https:\/\/axarquiaonline.com\/index.php\/wp-json\/wp\/v2\/pages\/2299","targetHints":{"allow":["GET"]}}],"collection":[{"href":"https:\/\/axarquiaonline.com\/index.php\/wp-json\/wp\/v2\/pages"}],"about":[{"href":"https:\/\/axarquiaonline.com\/index.php\/wp-json\/wp\/v2\/types\/page"}],"author":[{"embeddable":true,"href":"https:\/\/axarquiaonline.com\/index.php\/wp-json\/wp\/v2\/users\/1"}],"replies":[{"embeddable":true,"href":"https:\/\/axarquiaonline.com\/index.php\/wp-json\/wp\/v2\/comments?post=2299"}],"version-history":[{"count":7,"href":"https:\/\/axarquiaonline.com\/index.php\/wp-json\/wp\/v2\/pages\/2299\/revisions"}],"predecessor-version":[{"id":2452,"href":"https:\/\/axarquiaonline.com\/index.php\/wp-json\/wp\/v2\/pages\/2299\/revisions\/2452"}],"wp:attachment":[{"href":"https:\/\/axarquiaonline.com\/index.php\/wp-json\/wp\/v2\/media?parent=2299"}],"curies":[{"name":"wp","href":"https:\/\/api.w.org\/{rel}","templated":true}]}}