{"id":2270,"date":"2018-07-10T16:39:13","date_gmt":"2018-07-10T15:39:13","guid":{"rendered":"http:\/\/axarquiaonline.com\/?page_id=2270"},"modified":"2022-11-17T20:33:01","modified_gmt":"2022-11-17T19:33:01","slug":"cafeteria-iris","status":"publish","type":"page","link":"https:\/\/axarquiaonline.com\/index.php\/cafeteria-iris\/","title":{"rendered":"Cafeter\u00eda Iris"},"content":{"rendered":"<p><img loading=\"lazy\" decoding=\"async\" class=\"alignright wp-image-2274\" src=\"http:\/\/axarquiaonline.com\/wp-content\/uploads\/2018\/07\/logoirissmall-300x152.jpg\" alt=\"\" width=\"168\" height=\"85\" srcset=\"https:\/\/axarquiaonline.com\/wp-content\/uploads\/2018\/07\/logoirissmall-300x152.jpg 300w, https:\/\/axarquiaonline.com\/wp-content\/uploads\/2018\/07\/logoirissmall-768x388.jpg 768w, https:\/\/axarquiaonline.com\/wp-content\/uploads\/2018\/07\/logoirissmall-1024x517.jpg 1024w, https:\/\/axarquiaonline.com\/wp-content\/uploads\/2018\/07\/logoirissmall-624x315.jpg 624w, https:\/\/axarquiaonline.com\/wp-content\/uploads\/2018\/07\/logoirissmall.jpg 1500w\" sizes=\"auto, (max-width: 168px) 100vw, 168px\" \/>En la c\u00e9ntrica Plaza de las Carmelitas, les atendemos y le ofrecemos nuestros desayunos y meriendas.<\/p>\n<p>Tambi\u00e9n pueden encontrar tostas, roscas, tablas de ib\u00e9ricos y quesos.<\/p>\n<p>De reposter\u00eda pueden degustar nuestras tartas y dulces.<\/p>\n<p>Ofrecemos productos de calidad y un trato familiar y cordial.<\/p>\n<p>Plaza de las Carmelitas, 8.<br \/>\n29700 V\u00e9lez-M\u00e1laga.<\/p>\n<p>Tel\u00e9fono: 661 56 06 84.<\/p>\n<p><a href=\"https:\/\/facebook.com\/pages\/Cafeteria-Iris\/139567962778808\" target=\"_blank\" rel=\"noopener\"><img loading=\"lazy\" decoding=\"async\" class=\"wp-image-863 size-full alignnone\" src=\"http:\/\/axarquiaonline.com\/wp-content\/uploads\/2016\/08\/Facebook_logo.png\" alt=\"\" width=\"32\" height=\"32\" \/><\/a><\/p>\n<hr \/>\n<p><iframe loading=\"lazy\" style=\"border: 0;\" src=\"https:\/\/www.google.com\/maps\/embed?pb=!1m18!1m12!1m3!1d3196.7637324759953!2d-4.10443313781879!3d36.752241859236925!2m3!1f0!2f0!3f0!3m2!1i1024!2i768!4f13.1!3m3!1m2!1s0xd724745bb1819e1%3A0xe8f431e921cbc7b5!2sCafeter%C3%ADa+IRIS!5e0!3m2!1ses!2ses!4v1531237139417\" width=\"1400\" height=\"450\" frameborder=\"0\" allowfullscreen=\"allowfullscreen\"><\/iframe><\/p>\n<hr \/>\n<p><img loading=\"lazy\" decoding=\"async\" class=\"wp-image-2276 size-large aligncenter\" src=\"https:\/\/axarquiaonline.com\/wp-content\/uploads\/2018\/07\/IRIS1-1024x576.jpg\" alt=\"\" width=\"1024\" height=\"576\" srcset=\"https:\/\/axarquiaonline.com\/wp-content\/uploads\/2018\/07\/IRIS1-1024x576.jpg 1024w, https:\/\/axarquiaonline.com\/wp-content\/uploads\/2018\/07\/IRIS1-300x169.jpg 300w, https:\/\/axarquiaonline.com\/wp-content\/uploads\/2018\/07\/IRIS1-768x432.jpg 768w, https:\/\/axarquiaonline.com\/wp-content\/uploads\/2018\/07\/IRIS1-624x351.jpg 624w\" sizes=\"auto, (max-width: 1024px) 100vw, 1024px\" \/><br \/>\n<img loading=\"lazy\" decoding=\"async\" class=\"aligncenter wp-image-2277 size-large\" src=\"https:\/\/axarquiaonline.com\/wp-content\/uploads\/2018\/07\/IRIS2-1024x576.jpg\" alt=\"\" width=\"1024\" height=\"576\" srcset=\"https:\/\/axarquiaonline.com\/wp-content\/uploads\/2018\/07\/IRIS2-1024x576.jpg 1024w, https:\/\/axarquiaonline.com\/wp-content\/uploads\/2018\/07\/IRIS2-300x169.jpg 300w, https:\/\/axarquiaonline.com\/wp-content\/uploads\/2018\/07\/IRIS2-768x432.jpg 768w, https:\/\/axarquiaonline.com\/wp-content\/uploads\/2018\/07\/IRIS2-624x351.jpg 624w\" sizes=\"auto, (max-width: 1024px) 100vw, 1024px\" \/>\u00a0\u00a0<img loading=\"lazy\" decoding=\"async\" class=\"aligncenter wp-image-2278 size-large\" src=\"https:\/\/axarquiaonline.com\/wp-content\/uploads\/2018\/07\/IRIS3-1024x576.jpg\" alt=\"\" width=\"1024\" height=\"576\" srcset=\"https:\/\/axarquiaonline.com\/wp-content\/uploads\/2018\/07\/IRIS3-1024x576.jpg 1024w, https:\/\/axarquiaonline.com\/wp-content\/uploads\/2018\/07\/IRIS3-300x169.jpg 300w, https:\/\/axarquiaonline.com\/wp-content\/uploads\/2018\/07\/IRIS3-768x432.jpg 768w, https:\/\/axarquiaonline.com\/wp-content\/uploads\/2018\/07\/IRIS3-624x351.jpg 624w\" sizes=\"auto, (max-width: 1024px) 100vw, 1024px\" \/>\u00a0\u00a0<img loading=\"lazy\" decoding=\"async\" class=\"aligncenter wp-image-2279 size-large\" src=\"https:\/\/axarquiaonline.com\/wp-content\/uploads\/2018\/07\/IRIS4-1024x576.jpg\" alt=\"\" width=\"1024\" height=\"576\" srcset=\"https:\/\/axarquiaonline.com\/wp-content\/uploads\/2018\/07\/IRIS4-1024x576.jpg 1024w, https:\/\/axarquiaonline.com\/wp-content\/uploads\/2018\/07\/IRIS4-300x169.jpg 300w, https:\/\/axarquiaonline.com\/wp-content\/uploads\/2018\/07\/IRIS4-768x432.jpg 768w, https:\/\/axarquiaonline.com\/wp-content\/uploads\/2018\/07\/IRIS4-624x351.jpg 624w\" sizes=\"auto, (max-width: 1024px) 100vw, 1024px\" \/><\/p>\n","protected":false},"excerpt":{"rendered":"<p>En la c\u00e9ntrica Plaza de las Carmelitas, les atendemos y le ofrecemos nuestros desayunos y meriendas. Tambi\u00e9n pueden encontrar tostas, roscas, tablas de ib\u00e9ricos y quesos. De reposter\u00eda pueden degustar nuestras tartas y dulces. Ofrecemos productos de calidad y un trato familiar y cordial. Plaza de las Carmelitas, 8. 29700 V\u00e9lez-M\u00e1laga. Tel\u00e9fono: 661 56 06 &#8230; <a title=\"Cafeter\u00eda Iris\" class=\"read-more\" href=\"https:\/\/axarquiaonline.com\/index.php\/cafeteria-iris\/\" aria-label=\"Leer m\u00e1s sobre Cafeter\u00eda Iris\">Leer m\u00e1s<\/a><\/p>\n","protected":false},"author":1,"featured_media":0,"parent":0,"menu_order":0,"comment_status":"closed","ping_status":"closed","template":"","meta":{"_seopress_robots_primary_cat":"","_seopress_titles_title":"","_seopress_titles_desc":"","_seopress_robots_index":"","_exactmetrics_skip_tracking":false,"_exactmetrics_sitenote_active":false,"_exactmetrics_sitenote_note":"","_exactmetrics_sitenote_category":0,"footnotes":""},"class_list":["post-2270","page","type-page","status-publish"],"_links":{"self":[{"href":"https:\/\/axarquiaonline.com\/index.php\/wp-json\/wp\/v2\/pages\/2270","targetHints":{"allow":["GET"]}}],"collection":[{"href":"https:\/\/axarquiaonline.com\/index.php\/wp-json\/wp\/v2\/pages"}],"about":[{"href":"https:\/\/axarquiaonline.com\/index.php\/wp-json\/wp\/v2\/types\/page"}],"author":[{"embeddable":true,"href":"https:\/\/axarquiaonline.com\/index.php\/wp-json\/wp\/v2\/users\/1"}],"replies":[{"embeddable":true,"href":"https:\/\/axarquiaonline.com\/index.php\/wp-json\/wp\/v2\/comments?post=2270"}],"version-history":[{"count":17,"href":"https:\/\/axarquiaonline.com\/index.php\/wp-json\/wp\/v2\/pages\/2270\/revisions"}],"predecessor-version":[{"id":3397,"href":"https:\/\/axarquiaonline.com\/index.php\/wp-json\/wp\/v2\/pages\/2270\/revisions\/3397"}],"wp:attachment":[{"href":"https:\/\/axarquiaonline.com\/index.php\/wp-json\/wp\/v2\/media?parent=2270"}],"curies":[{"name":"wp","href":"https:\/\/api.w.org\/{rel}","templated":true}]}}