{"id":221,"date":"2015-09-01T18:43:30","date_gmt":"2015-09-01T18:43:30","guid":{"rendered":"http:\/\/axarquiaonline.com\/?page_id=221"},"modified":"2015-09-01T18:55:31","modified_gmt":"2015-09-01T18:55:31","slug":"ruta-del-aceite-y-los-montes","status":"publish","type":"page","link":"https:\/\/axarquiaonline.com\/index.php\/ruta-del-aceite-y-los-montes\/","title":{"rendered":"Ruta del Aceite y los Montes"},"content":{"rendered":"<p style=\"text-align: justify;\"><a href=\"http:\/\/axarquiaonline.com\/wp-content\/uploads\/2015\/09\/rutaaceiteymontes.jpg\"><img loading=\"lazy\" decoding=\"async\" class=\"size-full wp-image-231 alignright\" src=\"http:\/\/axarquiaonline.com\/wp-content\/uploads\/2015\/09\/rutaaceiteymontes.jpg\" alt=\"rutaaceiteymontes\" width=\"195\" height=\"187\" \/><\/a><\/p>\n<p style=\"text-align: justify;\"><a href=\"http:\/\/axarquiaonline.com\/index.php\/la-vinuela\/\">Vi\u00f1uela,<\/a> <a href=\"http:\/\/axarquiaonline.com\/index.php\/alcaucin\/\">Alcauc\u00edn,<\/a> <a href=\"http:\/\/axarquiaonline.com\/index.php\/periana\/\">Periana,<\/a> <a href=\"http:\/\/axarquiaonline.com\/index.php\/alfarnatejo\/\">Alfarnatejo,<\/a> <a href=\"http:\/\/axarquiaonline.com\/index.php\/alfarnate\/\">Alfarnate,<\/a> <a href=\"http:\/\/axarquiaonline.com\/index.php\/colmenar\/\">Colmenar,<\/a> <a href=\"http:\/\/axarquiaonline.com\/index.php\/riogordo\/\">Riogordo.<\/a><\/p>\n<p style=\"text-align: justify;\">Espectaculares cambios de paisaje, un lago rodeado de monta\u00f1as y hermosos pueblos serranos colgados sobre el Mediterr\u00e1neo.<\/p>\n<p style=\"text-align: justify;\">Entre la exhuberante belleza de las sierras que coronan la Axarqu\u00eda, los pueblos de Riogordo, Colmenar, Alfarnate, Alfarnatejo, Periana, Alcauc\u00edn y Vi\u00f1uela componen una ruta de fuerte personalidad ofreciendo un paisaje \u00fanico de monta\u00f1as, donde predomina el verde de los olivos y los pastos, pueblos de f\u00e1cil acceso desde M\u00e1laga por la Autov\u00eda A-45 o bien, ya en la Axarqu\u00eda, por la carretera del arco A-356.<\/p>\n<p style=\"text-align: justify;\">Los restos de grandes muelas y enormes orzas que por aqu\u00ed se encuentran, dan testimonio de la antig\u00fcedad del cultivo del aceite de oliva, el gran protagonista b\u00e1sico de la tradicional, riqu\u00edsima y sana cocina mediterr\u00e1nea. Los olivos de la \u201cvariedad verdial y hojiblanca\u201d dan origen a uno de los mejores aceites del mundo, elaborado en las tradicionales almazaras, donde se produce de forma totalmente natural. Este aceite est\u00e1 caracterizado por tener un sabor afrutado, muy dulce y agradable al paladar.<\/p>\n<p style=\"text-align: justify;\">Para disfrutar de toda la cultura que envuelve al oro l\u00edquido, esta ruta ofrece m\u00faltiples posibilidades: podemos visitar el museo del aceite de Periana en Mondr\u00f3n, admirar el antiguo molino del Cortijo de Pulgar\u00edn Bajo de Alfarnatejo o asistir a la recolecci\u00f3n de la aceituna, que comienza en el mes de diciembre.<\/p>\n<p style=\"text-align: justify;\">La gastronom\u00eda es uno de los puntos fuertes de esta ruta. Junto con el aceite de oliva, se puede degustar los embutidos y las chacinas de elaboraci\u00f3n propia en Colmenar; los afamados melocotones y el queso de cabra en Periana; el pan romano en Alcauc\u00edn o los caracoles y roscos de aceite en Riogordo o el gazpacho en Alfarnatejo.<\/p>\n<p style=\"text-align: justify;\">Pero no todo lo interesante de la ruta del aceite y los montes tiene que ver con la gastronom\u00eda: el embalse de la Vi\u00f1uela est\u00e1 desarrollando una actividad cada vez m\u00e1s apreciada de turismo rural y activo, siendo una de las zonas de mayor demanda entre los aficionados al contacto directo con el medio rural y la naturaleza.<\/p>\n<p style=\"text-align: justify;\">Restos arqueol\u00f3gicos, leyendas de bandoleros, tradiciones populares y una profunda calma y tranquilidad completan el rom\u00e1ntico entorno que ofrece esta ruta.<\/p>\n<p style=\"text-align: justify;\">\n<p style=\"text-align: justify;\"><b>De inter\u00e9s en esta ruta:<\/b><\/p>\n<ul>\n<li style=\"text-align: justify;\">Practicar todo tipo de actividades en el entorno del Pantano de la Vi\u00f1uela tanto de turismo activo (piragua, senderismo, bicicleta, paseo a caballo) y disfrutar de la buena vida gracias a sus restaurantes y alojamientos rurales en un entorno \u00fanico, donde destaca el hotel La Vi\u00f1uela y las casas rurales de Hu\u00e9tor.<\/li>\n<li style=\"text-align: justify;\">En Alcauc\u00edn, antes o despu\u00e9s de subir a La Maroma, disfrutar de la naturaleza en la zona recreativa del Alc\u00e1zar.<\/li>\n<li style=\"text-align: justify;\">Visitar en Periana los Ba\u00f1os de Vilo y las afamadas fiestas dedicadas al aceite y al melocot\u00f3n.<\/li>\n<li style=\"text-align: justify;\">Volver al pasado recorriendo el museo etnogr\u00e1fico de Riogordo y asistiendo al tradicional Paso.<\/li>\n<li style=\"text-align: justify;\">Visitar la antigua Venta de Alfarnate que guarda entre sus muros siglos de historia por los bandoleros y ofrece una rica gastronom\u00eda Ax\u00e1rquica.<\/li>\n<li style=\"text-align: justify;\">Saborear los embutidos y productos c\u00e1rnicos de fabricaci\u00f3n artesanal en Colmenar, preferentemente en la fiesta gastron\u00f3mica del Mosto y la Chacina, en el mes de diciembre.<\/li>\n<\/ul>\n<p style=\"text-align: right;\">Informaci\u00f3n proporcionada por APTA.<br \/>\n<a href=\"http:\/\/axarquiaonline.com\/wp-content\/uploads\/2015\/09\/logo_a_p_t_a.jpg\"><img loading=\"lazy\" decoding=\"async\" class=\"alignnone size-full wp-image-209\" src=\"http:\/\/axarquiaonline.com\/wp-content\/uploads\/2015\/09\/logo_a_p_t_a.jpg\" alt=\"logo_a_p_t_a\" width=\"198\" height=\"58\" \/><\/a><\/p>\n","protected":false},"excerpt":{"rendered":"<p>Vi\u00f1uela, Alcauc\u00edn, Periana, Alfarnatejo, Alfarnate, Colmenar, Riogordo. Espectaculares cambios de paisaje, un lago rodeado de monta\u00f1as y hermosos pueblos serranos colgados sobre el Mediterr\u00e1neo. Entre la exhuberante belleza de las sierras que coronan la Axarqu\u00eda, los pueblos de Riogordo, Colmenar, Alfarnate, Alfarnatejo, Periana, Alcauc\u00edn y Vi\u00f1uela componen una ruta de fuerte personalidad ofreciendo un paisaje &#8230; <a title=\"Ruta del Aceite y los Montes\" class=\"read-more\" href=\"https:\/\/axarquiaonline.com\/index.php\/ruta-del-aceite-y-los-montes\/\" aria-label=\"Leer m\u00e1s sobre Ruta del Aceite y los Montes\">Leer m\u00e1s<\/a><\/p>\n","protected":false},"author":1,"featured_media":0,"parent":0,"menu_order":0,"comment_status":"closed","ping_status":"closed","template":"","meta":{"_seopress_robots_primary_cat":"","_seopress_titles_title":"","_seopress_titles_desc":"","_seopress_robots_index":"","_exactmetrics_skip_tracking":false,"_exactmetrics_sitenote_active":false,"_exactmetrics_sitenote_note":"","_exactmetrics_sitenote_category":0,"footnotes":""},"class_list":["post-221","page","type-page","status-publish"],"_links":{"self":[{"href":"https:\/\/axarquiaonline.com\/index.php\/wp-json\/wp\/v2\/pages\/221","targetHints":{"allow":["GET"]}}],"collection":[{"href":"https:\/\/axarquiaonline.com\/index.php\/wp-json\/wp\/v2\/pages"}],"about":[{"href":"https:\/\/axarquiaonline.com\/index.php\/wp-json\/wp\/v2\/types\/page"}],"author":[{"embeddable":true,"href":"https:\/\/axarquiaonline.com\/index.php\/wp-json\/wp\/v2\/users\/1"}],"replies":[{"embeddable":true,"href":"https:\/\/axarquiaonline.com\/index.php\/wp-json\/wp\/v2\/comments?post=221"}],"version-history":[{"count":3,"href":"https:\/\/axarquiaonline.com\/index.php\/wp-json\/wp\/v2\/pages\/221\/revisions"}],"predecessor-version":[{"id":233,"href":"https:\/\/axarquiaonline.com\/index.php\/wp-json\/wp\/v2\/pages\/221\/revisions\/233"}],"wp:attachment":[{"href":"https:\/\/axarquiaonline.com\/index.php\/wp-json\/wp\/v2\/media?parent=221"}],"curies":[{"name":"wp","href":"https:\/\/api.w.org\/{rel}","templated":true}]}}