{"id":219,"date":"2015-09-01T18:43:07","date_gmt":"2015-09-01T18:43:07","guid":{"rendered":"http:\/\/axarquiaonline.com\/?page_id=219"},"modified":"2015-09-01T18:51:47","modified_gmt":"2015-09-01T18:51:47","slug":"ruta-de-la-pasa","status":"publish","type":"page","link":"https:\/\/axarquiaonline.com\/index.php\/ruta-de-la-pasa\/","title":{"rendered":"Ruta de la Pasa"},"content":{"rendered":"<p style=\"text-align: justify;\"><a href=\"http:\/\/axarquiaonline.com\/wp-content\/uploads\/2015\/09\/rutadelapasa.jpg\"><img loading=\"lazy\" decoding=\"async\" class=\"size-full wp-image-229 alignright\" src=\"http:\/\/axarquiaonline.com\/wp-content\/uploads\/2015\/09\/rutadelapasa.jpg\" alt=\"rutadelapasa\" width=\"195\" height=\"191\" \/><\/a><\/p>\n<p style=\"text-align: justify;\"><a href=\"http:\/\/axarquiaonline.com\/index.php\/moclinejo\/\">Moclinejo,<\/a> <a href=\"http:\/\/axarquiaonline.com\/index.php\/almachar\/\">Alm\u00e1char,<\/a> <a href=\"http:\/\/axarquiaonline.com\/index.php\/el-borge\/\">El Borje,<\/a> <a href=\"http:\/\/axarquiaonline.com\/index.php\/cutar\/\">C\u00fatar,<\/a> <a href=\"http:\/\/axarquiaonline.com\/index.php\/comares\/\">Comares,<\/a> <a href=\"http:\/\/axarquiaonline.com\/index.php\/totalan\/\">Total\u00e1n<\/a><\/p>\n<p style=\"text-align: justify;\">Leyendas de bandoleros, vistas espl\u00e9ndidas y peque\u00f1os pueblos llenos de encanto donde a\u00fan se produce la que desde el tiempo de los \u00e1rabes se considera la mejor pasa del mundo.<\/p>\n<p style=\"text-align: justify;\">Los municipios de Total\u00e1n, Comares, C\u00fatar, El Borge, Alm\u00e1char, y Moclinejo integran los 62 kil\u00f3metros de esta ruta en la que las especiales condiciones climatol\u00f3gicas permiten que florezcan campos de vi\u00f1edos, cuyos frutos se convertir\u00e1n en pasa. Esta ancestral artesan\u00eda, cuyo maestro es el sol, se desarrolla en los secaderos de pasas, los caracter\u00edsticos paseros, siempre orientados al sur y asentados sobre las lomas y quebrados del paisaje ax\u00e1rquico. Es rese\u00f1able la marcada elaboraci\u00f3n artesanal de este fruto, y la creaci\u00f3n de fiestas para agasajar tan preciado producto como la Fiesta del Ajoblanco en Alm\u00e1char, de los Vi\u00f1eros en Moclinejo o la Pasa de El Borge.<\/p>\n<p style=\"text-align: justify;\">De las propias pasas se elabora artesanalmente el famoso vino de sabor dulce \u201cmoscatel\u201d, tan famoso como apreciado. Este vino posee un perfume caracter\u00edstico (floral) que tiene esta variedad de uva, debido a ciertos aceites esenciales que hay en la parte pr\u00f3xima a la pel\u00edcula del grano, y que lo diferencia de los dem\u00e1s vinos dulces.<\/p>\n<p style=\"text-align: justify;\">Dentro del folklore es obligatorio referirse a los verdiales de Comares, que se diferencian de los otros dos estilos (Montes y Almog\u00eda) por llevar un ritmo m\u00e1s r\u00e1pido de ejecuci\u00f3n. Las pandas de verdiales de Comares hacen gala de una m\u00e1s que acreditada calidad en cada una de sus actuaciones y son un referente para la Comarca de la Axarqu\u00eda. Existen fiestas que nos trasladan a otra \u00e9poca como la fiesta del monf\u00ed en C\u00fatar donde cobra protagonismo la cultura andalus\u00ed y se invita a los asistentes participen llevando la indumentaria de esta \u00e9poca. Otra cita la tenemos en Total\u00e1n con la chanfaina.<\/p>\n<p style=\"text-align: justify;\">La particular orograf\u00eda que presentan estos pueblos sirvi\u00f3 de refugio para bandoleros como \u201cEl bizco del Borge\u201d, uno de los forajidos m\u00e1s temidos. Al igual hizo el bandolero, se recomienda a los visitantes de esta ruta dejarse llevar por estos parajes para descubrir, siempre con una provisi\u00f3n de pasas en mano, los pintorescos y encantadores pueblos de origen \u00e1rabe que componen esta ruta.<\/p>\n<p style=\"text-align: justify;\">\n<p style=\"text-align: justify;\"><b>De inter\u00e9s en esta ruta:<\/b><\/p>\n<ul>\n<li style=\"text-align: justify;\">Visitar sus diferentes museos: de la Pasa en Alm\u00e1char, del Bandolero en El Borge y del Vino en Moclinejo.<\/li>\n<li style=\"text-align: justify;\">Admirar las maravillosas panor\u00e1micas que se contemplan desde Comares, balc\u00f3n de la Axarqu\u00eda.<\/li>\n<li style=\"text-align: justify;\">Conocer uno a uno todos y cada uno de los pueblos, donde encontraremos una rica gastronom\u00eda y alojamientos de ensue\u00f1o preparados para el visitante.<\/li>\n<li style=\"text-align: justify;\">En C\u00fatar disfrutar de la fiesta del Monf\u00ed que nos traslada a un municipio convertido en un zoco andalus\u00ed.<\/li>\n<li style=\"text-align: justify;\">En Total\u00e1n resaltar la Fiesta de la Chanfaina que se celebra en Noviembre y la del Caballo el uno de Mayo.<\/li>\n<\/ul>\n<p style=\"text-align: right;\">Informaci\u00f3n proporcionada por APTA.<br \/>\n<a href=\"http:\/\/axarquiaonline.com\/wp-content\/uploads\/2015\/09\/logo_a_p_t_a.jpg\"><img loading=\"lazy\" decoding=\"async\" class=\"alignnone size-full wp-image-209\" src=\"http:\/\/axarquiaonline.com\/wp-content\/uploads\/2015\/09\/logo_a_p_t_a.jpg\" alt=\"logo_a_p_t_a\" width=\"198\" height=\"58\" \/><\/a><\/p>\n","protected":false},"excerpt":{"rendered":"<p>Moclinejo, Alm\u00e1char, El Borje, C\u00fatar, Comares, Total\u00e1n Leyendas de bandoleros, vistas espl\u00e9ndidas y peque\u00f1os pueblos llenos de encanto donde a\u00fan se produce la que desde el tiempo de los \u00e1rabes se considera la mejor pasa del mundo. Los municipios de Total\u00e1n, Comares, C\u00fatar, El Borge, Alm\u00e1char, y Moclinejo integran los 62 kil\u00f3metros de esta ruta &#8230; <a title=\"Ruta de la Pasa\" class=\"read-more\" href=\"https:\/\/axarquiaonline.com\/index.php\/ruta-de-la-pasa\/\" aria-label=\"Leer m\u00e1s sobre Ruta de la Pasa\">Leer m\u00e1s<\/a><\/p>\n","protected":false},"author":1,"featured_media":0,"parent":0,"menu_order":0,"comment_status":"closed","ping_status":"closed","template":"","meta":{"_seopress_robots_primary_cat":"","_seopress_titles_title":"","_seopress_titles_desc":"","_seopress_robots_index":"","_exactmetrics_skip_tracking":false,"_exactmetrics_sitenote_active":false,"_exactmetrics_sitenote_note":"","_exactmetrics_sitenote_category":0,"footnotes":""},"class_list":["post-219","page","type-page","status-publish"],"_links":{"self":[{"href":"https:\/\/axarquiaonline.com\/index.php\/wp-json\/wp\/v2\/pages\/219","targetHints":{"allow":["GET"]}}],"collection":[{"href":"https:\/\/axarquiaonline.com\/index.php\/wp-json\/wp\/v2\/pages"}],"about":[{"href":"https:\/\/axarquiaonline.com\/index.php\/wp-json\/wp\/v2\/types\/page"}],"author":[{"embeddable":true,"href":"https:\/\/axarquiaonline.com\/index.php\/wp-json\/wp\/v2\/users\/1"}],"replies":[{"embeddable":true,"href":"https:\/\/axarquiaonline.com\/index.php\/wp-json\/wp\/v2\/comments?post=219"}],"version-history":[{"count":3,"href":"https:\/\/axarquiaonline.com\/index.php\/wp-json\/wp\/v2\/pages\/219\/revisions"}],"predecessor-version":[{"id":230,"href":"https:\/\/axarquiaonline.com\/index.php\/wp-json\/wp\/v2\/pages\/219\/revisions\/230"}],"wp:attachment":[{"href":"https:\/\/axarquiaonline.com\/index.php\/wp-json\/wp\/v2\/media?parent=219"}],"curies":[{"name":"wp","href":"https:\/\/api.w.org\/{rel}","templated":true}]}}