{"id":205,"date":"2015-09-01T18:32:08","date_gmt":"2015-09-01T18:32:08","guid":{"rendered":"http:\/\/axarquiaonline.com\/?page_id=205"},"modified":"2015-09-01T18:35:25","modified_gmt":"2015-09-01T18:35:25","slug":"ruta-del-sol-y-del-aguacate","status":"publish","type":"page","link":"https:\/\/axarquiaonline.com\/index.php\/ruta-del-sol-y-del-aguacate\/","title":{"rendered":"Ruta del Sol y del Aguacate"},"content":{"rendered":"<p style=\"text-align: justify;\"><a href=\"http:\/\/axarquiaonline.com\/wp-content\/uploads\/2015\/09\/rutasolyaguacate.jpg\"><img loading=\"lazy\" decoding=\"async\" class=\"size-full wp-image-208 alignright\" src=\"http:\/\/axarquiaonline.com\/wp-content\/uploads\/2015\/09\/rutasolyaguacate.jpg\" alt=\"rutasolyaguacate\" width=\"195\" height=\"192\" srcset=\"https:\/\/axarquiaonline.com\/wp-content\/uploads\/2015\/09\/rutasolyaguacate.jpg 195w, https:\/\/axarquiaonline.com\/wp-content\/uploads\/2015\/09\/rutasolyaguacate-90x90.jpg 90w\" sizes=\"auto, (max-width: 195px) 100vw, 195px\" \/><\/a><a href=\"http:\/\/axarquiaonline.com\/index.php\/rincon-de-la-victoria\/\">Rinc\u00f3n de la Victoria,<\/a> <a href=\"http:\/\/axarquiaonline.com\/index.php\/macharaviaya\/\">Macharaviaya,<\/a> <a href=\"http:\/\/axarquiaonline.com\/index.php\/benamocarra\/\">Benamocarra,<\/a> <a href=\"http:\/\/axarquiaonline.com\/index.php\/iznate\/\">Iznate,<\/a> <a href=\"http:\/\/axarquiaonline.com\/index.php\/benamargosa\/\">Benamargosa.<\/a><\/p>\n<p style=\"text-align: justify;\">La luz de esta ruta m\u00e1gica, de rica historia y personajes ilustres, nos envuelve durante el recorrido a trav\u00e9s de sus bellos pueblos, largas costas y f\u00e9rtiles campos de interior.<\/p>\n<p style=\"text-align: justify;\">Desde las playas del Rinc\u00f3n de la Victoria, puerta de la Axarqu\u00eda, hasta los campos de cultivos subtropicales de Benamargosa, estos 75 kil\u00f3metros invitan a conocer los seis municipios que componen la ruta m\u00e1s cercana M\u00e1laga integrada por los municipios de Rinc\u00f3n de la Victoria, Macharaviaya, V\u00e9lez-M\u00e1laga, Benamocarra, Iznate y Benamargosa.<\/p>\n<p style=\"text-align: justify;\">Los frutos subtropicales son, junto con el magn\u00edfico sol que se puede disfrutar en sus costas, el hilo conductor de una ruta que no deja a nadie indiferente. Mangos, papayas, chirimoyas y, sobre todo, aguacates, conviven en perfecta armon\u00eda con los tradicionales cultivos de la Axarqu\u00eda. Esta diversidad agr\u00edcola es debida al excepcional microclima creado por las sierras del Parque Natural de Tejeda, Alhama y Almijara.<\/p>\n<p style=\"text-align: justify;\">La historia tiene un peso destacado en esta ruta, aspecto por el que destaca la ciudad de V\u00e9lez-M\u00e1laga, capital de la Axarqu\u00eda. Esta condici\u00f3n de capital se manifiesta no solo en su historia y poblaci\u00f3n, sino en la geograf\u00eda, que otorga a su espl\u00e9ndida vega un lugar central de donde parten la mayor\u00eda de los caminos y rutas que invitan a conocer la variedad de parajes de la Axarqu\u00eda.<\/p>\n<p style=\"text-align: justify;\">Insignes personalidades dejaron su impronta en los pueblos de la Ruta del Sol y del Aguacate. El poeta Salvador Rueda, el m\u00fasico Eduardo Oc\u00f3n y la fil\u00f3sofa y ensayista Mar\u00eda Zambrano nacieron en esta tierra que fue morada de la familia de los G\u00e1lvez, aut\u00e9ntica mecenas de Macharaviaya. Patrimonio importante el que nos ofrece la Cueva del Tesoro en Rinc\u00f3n de la Victoria \u00fanica gruta marina visitable en Europa.<\/p>\n<p style=\"text-align: justify;\">Debido a su variedad, esta ruta es apta para todo tipo de inquietudes, por lo que si el turismo cultural no es lo suyo puede optar por sus amplias playas o por su oferta n\u00e1utica y de Golf que, junto a un amplio abanico de servicios, permiten al viajero disfrutar de una divertida y placentera estancia.<\/p>\n<p style=\"text-align: justify;\"><b>De inter\u00e9s en esta ruta:<\/b><\/p>\n<ul>\n<li style=\"text-align: justify;\">Descender a las profundidades en la Cueva del Tesoro en Rinc\u00f3n de la Victoria.<\/li>\n<li style=\"text-align: justify;\">Admirar las bellas pinturas de la Ermita del Cerro en la capital Ax\u00e1rquica de V\u00e9lez-M\u00e1laga, obra del prestigioso pintor vele\u00f1o Evaristo Guerra.<\/li>\n<li style=\"text-align: justify;\">Despu\u00e9s de visitar el interior, disfrutar del mar en las equipadas playas, amplios paseos mar\u00edtimos como el de Torre del Mar y en el puerto deportivo de Caleta de V\u00e9lez.<\/li>\n<li style=\"text-align: justify;\">Vivir arraigadas tradiciones como las procesiones mar\u00edtimas en Torre del Mar y Rinc\u00f3n de la Victoria o la Semana Santa de V\u00e9lez-M\u00e1laga.<\/li>\n<li style=\"text-align: justify;\">Deleitarnos en peculiares fiestas como el d\u00eda de la m\u00fasica en Benamocarra, la fiesta del campo en Benamargosa o la fiesta de la Uva Moscatel en Iznate, a la vez que disfrutamos de una rica y variada gastronom\u00eda.<\/li>\n<\/ul>\n<div style=\"text-align: right;\">Informaci\u00f3n proporcionada por APTA.<br \/>\n<a href=\"http:\/\/axarquiaonline.com\/wp-content\/uploads\/2015\/09\/logo_a_p_t_a.jpg\"><img loading=\"lazy\" decoding=\"async\" class=\"alignnone size-full wp-image-209\" src=\"http:\/\/axarquiaonline.com\/wp-content\/uploads\/2015\/09\/logo_a_p_t_a.jpg\" alt=\"logo_a_p_t_a\" width=\"198\" height=\"58\" \/><\/a><\/div>\n<p>&nbsp;<\/p>\n","protected":false},"excerpt":{"rendered":"<p>Rinc\u00f3n de la Victoria, Macharaviaya, Benamocarra, Iznate, Benamargosa. La luz de esta ruta m\u00e1gica, de rica historia y personajes ilustres, nos envuelve durante el recorrido a trav\u00e9s de sus bellos pueblos, largas costas y f\u00e9rtiles campos de interior. Desde las playas del Rinc\u00f3n de la Victoria, puerta de la Axarqu\u00eda, hasta los campos de cultivos &#8230; <a title=\"Ruta del Sol y del Aguacate\" class=\"read-more\" href=\"https:\/\/axarquiaonline.com\/index.php\/ruta-del-sol-y-del-aguacate\/\" aria-label=\"Leer m\u00e1s sobre Ruta del Sol y del Aguacate\">Leer m\u00e1s<\/a><\/p>\n","protected":false},"author":1,"featured_media":0,"parent":0,"menu_order":0,"comment_status":"closed","ping_status":"closed","template":"","meta":{"_seopress_robots_primary_cat":"","_seopress_titles_title":"","_seopress_titles_desc":"","_seopress_robots_index":"","_exactmetrics_skip_tracking":false,"_exactmetrics_sitenote_active":false,"_exactmetrics_sitenote_note":"","_exactmetrics_sitenote_category":0,"footnotes":""},"class_list":["post-205","page","type-page","status-publish"],"_links":{"self":[{"href":"https:\/\/axarquiaonline.com\/index.php\/wp-json\/wp\/v2\/pages\/205","targetHints":{"allow":["GET"]}}],"collection":[{"href":"https:\/\/axarquiaonline.com\/index.php\/wp-json\/wp\/v2\/pages"}],"about":[{"href":"https:\/\/axarquiaonline.com\/index.php\/wp-json\/wp\/v2\/types\/page"}],"author":[{"embeddable":true,"href":"https:\/\/axarquiaonline.com\/index.php\/wp-json\/wp\/v2\/users\/1"}],"replies":[{"embeddable":true,"href":"https:\/\/axarquiaonline.com\/index.php\/wp-json\/wp\/v2\/comments?post=205"}],"version-history":[{"count":3,"href":"https:\/\/axarquiaonline.com\/index.php\/wp-json\/wp\/v2\/pages\/205\/revisions"}],"predecessor-version":[{"id":210,"href":"https:\/\/axarquiaonline.com\/index.php\/wp-json\/wp\/v2\/pages\/205\/revisions\/210"}],"wp:attachment":[{"href":"https:\/\/axarquiaonline.com\/index.php\/wp-json\/wp\/v2\/media?parent=205"}],"curies":[{"name":"wp","href":"https:\/\/api.w.org\/{rel}","templated":true}]}}