{"id":15,"date":"2015-09-01T16:34:14","date_gmt":"2015-09-01T16:34:14","guid":{"rendered":"http:\/\/axarquiaonline.com\/?page_id=15"},"modified":"2019-04-22T17:59:56","modified_gmt":"2019-04-22T16:59:56","slug":"aviso-legal","status":"publish","type":"page","link":"https:\/\/axarquiaonline.com\/index.php\/aviso-legal\/","title":{"rendered":"Aviso Legal"},"content":{"rendered":"<p style=\"text-align: justify;\"><b>Advertencias legales<\/b><\/p>\n<p><!-- #INCLUDE virtual=\"aviso-legal.php\" -->La informaci\u00f3n contenida en esta p\u00e1gina web ha sido preparada con el \u00fanico fin de difundir, entre los usuarios de la misma, informaci\u00f3n general sobre <strong>Axarqu\u00eda Online<\/strong> y ha de ser considerada como gen\u00e9rica y orientativa sobre los productos y servicios en ella contenidos. Su utilizaci\u00f3n supone la aceptaci\u00f3n de las condiciones generales que se indican a continuaci\u00f3n.<\/p>\n<p style=\"text-align: justify;\">1.- Los sujetos que deseen entrar en este website deber\u00e1n ser mayores de edad y estar facultados para visitar este sitio web seg\u00fan lo dispuesto en las leyes de su pa\u00eds y del Estado desde donde acceden a Internet. Asimismo, toda persona que pretenda entrar en este sitio deber\u00e1 estar en plena posesi\u00f3n de sus facultades. En caso de minor\u00eda de edad, para poder entrar en este website los menores deber\u00e1n contar con la aprobaci\u00f3n de sus progenitores, tutores o aquella persona que mantenga la patria potestad sobre su persona, si as\u00ed estuviere facultado por la legislaci\u00f3n vigente en su pa\u00eds.<\/p>\n<p style=\"text-align: justify;\">Toda persona que no cumpla cualquiera de los requisitos antes descritos tendr\u00e1 totalmente prohibida la entrada a este website.<\/p>\n<p style=\"text-align: justify;\">2.-Toda la informaci\u00f3n relativa a las actividades, eventos o servicios que comercializa, est\u00e1 sujeta a cambios y su car\u00e1cter general y de mera informaci\u00f3n, dentro de los l\u00edmites que establece la legislaci\u00f3n vigente, eximen a <strong>Axarqu\u00eda Online<\/strong> de toda responsabilidad derivada de la inexactitud y precisi\u00f3n de los datos que su p\u00e1gina web pueda contener.<\/p>\n<p style=\"text-align: justify;\">3.- Este website es un lugar privado de acceso restringido, y por ello se encuentra bajo los derechos y la protecci\u00f3n dispensada por el Ordenamiento Jur\u00eddico Espa\u00f1ol en los art\u00edculos 18 (derecho fundamental a la intimidad) y 33 (derecho a la propiedad privada) de la Constituci\u00f3n Espa\u00f1ola, as\u00ed como por el Ordenamiento Jur\u00eddico Internacional y el Internet Privacy Act, no pudi\u00e9ndose entender en ning\u00fan caso que se acepta la libre entrada. El acceso a este website, por tanto, queda supeditado a la previa y expresa aceptaci\u00f3n de todo lo contemplado en el presente aviso legal.<\/p>\n<p style=\"text-align: justify;\">4.- Los usuarios que accedan a este website reconocen hacerlo de forma libre y consciente, por decisi\u00f3n propia, siendo dichos usuarios por tanto los exclusivos responsables del uso que puedan hacer de los contenidos de este website. En consecuencia, en ning\u00fan caso ni circunstancia se podr\u00e1 responsabilizar, directa o indirectamente, al propietario\/s ni a los colaboradores del eventual uso il\u00edcito que los usuarios puedan hacer de la informaci\u00f3n contenida en este website. Asimismo, tampoco se podr\u00e1 responsabilizar directa ni indirectamente al propietario\/s ni a los colaboradores de este website del incorrecto uso o mala interpretaci\u00f3n que puedan hacer los usuarios de la informaci\u00f3n y servicios incluidos, quedando igualmente eximidos de toda responsabilidad derivada de cualquier cuesti\u00f3n relacionada con el material al que los usuarios eventualmente puedan acceder desde los enlaces incluidos en este website. A estos efectos, el propietario\/s y los colaboradores de este website expresan su m\u00e1s profunda creencia de que las p\u00e1ginas web enlazadas con este website cumplen plenamente con las disposiciones legales de sus respectivos pa\u00edses y el Ordenamiento Jur\u00eddico Internacional, comprometi\u00e9ndose no obstante a revisar peri\u00f3dicamente estos lugares y a retirar cualquier enlace situado en este website que eventualmente pueda dirigir a lugares en los que se observe alg\u00fan contenido il\u00edcito.<\/p>\n<p style=\"text-align: justify;\">5.- <strong>Axarqu\u00eda Online<\/strong> se reserva el derecho a actualizar, modificar o eliminar el contenido de esta web. El propietario\/s y los colaboradores de este website se reservan el derecho de vetar la entrada de cualquier persona f\u00edsica o jur\u00eddica a este website, y a su vez se reservan el derecho de prohibir el acceso y\/o el uso de cualquier informaci\u00f3n y\/o contenido incluidos en este website.<\/p>\n<p style=\"text-align: justify;\">6.- <strong>Axarqu\u00eda Online<\/strong> es marca registrada por lo que se advierte que la comercializaci\u00f3n, copia, distribuci\u00f3n, reproducci\u00f3n, uso y cualquier otra actividad que, sin la debida autorizaci\u00f3n, se realice con el contenido de la web axarquiaonline.com, incluidos logos, nombres comerciales, bases de datos, etc&#8230; constituye un atentado a los derechos reconocidos en la Ley de Propiedad Intelectual y est\u00e1n penados por la legislaci\u00f3n vigente. Se advierte igualmente que el uso de esta p\u00e1gina por las personas que a la misma accedan, no implica en modo alguno cesi\u00f3n, renuncia o transmisi\u00f3n de los derechos antes mencionados.<\/p>\n<p style=\"text-align: justify;\">En cuanto a los derechos de terceros, se advierte que en el contenido de este website pudieran aparecer im\u00e1genes o informaci\u00f3n protegidas por derechos de autor o por la legislaci\u00f3n en materia de propiedad intelectual, de pertenencia a terceros . A estos efectos, el propietario\/s y los colaboradores recuerdan la exclusiva finalidad divulgativa e informativa de este website, advirtiendo a los usuarios que accedan al mismo que deber\u00e1n respetar escrupulosamente los antedichos derechos de autor, que son propiedad exclusiva de sus respectivos titulares. Los usuarios que accedan a este website asumen expresa y personalmente toda la responsabilidad que pudiera derivarse de cualquier eventual vulneraci\u00f3n de estos derechos, exoner\u00e1ndose el propietario\/s y los colaboradores de este website de toda responsabilidad derivada de tales hechos.<\/p>\n<p style=\"text-align: justify;\"><strong>Pol\u00edtica de privacidad.<\/strong><\/p>\n<p style=\"text-align: justify;\">De conformidad con lo dispuesto en la Ley Org\u00e1nica 15\/1999, de Protecci\u00f3n de Datos de Car\u00e1cter Personal, el usuario de esta p\u00e1gina podr\u00e1 ejercitar, en cualquier momento, los derechos de acceso, rectificaci\u00f3n, cancelaci\u00f3n y oposici\u00f3n, comunic\u00e1ndolo por escrito al domicilio de Axarqu\u00eda Online., Calle Canalejas, n\u00famero 36, Entreplanta, 29700 V\u00e9lez-M\u00e1laga. Del mismo modo, los usuarios podr\u00e1n decidir facilitar los datos personales que se les pueda requerir en relaci\u00f3n con lo ofrecido a trav\u00e9s de la p\u00e1gina web, cuya respuesta es voluntaria, salvo en los casos en que se manifieste lo contrario por ser necesarios al fin solicitado. Los datos personales ser\u00e1n tratados de forma confidencial y secreta, teniendo su recogida como finalidad, la gesti\u00f3n y prestaci\u00f3n de los servicios ofrecidos por Axarqu\u00eda Online, en cada momento, aceptando, en su caso, el usuario que dichos datos personales puedan ser objeto de tratamiento de ficheros automatizados, cuya titularidad y responsabilidad es de Axarqu\u00eda Online.<\/p>\n<p style=\"text-align: justify;\"><strong>Axarqu\u00eda Online<\/strong> se reserva el derecho de exclusi\u00f3n o no admisi\u00f3n de aquellas personas que voluntariamente denieguen la informaci\u00f3n que considere imprescindible para la participaci\u00f3n y obtenci\u00f3n de informaci\u00f3n de la web.<\/p>\n<p style=\"text-align: justify;\">Axarqu\u00eda Online.<br \/>\nCarlos Del Barrio <span style=\"display: inline !important; float: none; background-color: transparent; color: #333333; cursor: text; font-family: Georgia,'Times New Roman','Bitstream Charter',Times,serif; font-size: 16px; font-style: normal; font-variant: normal; font-weight: 400; letter-spacing: normal; orphans: 2; text-align: left; text-decoration: none; text-indent: 0px; text-transform: none; -webkit-text-stroke-width: 0px; white-space: normal; word-spacing: 0px;\">Fern\u00e1ndez<\/span>.<br \/>\nNIF: 13727664E<br \/>\nCanalejas, 36, Entreplanta.<br \/>\n29700 V\u00e9lez-M\u00e1laga.<\/p>\n<p style=\"text-align: justify;\">M\u00f3vil: +34 689 67 62 47.<\/p>\n","protected":false},"excerpt":{"rendered":"<p>Advertencias legales La informaci\u00f3n contenida en esta p\u00e1gina web ha sido preparada con el \u00fanico fin de difundir, entre los usuarios de la misma, informaci\u00f3n general sobre Axarqu\u00eda Online y ha de ser considerada como gen\u00e9rica y orientativa sobre los productos y servicios en ella contenidos. Su utilizaci\u00f3n supone la aceptaci\u00f3n de las condiciones generales &#8230; <a title=\"Aviso Legal\" class=\"read-more\" href=\"https:\/\/axarquiaonline.com\/index.php\/aviso-legal\/\" aria-label=\"Leer m\u00e1s sobre Aviso Legal\">Leer m\u00e1s<\/a><\/p>\n","protected":false},"author":1,"featured_media":0,"parent":0,"menu_order":0,"comment_status":"closed","ping_status":"closed","template":"","meta":{"_seopress_robots_primary_cat":"","_seopress_titles_title":"","_seopress_titles_desc":"","_seopress_robots_index":"","_exactmetrics_skip_tracking":false,"_exactmetrics_sitenote_active":false,"_exactmetrics_sitenote_note":"","_exactmetrics_sitenote_category":0,"footnotes":""},"class_list":["post-15","page","type-page","status-publish"],"_links":{"self":[{"href":"https:\/\/axarquiaonline.com\/index.php\/wp-json\/wp\/v2\/pages\/15","targetHints":{"allow":["GET"]}}],"collection":[{"href":"https:\/\/axarquiaonline.com\/index.php\/wp-json\/wp\/v2\/pages"}],"about":[{"href":"https:\/\/axarquiaonline.com\/index.php\/wp-json\/wp\/v2\/types\/page"}],"author":[{"embeddable":true,"href":"https:\/\/axarquiaonline.com\/index.php\/wp-json\/wp\/v2\/users\/1"}],"replies":[{"embeddable":true,"href":"https:\/\/axarquiaonline.com\/index.php\/wp-json\/wp\/v2\/comments?post=15"}],"version-history":[{"count":8,"href":"https:\/\/axarquiaonline.com\/index.php\/wp-json\/wp\/v2\/pages\/15\/revisions"}],"predecessor-version":[{"id":2650,"href":"https:\/\/axarquiaonline.com\/index.php\/wp-json\/wp\/v2\/pages\/15\/revisions\/2650"}],"wp:attachment":[{"href":"https:\/\/axarquiaonline.com\/index.php\/wp-json\/wp\/v2\/media?parent=15"}],"curies":[{"name":"wp","href":"https:\/\/api.w.org\/{rel}","templated":true}]}}