{"id":1444,"date":"2017-02-16T17:07:16","date_gmt":"2017-02-16T17:07:16","guid":{"rendered":"http:\/\/axarquiaonline.com\/?page_id=1444"},"modified":"2025-02-03T13:22:53","modified_gmt":"2025-02-03T12:22:53","slug":"labao","status":"publish","type":"page","link":"https:\/\/axarquiaonline.com\/index.php\/labao\/","title":{"rendered":"Labao. Establecimiento Sanitario"},"content":{"rendered":"<p><img loading=\"lazy\" decoding=\"async\" class=\"wp-image-3491 alignright\" src=\"https:\/\/axarquiaonline.com\/wp-content\/uploads\/2025\/01\/logo-LABAO1-1024x238.png\" alt=\"\" width=\"473\" height=\"110\" srcset=\"https:\/\/axarquiaonline.com\/wp-content\/uploads\/2025\/01\/logo-LABAO1-1024x238.png 1024w, https:\/\/axarquiaonline.com\/wp-content\/uploads\/2025\/01\/logo-LABAO1-300x70.png 300w, https:\/\/axarquiaonline.com\/wp-content\/uploads\/2025\/01\/logo-LABAO1-768x178.png 768w, https:\/\/axarquiaonline.com\/wp-content\/uploads\/2025\/01\/logo-LABAO1-1536x357.png 1536w, https:\/\/axarquiaonline.com\/wp-content\/uploads\/2025\/01\/logo-LABAO1-2048x476.png 2048w\" sizes=\"auto, (max-width: 473px) 100vw, 473px\" \/><\/p>\n<p>Labao Establecimiento Sanitario inicia su actividad profesional, en el mes de Julio del a\u00f1o 1999, en la calle Alcalde Jos\u00e9 Herrera de V\u00e9lez-M\u00e1laga, con la finalidad de prestar servicio de atenci\u00f3n primaria en el cuidado de la salud visual en la comarca de la Axarqu\u00eda. Durante a\u00f1os ha desarrollado actividades de prevenci\u00f3n de la visi\u00f3n y prescripci\u00f3n de ayudas \u00f3pticas para la mejora de la visi\u00f3n y el desempe\u00f1o de cualquier actividad de tipo visual a trav\u00e9s de instrumentos de evaluaci\u00f3n optom\u00e9trica.<\/p>\n<p>En el a\u00f1o 2010 ingresa en Opticalia, grupo \u00f3ptico l\u00edder en puntos de venta, con m\u00e1s de 900 \u00f3pticas asociadas entre Espa\u00f1a, Portugal y Colombia, donde se muestran las \u00faltimas tendencias de moda en el mundo de las gafas, a trav\u00e9s de marcas en exclusiva como:\u00a0 Mango, Pepe Jeans, Custo Barcelona, Antonio Banderas,\u00a0Pull &amp; Bear, David Delf\u00edn, Amichi, Javier Larrainzar y The Look. con una excelente calidad precio, mediante el lanzamiento de ofertas \u00fanicas en gafas de sol y gafas graduadas, como la actual campa\u00f1a 2 x1 en gafas graduadas de marca, donde puedes elegir: dos colores, dos estilos, dos marcas, representadas por Alejandro Sanz y con la comunicaci\u00f3n de : Opticalia otra forma de ver la vida.<\/p>\n<p>En la actualidad traslada sus instalaciones a la calle Alcalde Juan Barranquero n\u00ba 1, con la finalidad de prestar mejor servicio a todas las personas que acuden al establecimiento, ampliando sus instalaciones de prevenci\u00f3n de la visi\u00f3n a trav\u00e9s de Servicios Optom\u00e9tricos de Diagnostico de Ametrop\u00edas, Optometr\u00eda Infantil, Contactolog\u00eda Especializada con unidad de Topograf\u00eda Corneal, Tonometr\u00eda, Retinografia, etc&#8230; as\u00ed como una amplia exposici\u00f3n de gafas graduadas y de sol de gran variedad de precio, para que elijas la que m\u00e1s te guste y se adapte mejor a tu estilo de vida y a tus necesidades visuales propias e individuales.<\/p>\n<p>Opticalia Labao tambi\u00e9n es un centro Varilux Especialista por su gran especializaci\u00f3n en la adaptaci\u00f3n de lentes progresivas Varilux, con los \u00faltimos avances en tecnolog\u00eda \u00f3ptica de alta precisi\u00f3n, para beneficiar la adaptaci\u00f3n a la lente progresiva, ayud\u00e1ndote a elegir el progresivo que mejor se adapta a la montura que m\u00e1s te guste, a tu estilo de vida, a tus tareas visuales, para que la adaptaci\u00f3n al progresivo sea f\u00e1cil para ti te permita ver bien en todas las distancias que necesites: visi\u00f3n lejana, intermedia, cercana, etc&#8230;<\/p>\n<div><\/div>\n<div>Alcalde Juan Barranquero 1.<br \/>\n29700 V\u00e9lez-M\u00e1laga.<\/div>\n<div>\n<p>Tel\u00e9fono: 952 55 85 55<\/p>\n<\/div>\n<div>\n<p>&nbsp;<\/p>\n<p><a href=\"https:\/\/www.facebook.com\/OpticaliaLabao\/?fref=ts\" target=\"_blank\" rel=\"noopener\"><img loading=\"lazy\" decoding=\"async\" class=\"alignnone wp-image-863 size-full\" src=\"http:\/\/axarquiaonline.com\/wp-content\/uploads\/2016\/08\/Facebook_logo.png\" width=\"32\" height=\"32\" \/><\/a>\u00a0<a href=\"https:\/\/twitter.com\/OpticaliaLabao\" target=\"_blank\" rel=\"noopener\"><img loading=\"lazy\" decoding=\"async\" class=\"alignnone wp-image-864 size-full\" src=\"http:\/\/axarquiaonline.com\/wp-content\/uploads\/2016\/08\/Twitter_logo.png\" width=\"32\" height=\"32\" \/><\/a><\/p>\n<\/div>\n<div>\n<hr \/>\n<p><iframe loading=\"lazy\" style=\"border: 0;\" src=\"https:\/\/www.google.com\/maps\/embed?pb=!1m18!1m12!1m3!1d1359.1672395479681!2d-4.108921520357304!3d36.78178257467837!2m3!1f0!2f0!3f0!3m2!1i1024!2i768!4f13.1!3m3!1m2!1s0xd724726ea820a9f%3A0x3390c3ad989f2671!2sOPTICALIA+LABAO!5e0!3m2!1ses!2ses!4v1487264545657\" width=\"1400\" height=\"450\" frameborder=\"0\" allowfullscreen=\"allowfullscreen\"><\/iframe><\/p>\n<hr \/>\n<\/div>\n<p>&nbsp;<\/p>\n<p>&nbsp;<\/p>\n<div>\n<p><img loading=\"lazy\" decoding=\"async\" class=\"aligncenter wp-image-1447 size-large\" src=\"https:\/\/axarquiaonline.com\/wp-content\/uploads\/2017\/02\/cid_80892F18-8936-4733-AE69-0B9CE111CEB7-1024x768.jpg\" alt=\"\" width=\"1024\" height=\"768\" srcset=\"https:\/\/axarquiaonline.com\/wp-content\/uploads\/2017\/02\/cid_80892F18-8936-4733-AE69-0B9CE111CEB7-1024x768.jpg 1024w, https:\/\/axarquiaonline.com\/wp-content\/uploads\/2017\/02\/cid_80892F18-8936-4733-AE69-0B9CE111CEB7-300x225.jpg 300w, https:\/\/axarquiaonline.com\/wp-content\/uploads\/2017\/02\/cid_80892F18-8936-4733-AE69-0B9CE111CEB7-768x576.jpg 768w, https:\/\/axarquiaonline.com\/wp-content\/uploads\/2017\/02\/cid_80892F18-8936-4733-AE69-0B9CE111CEB7-624x468.jpg 624w, https:\/\/axarquiaonline.com\/wp-content\/uploads\/2017\/02\/cid_80892F18-8936-4733-AE69-0B9CE111CEB7-266x200.jpg 266w, https:\/\/axarquiaonline.com\/wp-content\/uploads\/2017\/02\/cid_80892F18-8936-4733-AE69-0B9CE111CEB7.jpg 1920w\" sizes=\"auto, (max-width: 1024px) 100vw, 1024px\" \/><\/p>\n<\/div>\n","protected":false},"excerpt":{"rendered":"<p>Labao Establecimiento Sanitario inicia su actividad profesional, en el mes de Julio del a\u00f1o 1999, en la calle Alcalde Jos\u00e9 Herrera de V\u00e9lez-M\u00e1laga, con la finalidad de prestar servicio de atenci\u00f3n primaria en el cuidado de la salud visual en la comarca de la Axarqu\u00eda. Durante a\u00f1os ha desarrollado actividades de prevenci\u00f3n de la visi\u00f3n &#8230; <a title=\"Labao. Establecimiento Sanitario\" class=\"read-more\" href=\"https:\/\/axarquiaonline.com\/index.php\/labao\/\" aria-label=\"Leer m\u00e1s sobre Labao. Establecimiento Sanitario\">Leer m\u00e1s<\/a><\/p>\n","protected":false},"author":1,"featured_media":0,"parent":0,"menu_order":0,"comment_status":"closed","ping_status":"closed","template":"","meta":{"_seopress_robots_primary_cat":"","_seopress_titles_title":"","_seopress_titles_desc":"","_seopress_robots_index":"","_exactmetrics_skip_tracking":false,"_exactmetrics_sitenote_active":false,"_exactmetrics_sitenote_note":"","_exactmetrics_sitenote_category":0,"footnotes":""},"class_list":["post-1444","page","type-page","status-publish"],"_links":{"self":[{"href":"https:\/\/axarquiaonline.com\/index.php\/wp-json\/wp\/v2\/pages\/1444","targetHints":{"allow":["GET"]}}],"collection":[{"href":"https:\/\/axarquiaonline.com\/index.php\/wp-json\/wp\/v2\/pages"}],"about":[{"href":"https:\/\/axarquiaonline.com\/index.php\/wp-json\/wp\/v2\/types\/page"}],"author":[{"embeddable":true,"href":"https:\/\/axarquiaonline.com\/index.php\/wp-json\/wp\/v2\/users\/1"}],"replies":[{"embeddable":true,"href":"https:\/\/axarquiaonline.com\/index.php\/wp-json\/wp\/v2\/comments?post=1444"}],"version-history":[{"count":21,"href":"https:\/\/axarquiaonline.com\/index.php\/wp-json\/wp\/v2\/pages\/1444\/revisions"}],"predecessor-version":[{"id":3499,"href":"https:\/\/axarquiaonline.com\/index.php\/wp-json\/wp\/v2\/pages\/1444\/revisions\/3499"}],"wp:attachment":[{"href":"https:\/\/axarquiaonline.com\/index.php\/wp-json\/wp\/v2\/media?parent=1444"}],"curies":[{"name":"wp","href":"https:\/\/api.w.org\/{rel}","templated":true}]}}